{"id":30874,"date":"2026-02-27T00:11:34","date_gmt":"2026-02-27T00:11:34","guid":{"rendered":"https:\/\/nordicmart.andreevmaster.com\/product\/songmics-taitettava-tikkaat-3-askelmaa\/"},"modified":"2026-02-27T09:34:48","modified_gmt":"2026-02-27T09:34:48","slug":"songmics-taitettava-tikkaat-3-askelmaa","status":"publish","type":"product","link":"https:\/\/nordicmart.andreevmaster.com\/fi\/tuote\/songmics-taitettava-tikkaat-3-askelmaa\/","title":{"rendered":"SONGMICS taitettava tikkaat, 3 askelmaa"},"content":{"rendered":"<p>Tuotetiedot: V\u00e4ri: hopea-musta-oranssi Materiaali: alumiini, muovi Koko avattuna: 43 x 60 x 60 cm (P x L x K) Koko taitettuna: 43 x 22 x 67 cm (P x L x K) Porrasleveys: 12 cm Paino: 3,5 kg Maks. staattinen kantavuus: 150 kg Toimitus sis\u00e4lt\u00e4\u00e4: 1 x tikkaat 1 x k\u00e4ytt\u00f6ohje (DE, EN, FR, ES, IT) SONGMICS Huomautukset: K\u00e4yt\u00e4 tuotetta tasaisella alustalla.\u00c4l\u00e4 k\u00e4yt\u00e4 tikkaita, jos lattialla on \u00f6ljy\u00e4 tai vett\u00e4. \u00c4l\u00e4 nouse ylimm\u00e4lle askelmalle.<\/p>\n","protected":false},"excerpt":{"rendered":"<p>SONGMICS alumiininen tikkaat, monik\u00e4ytt\u00f6iset tikkaat, kantavuus 150 kg, 3 askelmaa, T\u00dcV Rheinlandin testaama DIN EN14183 -standardin mukaisesti GLT23K<\/p>\n","protected":false},"featured_media":40086,"comment_status":"open","ping_status":"closed","template":"","meta":[],"product_brand":[],"product_cat":[32],"product_tag":[],"class_list":{"0":"post-30874","1":"product","2":"type-product","3":"status-publish","4":"has-post-thumbnail","6":"product_cat-uncategorized-fi","8":"first","9":"instock","10":"shipping-taxable","11":"purchasable","12":"product-type-simple"},"_links":{"self":[{"href":"https:\/\/nordicmart.andreevmaster.com\/fi\/wp-json\/wp\/v2\/product\/30874","targetHints":{"allow":["GET"]}}],"collection":[{"href":"https:\/\/nordicmart.andreevmaster.com\/fi\/wp-json\/wp\/v2\/product"}],"about":[{"href":"https:\/\/nordicmart.andreevmaster.com\/fi\/wp-json\/wp\/v2\/types\/product"}],"replies":[{"embeddable":true,"href":"https:\/\/nordicmart.andreevmaster.com\/fi\/wp-json\/wp\/v2\/comments?post=30874"}],"wp:featuredmedia":[{"embeddable":true,"href":"https:\/\/nordicmart.andreevmaster.com\/fi\/wp-json\/wp\/v2\/media\/40086"}],"wp:attachment":[{"href":"https:\/\/nordicmart.andreevmaster.com\/fi\/wp-json\/wp\/v2\/media?parent=30874"}],"wp:term":[{"taxonomy":"product_brand","embeddable":true,"href":"https:\/\/nordicmart.andreevmaster.com\/fi\/wp-json\/wp\/v2\/product_brand?post=30874"},{"taxonomy":"product_cat","embeddable":true,"href":"https:\/\/nordicmart.andreevmaster.com\/fi\/wp-json\/wp\/v2\/product_cat?post=30874"},{"taxonomy":"product_tag","embeddable":true,"href":"https:\/\/nordicmart.andreevmaster.com\/fi\/wp-json\/wp\/v2\/product_tag?post=30874"}],"curies":[{"name":"wp","href":"https:\/\/api.w.org\/{rel}","templated":true}]}}