{"id":30873,"date":"2026-02-27T00:11:34","date_gmt":"2026-02-27T00:11:34","guid":{"rendered":"https:\/\/nordicmart.andreevmaster.com\/product\/songmics-kotitalous-tikkaat-5-porrasta\/"},"modified":"2026-02-27T09:34:48","modified_gmt":"2026-02-27T09:34:48","slug":"songmics-kotitalous-tikkaat-5-porrasta","status":"publish","type":"product","link":"https:\/\/nordicmart.andreevmaster.com\/fi\/tuote\/songmics-kotitalous-tikkaat-5-porrasta\/","title":{"rendered":"SONGMICS kotitalous tikkaat 5 porrasta"},"content":{"rendered":"<p>Turvalliset jalkakupit Suojaavat lattiaasi naarmuilta k\u00e4yt\u00f6n tai siirt\u00e4misen aikana. Kest\u00e4v\u00e4 Valmistettu korkealaatuisesta alumiinista, joka on kest\u00e4v\u00e4 ja pitk\u00e4ik\u00e4inen ja takaa lujuuden ja vakauden. Maksimikantavuus on 150 kg, mik\u00e4 vastaa useimpien ihmisten tarpeita. Voit olla varma, ett\u00e4 voit k\u00e4ytt\u00e4\u00e4 sit\u00e4. Luistamaton: Luistamaton, uritettu askelma lis\u00e4\u00e4 kitkaa kenkien ja tikkaiden v\u00e4lill\u00e4 ja takaa henkil\u00f6kohtaisen turvallisuuden. Tuotetiedot: &#8211; Mitat kokoontaitettuna: 46 x 176 x 12 cm (L x K x S) &#8211; Mitat avattuna: 48 x 165 x 102 cm (L x K x S) &#8211; Tasojen korkeus: 104 cm &#8211; Askelmien v\u00e4linen et\u00e4isyys ylh\u00e4\u00e4lt\u00e4 alas: 16\/19\/19\/23 cm &#8211; Askelman syvyys: 8 cm &#8211; Tasojen syvyys: 25 cm &#8211; Nettopaino: 4,8 kg &#8211; Materiaali: alumiiniToimitus sis\u00e4lt\u00e4\u00e4:- 1 x tikkaat Huomautukset:- \u00c4l\u00e4 k\u00e4yt\u00e4 tikkaita pehme\u00e4ll\u00e4 tai ep\u00e4vakaalla alustalla.- Varmista, ett\u00e4 lattia on kuiva. Tikkaita ei saa k\u00e4ytt\u00e4\u00e4 liukkaalla alustalla.- Aseta tikkaat vain tasaiselle alustalle.<\/p>\n","protected":false},"excerpt":{"rendered":"<p>SONGMICS 5-askelmainen tikkaat, alumiinitikkaat, luistamattomat tikkaat, kokoontaitettavat tikkaat, kantavuus 150 kg, T\u00dcV S\u00dcD -testattu EN131-standardin mukaisesti GLT159<\/p>\n","protected":false},"featured_media":40085,"comment_status":"open","ping_status":"closed","template":"","meta":[],"product_brand":[],"product_cat":[32],"product_tag":[],"class_list":{"0":"post-30873","1":"product","2":"type-product","3":"status-publish","4":"has-post-thumbnail","6":"product_cat-uncategorized-fi","8":"first","9":"instock","10":"shipping-taxable","11":"purchasable","12":"product-type-simple"},"_links":{"self":[{"href":"https:\/\/nordicmart.andreevmaster.com\/fi\/wp-json\/wp\/v2\/product\/30873","targetHints":{"allow":["GET"]}}],"collection":[{"href":"https:\/\/nordicmart.andreevmaster.com\/fi\/wp-json\/wp\/v2\/product"}],"about":[{"href":"https:\/\/nordicmart.andreevmaster.com\/fi\/wp-json\/wp\/v2\/types\/product"}],"replies":[{"embeddable":true,"href":"https:\/\/nordicmart.andreevmaster.com\/fi\/wp-json\/wp\/v2\/comments?post=30873"}],"wp:featuredmedia":[{"embeddable":true,"href":"https:\/\/nordicmart.andreevmaster.com\/fi\/wp-json\/wp\/v2\/media\/40085"}],"wp:attachment":[{"href":"https:\/\/nordicmart.andreevmaster.com\/fi\/wp-json\/wp\/v2\/media?parent=30873"}],"wp:term":[{"taxonomy":"product_brand","embeddable":true,"href":"https:\/\/nordicmart.andreevmaster.com\/fi\/wp-json\/wp\/v2\/product_brand?post=30873"},{"taxonomy":"product_cat","embeddable":true,"href":"https:\/\/nordicmart.andreevmaster.com\/fi\/wp-json\/wp\/v2\/product_cat?post=30873"},{"taxonomy":"product_tag","embeddable":true,"href":"https:\/\/nordicmart.andreevmaster.com\/fi\/wp-json\/wp\/v2\/product_tag?post=30873"}],"curies":[{"name":"wp","href":"https:\/\/api.w.org\/{rel}","templated":true}]}}