{"id":30872,"date":"2026-02-27T00:11:34","date_gmt":"2026-02-27T00:11:34","guid":{"rendered":"https:\/\/nordicmart.andreevmaster.com\/product\/songmics-kotitalous-tikkaat-4-porrasta\/"},"modified":"2026-02-27T09:34:48","modified_gmt":"2026-02-27T09:34:48","slug":"songmics-kotitalous-tikkaat-4-porrasta","status":"publish","type":"product","link":"https:\/\/nordicmart.andreevmaster.com\/fi\/tuote\/songmics-kotitalous-tikkaat-4-porrasta\/","title":{"rendered":"SONGMICS kotitalous tikkaat 4 porrasta"},"content":{"rendered":"<p>Tuotetiedot: &#8211; Mitat avattuna: 43 x 130 x 75 cm (L x K x S) &#8211; Mitat kokoontaitettuna: 43 x 138 x 11 cm (L x K x S) &#8211; Tasojen korkeus: 78 cm &#8211; Porrasv\u00e4li ylh\u00e4\u00e4lt\u00e4 alas: 16\/19\/19\/23 cm &#8211; Askelman syvyys: 8 cm &#8211; Tasanteen syvyys: 25 cm &#8211; Nettopaino: 3,45 kg &#8211; Materiaali: alumiini  Toimitus sis\u00e4lt\u00e4\u00e4: &#8211; 1 x tikkaat Huomautukset: &#8211; \u00c4l\u00e4 k\u00e4yt\u00e4 tikkaita pehme\u00e4ll\u00e4 tai ep\u00e4vakaalla alustalla. &#8211; Varmista, ett\u00e4 lattia on kuiva. Tikkaita ei saa k\u00e4ytt\u00e4\u00e4 liukkaalla alustalla. &#8211; Aseta tikkaat vain tasaiselle alustalle.<\/p>\n","protected":false},"excerpt":{"rendered":"<p>SONGMICS tikkaat 4 askelmaa, kotitaloustikkaat, alumiinitikkaat, luistamattomat tikkaat, taitettavat tikkaat GLT140<\/p>\n","protected":false},"featured_media":40084,"comment_status":"open","ping_status":"closed","template":"","meta":[],"product_brand":[],"product_cat":[32],"product_tag":[],"class_list":{"0":"post-30872","1":"product","2":"type-product","3":"status-publish","4":"has-post-thumbnail","6":"product_cat-uncategorized-fi","8":"first","9":"instock","10":"shipping-taxable","11":"purchasable","12":"product-type-simple"},"_links":{"self":[{"href":"https:\/\/nordicmart.andreevmaster.com\/fi\/wp-json\/wp\/v2\/product\/30872","targetHints":{"allow":["GET"]}}],"collection":[{"href":"https:\/\/nordicmart.andreevmaster.com\/fi\/wp-json\/wp\/v2\/product"}],"about":[{"href":"https:\/\/nordicmart.andreevmaster.com\/fi\/wp-json\/wp\/v2\/types\/product"}],"replies":[{"embeddable":true,"href":"https:\/\/nordicmart.andreevmaster.com\/fi\/wp-json\/wp\/v2\/comments?post=30872"}],"wp:featuredmedia":[{"embeddable":true,"href":"https:\/\/nordicmart.andreevmaster.com\/fi\/wp-json\/wp\/v2\/media\/40084"}],"wp:attachment":[{"href":"https:\/\/nordicmart.andreevmaster.com\/fi\/wp-json\/wp\/v2\/media?parent=30872"}],"wp:term":[{"taxonomy":"product_brand","embeddable":true,"href":"https:\/\/nordicmart.andreevmaster.com\/fi\/wp-json\/wp\/v2\/product_brand?post=30872"},{"taxonomy":"product_cat","embeddable":true,"href":"https:\/\/nordicmart.andreevmaster.com\/fi\/wp-json\/wp\/v2\/product_cat?post=30872"},{"taxonomy":"product_tag","embeddable":true,"href":"https:\/\/nordicmart.andreevmaster.com\/fi\/wp-json\/wp\/v2\/product_tag?post=30872"}],"curies":[{"name":"wp","href":"https:\/\/api.w.org\/{rel}","templated":true}]}}