{"id":30870,"date":"2026-02-27T00:11:33","date_gmt":"2026-02-27T00:11:33","guid":{"rendered":"https:\/\/nordicmart.andreevmaster.com\/product\/songmics-5-askelmainen-tikkaat\/"},"modified":"2026-02-27T09:34:47","modified_gmt":"2026-02-27T09:34:47","slug":"songmics-5-askelmainen-tikkaat","status":"publish","type":"product","link":"https:\/\/nordicmart.andreevmaster.com\/fi\/tuote\/songmics-5-askelmainen-tikkaat\/","title":{"rendered":"SONGMICS 5-askelmainen tikkaat"},"content":{"rendered":"<p>Ominaisuudet: &#8211; V\u00e4ri: metallinharmaa, musta, oranssi. &#8211; Materiaali: alumiini, muovi. &#8211; Mitat kokoontaitettuna: 46 x 12 x 178 cm (P x L x K). &#8211; Mitat avattuna: 46 x 100 x 164 cm (P x L x K). &#8211; Paino: 5,2 kg. &#8211; Kantavuus: 150 kg. Toimitus sis\u00e4lt\u00e4\u00e4: &#8211; 1 x tikkaat. &#8211; 1 x asennusohjeet (FR, DE, EN, ES, IT) Varotoimet: &#8211; Tarkista tikkaiden kunto ennen k\u00e4ytt\u00f6\u00e4. Vaurioitunutta tuotetta ei saa miss\u00e4\u00e4n tapauksessa k\u00e4ytt\u00e4\u00e4. &#8211; \u00c4l\u00e4 k\u00e4yt\u00e4 tikkaita, jos lattialla on \u00f6ljy\u00e4, vett\u00e4 tai muita kosteita tai liukkaita aineita.- Raskaana olevat naiset ja liikuntarajoitteiset henkil\u00f6t eiv\u00e4t saa k\u00e4ytt\u00e4\u00e4 tikkaita. Tuotekuvaus<\/p>\n","protected":false},"excerpt":{"rendered":"<p>SONGMICS 5-askelmainen tikkaat, tikkaat, taitettavat, seisontatikkaat, alumiinitikkaat, 13 cm leve\u00e4t askelmat, luistamattomat, kantavuus 150 kg, vastaa standardia EN 131, musta-oranssi GLT05BK<\/p>\n","protected":false},"featured_media":40082,"comment_status":"open","ping_status":"closed","template":"","meta":[],"product_brand":[],"product_cat":[32],"product_tag":[],"class_list":{"0":"post-30870","1":"product","2":"type-product","3":"status-publish","4":"has-post-thumbnail","6":"product_cat-uncategorized-fi","8":"first","9":"instock","10":"shipping-taxable","11":"purchasable","12":"product-type-simple"},"_links":{"self":[{"href":"https:\/\/nordicmart.andreevmaster.com\/fi\/wp-json\/wp\/v2\/product\/30870","targetHints":{"allow":["GET"]}}],"collection":[{"href":"https:\/\/nordicmart.andreevmaster.com\/fi\/wp-json\/wp\/v2\/product"}],"about":[{"href":"https:\/\/nordicmart.andreevmaster.com\/fi\/wp-json\/wp\/v2\/types\/product"}],"replies":[{"embeddable":true,"href":"https:\/\/nordicmart.andreevmaster.com\/fi\/wp-json\/wp\/v2\/comments?post=30870"}],"wp:featuredmedia":[{"embeddable":true,"href":"https:\/\/nordicmart.andreevmaster.com\/fi\/wp-json\/wp\/v2\/media\/40082"}],"wp:attachment":[{"href":"https:\/\/nordicmart.andreevmaster.com\/fi\/wp-json\/wp\/v2\/media?parent=30870"}],"wp:term":[{"taxonomy":"product_brand","embeddable":true,"href":"https:\/\/nordicmart.andreevmaster.com\/fi\/wp-json\/wp\/v2\/product_brand?post=30870"},{"taxonomy":"product_cat","embeddable":true,"href":"https:\/\/nordicmart.andreevmaster.com\/fi\/wp-json\/wp\/v2\/product_cat?post=30870"},{"taxonomy":"product_tag","embeddable":true,"href":"https:\/\/nordicmart.andreevmaster.com\/fi\/wp-json\/wp\/v2\/product_tag?post=30870"}],"curies":[{"name":"wp","href":"https:\/\/api.w.org\/{rel}","templated":true}]}}