{"id":30869,"date":"2026-02-27T00:11:33","date_gmt":"2026-02-27T00:11:33","guid":{"rendered":"https:\/\/nordicmart.andreevmaster.com\/product\/songmics-4-askelmainen-tikkaat\/"},"modified":"2026-02-27T09:34:47","modified_gmt":"2026-02-27T09:34:47","slug":"songmics-4-askelmainen-tikkaat","status":"publish","type":"product","link":"https:\/\/nordicmart.andreevmaster.com\/fi\/tuote\/songmics-4-askelmainen-tikkaat\/","title":{"rendered":"SONGMICS 4-askelmainen tikkaat"},"content":{"rendered":"<p>Haluatko vaihtaa lampun, ripustaa verhot, leikata pensasaitaa tai tapetoida sein\u00e4t? Silloin t\u00e4m\u00e4 143 cm korkea taitettava tikkaat on juuri oikea valinta. Ota vain 4,4 kg painava tikkaat varastosta, taita ne auki ja aseta ne tasaiselle alustalle \u2013 ja jo voitkin nousta korkeuksiin! SONGMICS:n 4-askelmaisen tikkaiden edut: &#8211; Erityisen leve\u00e4t askelmat (12 cm) &#8211; Kaikki 4 askelmaa on jauhemaalattu ja varustettu luistamattomalla urituksella &#8211; Varustettu integroidulla ty\u00f6kalualustalla &#8211; TPR (thermoplastic rubber) luistamattomat kumikorkit jaloissa &#8211; Vakaa alumiinirunko; erityisen tukeva &#8211; Alumiininen tikkaat on eritt\u00e4in kevyt (vain 4,4 kg) Tuotetiedot: &#8211; V\u00e4ri: hopea-musta-oranssi &#8211; Materiaali: alumiini, muovi &#8211; Koko kokoontaitettuna: 44 x 12 x 156 cm (P x L x K) &#8211; Koko avattuna: 44 x 83,5 x 143 cm (P x L x K) &#8211; Paino: 4,4 kg &#8211; Maks. staattinen kantavuus: 150 kg Toimitus sis\u00e4lt\u00e4\u00e4: &#8211; 1 x kotitalous tikkaat &#8211; 1 x k\u00e4ytt\u00f6ohje (DE, EN, FR, ES, IT) SONGMICS Huomautukset:- Varmista, ett\u00e4 tikkaat ovat ehj\u00e4t ennen k\u00e4ytt\u00f6\u00e4. &#8211; \u00c4l\u00e4 k\u00e4yt\u00e4 tikkaita, jos lattialla on \u00f6ljy\u00e4 tai vett\u00e4. &#8211; Raskaana olevat naiset sek\u00e4 henkil\u00f6t, joilla on vammoja tai muita fyysisi\u00e4 rajoitteita, eiv\u00e4t saa k\u00e4ytt\u00e4\u00e4 n\u00e4it\u00e4 tikkaita.<\/p>\n","protected":false},"excerpt":{"rendered":"<p>SONGMICS tikkaat 4 porrasta, alumiinitikkaat, 12 cm leve\u00e4t porrasaskelmat, seisontatikkaat, ty\u00f6kalualusta, taitettavat tikkaat, luistamattomat, maks. staattinen kantavuus 150 kg, T\u00dcV Rheinland GS-sertifikaatti, t\u00e4ytt\u00e4\u00e4 EN131-standardin vaatimukset GLT04BK<\/p>\n","protected":false},"featured_media":40081,"comment_status":"open","ping_status":"closed","template":"","meta":[],"product_brand":[],"product_cat":[32],"product_tag":[],"class_list":{"0":"post-30869","1":"product","2":"type-product","3":"status-publish","4":"has-post-thumbnail","6":"product_cat-uncategorized-fi","8":"first","9":"instock","10":"shipping-taxable","11":"purchasable","12":"product-type-simple"},"_links":{"self":[{"href":"https:\/\/nordicmart.andreevmaster.com\/fi\/wp-json\/wp\/v2\/product\/30869","targetHints":{"allow":["GET"]}}],"collection":[{"href":"https:\/\/nordicmart.andreevmaster.com\/fi\/wp-json\/wp\/v2\/product"}],"about":[{"href":"https:\/\/nordicmart.andreevmaster.com\/fi\/wp-json\/wp\/v2\/types\/product"}],"replies":[{"embeddable":true,"href":"https:\/\/nordicmart.andreevmaster.com\/fi\/wp-json\/wp\/v2\/comments?post=30869"}],"wp:featuredmedia":[{"embeddable":true,"href":"https:\/\/nordicmart.andreevmaster.com\/fi\/wp-json\/wp\/v2\/media\/40081"}],"wp:attachment":[{"href":"https:\/\/nordicmart.andreevmaster.com\/fi\/wp-json\/wp\/v2\/media?parent=30869"}],"wp:term":[{"taxonomy":"product_brand","embeddable":true,"href":"https:\/\/nordicmart.andreevmaster.com\/fi\/wp-json\/wp\/v2\/product_brand?post=30869"},{"taxonomy":"product_cat","embeddable":true,"href":"https:\/\/nordicmart.andreevmaster.com\/fi\/wp-json\/wp\/v2\/product_cat?post=30869"},{"taxonomy":"product_tag","embeddable":true,"href":"https:\/\/nordicmart.andreevmaster.com\/fi\/wp-json\/wp\/v2\/product_tag?post=30869"}],"curies":[{"name":"wp","href":"https:\/\/api.w.org\/{rel}","templated":true}]}}