{"id":30868,"date":"2026-02-27T00:11:33","date_gmt":"2026-02-27T00:11:33","guid":{"rendered":"https:\/\/nordicmart.andreevmaster.com\/product\/songmics-alumiininen-tikkaat\/"},"modified":"2026-02-27T09:34:47","modified_gmt":"2026-02-27T09:34:47","slug":"songmics-alumiininen-tikkaat","status":"publish","type":"product","link":"https:\/\/nordicmart.andreevmaster.com\/fi\/tuote\/songmics-alumiininen-tikkaat\/","title":{"rendered":"SONGMICS alumiininen tikkaat"},"content":{"rendered":"<p>Songmics-taitettavan tikkaan edut: Voidaan k\u00e4ytt\u00e4\u00e4 jatketikkaana ja nojaustikkaana. Turvalukot liitoksessa ja askelmissa lis\u00e4\u00e4v\u00e4t turvallisuutta. Askelmien pinnassa olevat luistamattomat urat est\u00e4v\u00e4t liukastumisen. Luistamattomat kumijalat lis\u00e4\u00e4v\u00e4t vakautta. Laadukas alumiini takaa kest\u00e4vyyden. Alumiinitikkaiden paino on vain 16 kg. Taitettava, helppo kuljettaa ja varastoida tilaa s\u00e4\u00e4st\u00e4en. Kantavuus enint\u00e4\u00e4n 150 kg. Tuotetiedot: V\u00e4ri: hopeankeltainen Materiaali: alumiini Koko taitettuna: 41,5 x 21,5 x 149,5 cm (P x L x K). Suurin korkeus suorana nojausportaana: 4,6 m Suurin korkeus A-muotoisena porrasportaana: 2,2 m Paino: 16 kg. Suurin staattinen kantavuus: 150 kg. Pakkauksen sis\u00e4lt\u00f6: 1 x tikkaat, 1 x k\u00e4ytt\u00f6ohje (saksa, englanti, ranska, espanja, italia). Songmicsin huomautukset: Lapset eiv\u00e4t saa k\u00e4ytt\u00e4\u00e4 tuotetta. \u00c4l\u00e4 k\u00e4yt\u00e4 tuotetta, jos lattialla on \u00f6ljy\u00e4. \u00c4l\u00e4 k\u00e4yt\u00e4 tuotetta ep\u00e4tasaisella tai liukkaalla alustalla. Varmista ennen k\u00e4ytt\u00f6\u00e4, ett\u00e4 lukot ovat kunnolla kiinni, jotta tikkaat eiv\u00e4t luiskahda.<\/p>\n","protected":false},"excerpt":{"rendered":"<p>SONGMICS alumiininen tikkaat, taitettavat tikkaat, teleskooppitikkaat, A-muotoiset, kaksipuoliset, korkeintaan 4,6 m, kantavuus enint\u00e4\u00e4n 150 kg, hopeanv\u00e4riset-keltaiset GLT046M01<\/p>\n","protected":false},"featured_media":40080,"comment_status":"open","ping_status":"closed","template":"","meta":[],"product_brand":[],"product_cat":[32],"product_tag":[],"class_list":{"0":"post-30868","1":"product","2":"type-product","3":"status-publish","4":"has-post-thumbnail","6":"product_cat-uncategorized-fi","8":"first","9":"instock","10":"shipping-taxable","11":"purchasable","12":"product-type-simple"},"_links":{"self":[{"href":"https:\/\/nordicmart.andreevmaster.com\/fi\/wp-json\/wp\/v2\/product\/30868","targetHints":{"allow":["GET"]}}],"collection":[{"href":"https:\/\/nordicmart.andreevmaster.com\/fi\/wp-json\/wp\/v2\/product"}],"about":[{"href":"https:\/\/nordicmart.andreevmaster.com\/fi\/wp-json\/wp\/v2\/types\/product"}],"replies":[{"embeddable":true,"href":"https:\/\/nordicmart.andreevmaster.com\/fi\/wp-json\/wp\/v2\/comments?post=30868"}],"wp:featuredmedia":[{"embeddable":true,"href":"https:\/\/nordicmart.andreevmaster.com\/fi\/wp-json\/wp\/v2\/media\/40080"}],"wp:attachment":[{"href":"https:\/\/nordicmart.andreevmaster.com\/fi\/wp-json\/wp\/v2\/media?parent=30868"}],"wp:term":[{"taxonomy":"product_brand","embeddable":true,"href":"https:\/\/nordicmart.andreevmaster.com\/fi\/wp-json\/wp\/v2\/product_brand?post=30868"},{"taxonomy":"product_cat","embeddable":true,"href":"https:\/\/nordicmart.andreevmaster.com\/fi\/wp-json\/wp\/v2\/product_cat?post=30868"},{"taxonomy":"product_tag","embeddable":true,"href":"https:\/\/nordicmart.andreevmaster.com\/fi\/wp-json\/wp\/v2\/product_tag?post=30868"}],"curies":[{"name":"wp","href":"https:\/\/api.w.org\/{rel}","templated":true}]}}