{"id":30867,"date":"2026-02-27T00:11:33","date_gmt":"2026-02-27T00:11:33","guid":{"rendered":"https:\/\/nordicmart.andreevmaster.com\/product\/songmics-16-askelmainen-tikkaat-6-asentoa-pituus-430-cm-hopea\/"},"modified":"2026-02-27T09:34:47","modified_gmt":"2026-02-27T09:34:47","slug":"songmics-16-askelmainen-tikkaat-6-asentoa-pituus-430-cm-hopea","status":"publish","type":"product","link":"https:\/\/nordicmart.andreevmaster.com\/fi\/tuote\/songmics-16-askelmainen-tikkaat-6-asentoa-pituus-430-cm-hopea\/","title":{"rendered":"SONGMICS 16-askelmainen tikkaat, 6 asentoa, pituus 430 cm, hopea"},"content":{"rendered":"<p>SONGMICS alumiininen tikkaat, taitettavat tikkaat, teleskooppitikkaat, A-muotoiset, kaksipuoliset, korkeintaan 4,6 m, kantavuus enint\u00e4\u00e4n 150 kg, hopeanv\u00e4riset-keltaiset GLT046M01<br \/>\nV\u00e4ri: hopea<br \/>\nMateriaali: alumiini<br \/>\nKoko avattuna (tukijalat mukaan lukien): 76 x 430,7\u00b14,5 cm (L x K)<br \/>\nKoko taitettuna (ilman tukijalkoja): 27 x 33 x 116,1\u00b10,5 cm (S x L x K)<br \/>\nKoko A-muotoisena tikkaana: 141,3\u00b13,5 x 76 x 209,2\u00b11,5 cm (S x L x K)<br \/>\nPorrasaskelman poikkileikkaus: 2,7 x 2,7 cm<br \/>\nAskelman pituus: 28,3 cm<br \/>\nPorrasv\u00e4li: 23,2 cm<br \/>\nPaino: 13 kg<br \/>\nMaks. staattinen kantavuus: 150 kg<\/p>\n","protected":false},"excerpt":{"rendered":"<p>SONGMICS alumiininen tikkaat, taitettavat tikkaat, teleskooppitikkaat, A-muotoiset, kaksipuoliset, korkeintaan 4,6 m, kantavuus enint\u00e4\u00e4n 150 kg, hopeanv\u00e4riset-keltaiset GLT046M01<\/p>\n","protected":false},"featured_media":40079,"comment_status":"open","ping_status":"closed","template":"","meta":[],"product_brand":[],"product_cat":[32],"product_tag":[],"class_list":{"0":"post-30867","1":"product","2":"type-product","3":"status-publish","4":"has-post-thumbnail","6":"product_cat-uncategorized-fi","8":"first","9":"instock","10":"shipping-taxable","11":"purchasable","12":"product-type-simple"},"_links":{"self":[{"href":"https:\/\/nordicmart.andreevmaster.com\/fi\/wp-json\/wp\/v2\/product\/30867","targetHints":{"allow":["GET"]}}],"collection":[{"href":"https:\/\/nordicmart.andreevmaster.com\/fi\/wp-json\/wp\/v2\/product"}],"about":[{"href":"https:\/\/nordicmart.andreevmaster.com\/fi\/wp-json\/wp\/v2\/types\/product"}],"replies":[{"embeddable":true,"href":"https:\/\/nordicmart.andreevmaster.com\/fi\/wp-json\/wp\/v2\/comments?post=30867"}],"wp:featuredmedia":[{"embeddable":true,"href":"https:\/\/nordicmart.andreevmaster.com\/fi\/wp-json\/wp\/v2\/media\/40079"}],"wp:attachment":[{"href":"https:\/\/nordicmart.andreevmaster.com\/fi\/wp-json\/wp\/v2\/media?parent=30867"}],"wp:term":[{"taxonomy":"product_brand","embeddable":true,"href":"https:\/\/nordicmart.andreevmaster.com\/fi\/wp-json\/wp\/v2\/product_brand?post=30867"},{"taxonomy":"product_cat","embeddable":true,"href":"https:\/\/nordicmart.andreevmaster.com\/fi\/wp-json\/wp\/v2\/product_cat?post=30867"},{"taxonomy":"product_tag","embeddable":true,"href":"https:\/\/nordicmart.andreevmaster.com\/fi\/wp-json\/wp\/v2\/product_tag?post=30867"}],"curies":[{"name":"wp","href":"https:\/\/api.w.org\/{rel}","templated":true}]}}