{"id":30866,"date":"2026-02-27T00:11:32","date_gmt":"2026-02-27T00:11:32","guid":{"rendered":"https:\/\/nordicmart.andreevmaster.com\/product\/songmics-3-askelmainen-tikkaat\/"},"modified":"2026-02-27T09:34:47","modified_gmt":"2026-02-27T09:34:47","slug":"songmics-3-askelmainen-tikkaat","status":"publish","type":"product","link":"https:\/\/nordicmart.andreevmaster.com\/fi\/tuote\/songmics-3-askelmainen-tikkaat\/","title":{"rendered":"SONGMICS 3-askelmainen tikkaat"},"content":{"rendered":"<p>Tuotetiedot: V\u00e4ri: hopea-musta-oranssi Materiaali: alumiini, muovi Koko avattuna: 42 x 56 x 122 cm (P x L x K) Koko taitettuna: 42 x 12 x 130 cm (P x L x K) Askelmien leveys: 12 cm Paino: 3,9 kg Maks. staattinen kantavuus: 150 kg   Toimitus sis\u00e4lt\u00e4\u00e4: 1 x tikkaat 1 x k\u00e4ytt\u00f6ohje (DE, EN, FR, ES, IT) SONGMICS Huomautukset: K\u00e4yt\u00e4 tuotetta tasaisella alustalla.\u00c4l\u00e4 k\u00e4yt\u00e4 tikkaita, jos lattialla on \u00f6ljy\u00e4 tai vett\u00e4. \u00c4l\u00e4 nouse ylimm\u00e4lle askelmalle.<\/p>\n","protected":false},"excerpt":{"rendered":"<p>SONGMICS 3-askelmainen tikkaat, alumiinitikkaat, 12 cm leve\u00e4t askelmat, liukumaton pohja, k\u00e4sijohde ja ty\u00f6kalukori, maks. kantavuus 150 kg, T\u00dcV Rheinland -testattu, hopea GLT03BK<\/p>\n","protected":false},"featured_media":40078,"comment_status":"open","ping_status":"closed","template":"","meta":[],"product_brand":[],"product_cat":[32],"product_tag":[],"class_list":{"0":"post-30866","1":"product","2":"type-product","3":"status-publish","4":"has-post-thumbnail","6":"product_cat-uncategorized-fi","8":"first","9":"instock","10":"shipping-taxable","11":"purchasable","12":"product-type-simple"},"_links":{"self":[{"href":"https:\/\/nordicmart.andreevmaster.com\/fi\/wp-json\/wp\/v2\/product\/30866","targetHints":{"allow":["GET"]}}],"collection":[{"href":"https:\/\/nordicmart.andreevmaster.com\/fi\/wp-json\/wp\/v2\/product"}],"about":[{"href":"https:\/\/nordicmart.andreevmaster.com\/fi\/wp-json\/wp\/v2\/types\/product"}],"replies":[{"embeddable":true,"href":"https:\/\/nordicmart.andreevmaster.com\/fi\/wp-json\/wp\/v2\/comments?post=30866"}],"wp:featuredmedia":[{"embeddable":true,"href":"https:\/\/nordicmart.andreevmaster.com\/fi\/wp-json\/wp\/v2\/media\/40078"}],"wp:attachment":[{"href":"https:\/\/nordicmart.andreevmaster.com\/fi\/wp-json\/wp\/v2\/media?parent=30866"}],"wp:term":[{"taxonomy":"product_brand","embeddable":true,"href":"https:\/\/nordicmart.andreevmaster.com\/fi\/wp-json\/wp\/v2\/product_brand?post=30866"},{"taxonomy":"product_cat","embeddable":true,"href":"https:\/\/nordicmart.andreevmaster.com\/fi\/wp-json\/wp\/v2\/product_cat?post=30866"},{"taxonomy":"product_tag","embeddable":true,"href":"https:\/\/nordicmart.andreevmaster.com\/fi\/wp-json\/wp\/v2\/product_tag?post=30866"}],"curies":[{"name":"wp","href":"https:\/\/api.w.org\/{rel}","templated":true}]}}