{"id":30864,"date":"2026-02-27T00:11:32","date_gmt":"2026-02-27T00:11:32","guid":{"rendered":"https:\/\/nordicmart.andreevmaster.com\/product\/songmics-2-askelmainen-tikkaat\/"},"modified":"2026-02-27T09:34:46","modified_gmt":"2026-02-27T09:34:46","slug":"songmics-2-askelmainen-tikkaat","status":"publish","type":"product","link":"https:\/\/nordicmart.andreevmaster.com\/fi\/tuote\/songmics-2-askelmainen-tikkaat\/","title":{"rendered":"SONGMICS 2-askelmainen tikkaat"},"content":{"rendered":"<p>Tuotetiedot: V\u00e4ri: hopea Materiaali: alumiiniseos Koko avattuna: 48 x 44 x 66 cm (S x L x K) Paksuus kokoontaitettuna: 4 cm Paino: 3,3 kg Maks. staattinen kantavuus: 150 kg Toimitus sis\u00e4lt\u00e4\u00e4: 1 x kotitalous tikkaat 1 x ohjeet SONGMICS Huomautukset:Varmista, ett\u00e4 tikkaat ovat ehj\u00e4t ennen k\u00e4ytt\u00f6\u00e4. \u00c4l\u00e4 k\u00e4yt\u00e4 tikkaita, jos lattialla on \u00f6ljy\u00e4 tai vett\u00e4. Raskaana olevat naiset sek\u00e4 henkil\u00f6t, joilla on vammoja tai muita fyysisi\u00e4 rajoitteita, eiv\u00e4t saa k\u00e4ytt\u00e4\u00e4 n\u00e4it\u00e4 tikkaita.<\/p>\n","protected":false},"excerpt":{"rendered":"<p>SONGMICS tikkaat 2 porrasta, tikkaat, taitettavat, luistamattomat, kantavuus 150 kg, taitettavat tikkaat, seisontatikkaat, pienet tikkaat, hopeiset GLT022B01<\/p>\n","protected":false},"featured_media":40076,"comment_status":"open","ping_status":"closed","template":"","meta":[],"product_brand":[],"product_cat":[32],"product_tag":[],"class_list":{"0":"post-30864","1":"product","2":"type-product","3":"status-publish","4":"has-post-thumbnail","6":"product_cat-uncategorized-fi","8":"first","9":"instock","10":"shipping-taxable","11":"purchasable","12":"product-type-simple"},"_links":{"self":[{"href":"https:\/\/nordicmart.andreevmaster.com\/fi\/wp-json\/wp\/v2\/product\/30864","targetHints":{"allow":["GET"]}}],"collection":[{"href":"https:\/\/nordicmart.andreevmaster.com\/fi\/wp-json\/wp\/v2\/product"}],"about":[{"href":"https:\/\/nordicmart.andreevmaster.com\/fi\/wp-json\/wp\/v2\/types\/product"}],"replies":[{"embeddable":true,"href":"https:\/\/nordicmart.andreevmaster.com\/fi\/wp-json\/wp\/v2\/comments?post=30864"}],"wp:featuredmedia":[{"embeddable":true,"href":"https:\/\/nordicmart.andreevmaster.com\/fi\/wp-json\/wp\/v2\/media\/40076"}],"wp:attachment":[{"href":"https:\/\/nordicmart.andreevmaster.com\/fi\/wp-json\/wp\/v2\/media?parent=30864"}],"wp:term":[{"taxonomy":"product_brand","embeddable":true,"href":"https:\/\/nordicmart.andreevmaster.com\/fi\/wp-json\/wp\/v2\/product_brand?post=30864"},{"taxonomy":"product_cat","embeddable":true,"href":"https:\/\/nordicmart.andreevmaster.com\/fi\/wp-json\/wp\/v2\/product_cat?post=30864"},{"taxonomy":"product_tag","embeddable":true,"href":"https:\/\/nordicmart.andreevmaster.com\/fi\/wp-json\/wp\/v2\/product_tag?post=30864"}],"curies":[{"name":"wp","href":"https:\/\/api.w.org\/{rel}","templated":true}]}}