{"id":30863,"date":"2026-02-27T00:11:32","date_gmt":"2026-02-27T00:11:32","guid":{"rendered":"https:\/\/nordicmart.andreevmaster.com\/product\/songmics-tikkaat-4-luistamatonta-askelmaa-hopeanharmaa-mustanmusta\/"},"modified":"2026-02-27T09:34:46","modified_gmt":"2026-02-27T09:34:46","slug":"songmics-tikkaat-4-luistamatonta-askelmaa-hopeanharmaa-mustanmusta","status":"publish","type":"product","link":"https:\/\/nordicmart.andreevmaster.com\/fi\/tuote\/songmics-tikkaat-4-luistamatonta-askelmaa-hopeanharmaa-mustanmusta\/","title":{"rendered":"SONGMICS-tikkaat, 4 luistamatonta askelmaa, hopeanharmaa-mustanmusta"},"content":{"rendered":"<p>SONGMICS alumiininen tikkaat, monik\u00e4ytt\u00f6iset tikkaat, kantavuus 150 kg, 3 askelmaa, T\u00dcV Rheinlandin testaama DIN EN14183 -standardin mukaisesti GLT23K<br \/>\nV\u00e4ri: hopeanharmaa-mustanmusta<br \/>\nMateriaali: alumiiniseos, muovi<br \/>\nKoko avattuna: 78 x 42 x 81,5 cm (S x L x K)<br \/>\nKokoontaitettuna: 16 x 42 x 90 cm (S x L x K)<br \/>\nLeveys per porras: 8 cm<br \/>\nPorrasaskelman korkeus lattiasta: 81,5 cm, 60 cm, 38,5 cm, 16,5 cm<br \/>\nPaino: 3,1 kg<br \/>\nMaks. staattinen kantavuus: 150 kg<\/p>\n","protected":false},"excerpt":{"rendered":"<p>SONGMICS alumiininen tikkaat, monik\u00e4ytt\u00f6iset tikkaat, kantavuus 150 kg, 3 askelmaa, T\u00dcV Rheinlandin testaama DIN EN14183 -standardin mukaisesti GLT23K<\/p>\n","protected":false},"featured_media":40075,"comment_status":"open","ping_status":"closed","template":"","meta":[],"product_brand":[],"product_cat":[32],"product_tag":[],"class_list":{"0":"post-30863","1":"product","2":"type-product","3":"status-publish","4":"has-post-thumbnail","6":"product_cat-uncategorized-fi","8":"first","9":"instock","10":"shipping-taxable","11":"purchasable","12":"product-type-simple"},"_links":{"self":[{"href":"https:\/\/nordicmart.andreevmaster.com\/fi\/wp-json\/wp\/v2\/product\/30863","targetHints":{"allow":["GET"]}}],"collection":[{"href":"https:\/\/nordicmart.andreevmaster.com\/fi\/wp-json\/wp\/v2\/product"}],"about":[{"href":"https:\/\/nordicmart.andreevmaster.com\/fi\/wp-json\/wp\/v2\/types\/product"}],"replies":[{"embeddable":true,"href":"https:\/\/nordicmart.andreevmaster.com\/fi\/wp-json\/wp\/v2\/comments?post=30863"}],"wp:featuredmedia":[{"embeddable":true,"href":"https:\/\/nordicmart.andreevmaster.com\/fi\/wp-json\/wp\/v2\/media\/40075"}],"wp:attachment":[{"href":"https:\/\/nordicmart.andreevmaster.com\/fi\/wp-json\/wp\/v2\/media?parent=30863"}],"wp:term":[{"taxonomy":"product_brand","embeddable":true,"href":"https:\/\/nordicmart.andreevmaster.com\/fi\/wp-json\/wp\/v2\/product_brand?post=30863"},{"taxonomy":"product_cat","embeddable":true,"href":"https:\/\/nordicmart.andreevmaster.com\/fi\/wp-json\/wp\/v2\/product_cat?post=30863"},{"taxonomy":"product_tag","embeddable":true,"href":"https:\/\/nordicmart.andreevmaster.com\/fi\/wp-json\/wp\/v2\/product_tag?post=30863"}],"curies":[{"name":"wp","href":"https:\/\/api.w.org\/{rel}","templated":true}]}}