{"id":30860,"date":"2026-02-27T00:11:31","date_gmt":"2026-02-27T00:11:31","guid":{"rendered":"https:\/\/nordicmart.andreevmaster.com\/product\/songmics-alumiininen-tikkaat-5-askelmaa\/"},"modified":"2026-02-27T09:34:45","modified_gmt":"2026-02-27T09:34:45","slug":"songmics-alumiininen-tikkaat-5-askelmaa","status":"publish","type":"product","link":"https:\/\/nordicmart.andreevmaster.com\/fi\/tuote\/songmics-alumiininen-tikkaat-5-askelmaa\/","title":{"rendered":"SONGMICS alumiininen tikkaat, 5 askelmaa"},"content":{"rendered":"<p>Tuotetiedot: V\u00e4ri: harmaa-oranssi Materiaali: alumiini, muovi Koko kokoontaitettuna: 46 x 12 x 178 cm (P x L x K) Koko avattuna: 46 x 100 x 164 cm (P x L x K) Paino: 5,2 kg Maks. staattinen kantavuus: 150 kg Toimitus sis\u00e4lt\u00e4\u00e4: 1 x kotitalous tikkaat 1 x k\u00e4ytt\u00f6ohje (DE, EN, FR, ES, IT) SONGMICS Huomautukset: Varmista, ett\u00e4 tikkaat ovat ehj\u00e4t ennen k\u00e4ytt\u00f6\u00e4.\u00c4l\u00e4 k\u00e4yt\u00e4 tikkaita, jos lattialla on \u00f6ljy\u00e4 tai vett\u00e4. Raskaana olevat naiset sek\u00e4 henkil\u00f6t, joilla on vammoja tai muita fyysisi\u00e4 rajoitteita, eiv\u00e4t saa k\u00e4ytt\u00e4\u00e4 n\u00e4it\u00e4 tikkaita.<\/p>\n","protected":false},"excerpt":{"rendered":"<p>SONGMICS 5-askelmainen tikkaat, alumiinitikkaat, 12 cm leve\u00e4t askelmat, seisontatikkaat, ty\u00f6kalukori, luistamaton, kantavuus 150 kg, T\u00dcV Rheinland GS-sertifikaatti, t\u00e4ytt\u00e4\u00e4 EN131-standardin, harmaa-oranssi GLT005WT01<\/p>\n","protected":false},"featured_media":40072,"comment_status":"open","ping_status":"closed","template":"","meta":[],"product_brand":[],"product_cat":[32],"product_tag":[],"class_list":{"0":"post-30860","1":"product","2":"type-product","3":"status-publish","4":"has-post-thumbnail","6":"product_cat-uncategorized-fi","8":"first","9":"instock","10":"shipping-taxable","11":"purchasable","12":"product-type-simple"},"_links":{"self":[{"href":"https:\/\/nordicmart.andreevmaster.com\/fi\/wp-json\/wp\/v2\/product\/30860","targetHints":{"allow":["GET"]}}],"collection":[{"href":"https:\/\/nordicmart.andreevmaster.com\/fi\/wp-json\/wp\/v2\/product"}],"about":[{"href":"https:\/\/nordicmart.andreevmaster.com\/fi\/wp-json\/wp\/v2\/types\/product"}],"replies":[{"embeddable":true,"href":"https:\/\/nordicmart.andreevmaster.com\/fi\/wp-json\/wp\/v2\/comments?post=30860"}],"wp:featuredmedia":[{"embeddable":true,"href":"https:\/\/nordicmart.andreevmaster.com\/fi\/wp-json\/wp\/v2\/media\/40072"}],"wp:attachment":[{"href":"https:\/\/nordicmart.andreevmaster.com\/fi\/wp-json\/wp\/v2\/media?parent=30860"}],"wp:term":[{"taxonomy":"product_brand","embeddable":true,"href":"https:\/\/nordicmart.andreevmaster.com\/fi\/wp-json\/wp\/v2\/product_brand?post=30860"},{"taxonomy":"product_cat","embeddable":true,"href":"https:\/\/nordicmart.andreevmaster.com\/fi\/wp-json\/wp\/v2\/product_cat?post=30860"},{"taxonomy":"product_tag","embeddable":true,"href":"https:\/\/nordicmart.andreevmaster.com\/fi\/wp-json\/wp\/v2\/product_tag?post=30860"}],"curies":[{"name":"wp","href":"https:\/\/api.w.org\/{rel}","templated":true}]}}