{"id":30852,"date":"2026-02-27T00:11:29","date_gmt":"2026-02-27T00:11:29","guid":{"rendered":"https:\/\/nordicmart.andreevmaster.com\/product\/songmics-varastohylly-raskaiden-tavaroiden-hylly-kellarihylly\/"},"modified":"2026-02-27T09:34:44","modified_gmt":"2026-02-27T09:34:44","slug":"songmics-varastohylly-raskaiden-tavaroiden-hylly-kellarihylly","status":"publish","type":"product","link":"https:\/\/nordicmart.andreevmaster.com\/fi\/tuote\/songmics-varastohylly-raskaiden-tavaroiden-hylly-kellarihylly\/","title":{"rendered":"SONGMICS varastohylly, raskaiden tavaroiden hylly, kellarihylly"},"content":{"rendered":"<p>Tuotetiedot: V\u00e4ri: Harmaa Materiaali: Jauhemaalattu ter\u00e4s, MDF (keskitihe\u00e4 kuitulevy) Koko: 60 x 120 x 200 cm (S x L x K) Paino: 22,8 kg Hyllyn maks. staattinen kantavuus: 175 kg Maks. staattinen kokonaiskantavuus: 875 kg Toimitus sis\u00e4lt\u00e4\u00e4: 1 x varastohylly 1 x kaatumissuoja 1 x ohjeet SONGMICS Huomautukset:Kiinnit\u00e4 tuote sein\u00e4\u00e4n mukana toimitetulla kaatumissuojalla turvallisuuden takaamiseksi k\u00e4yt\u00f6n aikana. K\u00e4yt\u00e4 aina k\u00e4sineit\u00e4 asennuksen aikana. \u00c4l\u00e4 sijoita tuotetta kosteaan ymp\u00e4rist\u00f6\u00f6n. Tekstiss\u00e4 mainittu maks. kantavuus viittaa staattiseen maksimipainoon.<\/p>\n","protected":false},"excerpt":{"rendered":"<p>SONGMICS raskaiden tavaroiden hylly, varastohylly, kellarihylly, 200 x 120 x 60 cm, kantavuus 875 kg, 5 s\u00e4\u00e4dett\u00e4v\u00e4\u00e4 hylly\u00e4, metallihylly, pistokehylly, ty\u00f6pajahylly, sininen GLR060Q01<\/p>\n","protected":false},"featured_media":40065,"comment_status":"open","ping_status":"closed","template":"","meta":[],"product_brand":[],"product_cat":[32],"product_tag":[],"class_list":{"0":"post-30852","1":"product","2":"type-product","3":"status-publish","4":"has-post-thumbnail","6":"product_cat-uncategorized-fi","8":"first","9":"instock","10":"shipping-taxable","11":"purchasable","12":"product-type-simple"},"_links":{"self":[{"href":"https:\/\/nordicmart.andreevmaster.com\/fi\/wp-json\/wp\/v2\/product\/30852","targetHints":{"allow":["GET"]}}],"collection":[{"href":"https:\/\/nordicmart.andreevmaster.com\/fi\/wp-json\/wp\/v2\/product"}],"about":[{"href":"https:\/\/nordicmart.andreevmaster.com\/fi\/wp-json\/wp\/v2\/types\/product"}],"replies":[{"embeddable":true,"href":"https:\/\/nordicmart.andreevmaster.com\/fi\/wp-json\/wp\/v2\/comments?post=30852"}],"wp:featuredmedia":[{"embeddable":true,"href":"https:\/\/nordicmart.andreevmaster.com\/fi\/wp-json\/wp\/v2\/media\/40065"}],"wp:attachment":[{"href":"https:\/\/nordicmart.andreevmaster.com\/fi\/wp-json\/wp\/v2\/media?parent=30852"}],"wp:term":[{"taxonomy":"product_brand","embeddable":true,"href":"https:\/\/nordicmart.andreevmaster.com\/fi\/wp-json\/wp\/v2\/product_brand?post=30852"},{"taxonomy":"product_cat","embeddable":true,"href":"https:\/\/nordicmart.andreevmaster.com\/fi\/wp-json\/wp\/v2\/product_cat?post=30852"},{"taxonomy":"product_tag","embeddable":true,"href":"https:\/\/nordicmart.andreevmaster.com\/fi\/wp-json\/wp\/v2\/product_tag?post=30852"}],"curies":[{"name":"wp","href":"https:\/\/api.w.org\/{rel}","templated":true}]}}