{"id":30837,"date":"2026-02-27T00:11:26","date_gmt":"2026-02-27T00:11:26","guid":{"rendered":"https:\/\/nordicmart.andreevmaster.com\/product\/songmics-raskaiden-tavaroiden-hylly-2-kpl-varastohylly-40-x-90-x-180-cm\/"},"modified":"2026-02-27T09:34:42","modified_gmt":"2026-02-27T09:34:42","slug":"songmics-raskaiden-tavaroiden-hylly-2-kpl-varastohylly-40-x-90-x-180-cm","status":"publish","type":"product","link":"https:\/\/nordicmart.andreevmaster.com\/fi\/tuote\/songmics-raskaiden-tavaroiden-hylly-2-kpl-varastohylly-40-x-90-x-180-cm\/","title":{"rendered":"SONGMICS raskaiden tavaroiden hylly 2 kpl, varastohylly, 40 x 90 x 180 cm"},"content":{"rendered":"<p>Ovatko puutarhaty\u00f6kalut ja erilaiset tarvikkeet hajallaan autotallissasi? Onko sinulla vaikeuksia l\u00f6yt\u00e4\u00e4 tarvitsemiasi esineit\u00e4? Sitten on korkea aika varustaa autotallisi n\u00e4ill\u00e4 varastohyllyill\u00e4 ja saada kaaos hallintaan. T\u00e4rkeimm\u00e4t syyt, miksi t\u00e4m\u00e4 SONGMICS-varastohyllyset on juuri oikea valinta sinulle: &#8211; Vahvistettu ter\u00e4srunko ja puumateriaalista valmistetut hyllylevyt tarjoavat vahvan tuen. &#8211; Poikkipalkit jokaisen hyllytason alla lis\u00e4\u00e4v\u00e4t vakautta. &#8211; Runko on ruostumaton. &#8211; Jokainen hylly kest\u00e4\u00e4 painoa jopa 175 kg. &#8211; Hyllytasojen v\u00e4linen et\u00e4isyys on s\u00e4\u00e4dett\u00e4viss\u00e4 joustavasti. Hyllyt voidaan my\u00f6s jakaa kahteen osaan. &#8211; Mukana toimitettu kaatumissuoja takaa turvallisen k\u00e4yt\u00f6n. &#8211; Hyllyt sopivat kellareihin, pesutupa, ty\u00f6pajoihin ja liiketiloihin. Tuotetiedot: &#8211; V\u00e4ri: hopea &#8211; Materiaali: ter\u00e4s, E1-luokan MDF (keskitihe\u00e4 kuitulevy) &#8211; Hyllyn koko: 180 x 90 x 40 cm (K x P x L) &#8211; Hyllyn paino: 12,7 kg &#8211; Hyllyn maks. staattinen kantavuus: 175 kg Toimitus sis\u00e4lt\u00e4\u00e4:- 2 x varastohylly &#8211; 2 x kaatumissuoja &#8211; 1 x ohjeet (DE, EN, FR, ES, IT) SONGMICS-ohjeet: &#8211; K\u00e4yt\u00e4 aina k\u00e4sineit\u00e4 asennuksen aikana. &#8211; \u00c4l\u00e4 sijoita tuotetta kosteaan ymp\u00e4rist\u00f6\u00f6n. &#8211; Tekstiss\u00e4 mainittu maks. kantavuus viittaa staattiseen maksimipainoon. &#8211; Huomaa, ett\u00e4 molemmat hyllyt toimitetaan yhdess\u00e4 paketissa.<\/p>\n","protected":false},"excerpt":{"rendered":"<p>Raskaiden tavaroiden hylly, 2 kpl, varastohylly, 40 x 90 x 180 cm, kellarihylly, ter\u00e4srunko, kunkin kantavuus 875 kg, 5 s\u00e4\u00e4dett\u00e4v\u00e4\u00e4 hylly\u00e4, hopeanv\u00e4rinen<\/p>\n","protected":false},"featured_media":40050,"comment_status":"open","ping_status":"closed","template":"","meta":[],"product_brand":[],"product_cat":[32],"product_tag":[],"class_list":{"0":"post-30837","1":"product","2":"type-product","3":"status-publish","4":"has-post-thumbnail","6":"product_cat-uncategorized-fi","8":"first","9":"instock","10":"shipping-taxable","11":"purchasable","12":"product-type-simple"},"_links":{"self":[{"href":"https:\/\/nordicmart.andreevmaster.com\/fi\/wp-json\/wp\/v2\/product\/30837","targetHints":{"allow":["GET"]}}],"collection":[{"href":"https:\/\/nordicmart.andreevmaster.com\/fi\/wp-json\/wp\/v2\/product"}],"about":[{"href":"https:\/\/nordicmart.andreevmaster.com\/fi\/wp-json\/wp\/v2\/types\/product"}],"replies":[{"embeddable":true,"href":"https:\/\/nordicmart.andreevmaster.com\/fi\/wp-json\/wp\/v2\/comments?post=30837"}],"wp:featuredmedia":[{"embeddable":true,"href":"https:\/\/nordicmart.andreevmaster.com\/fi\/wp-json\/wp\/v2\/media\/40050"}],"wp:attachment":[{"href":"https:\/\/nordicmart.andreevmaster.com\/fi\/wp-json\/wp\/v2\/media?parent=30837"}],"wp:term":[{"taxonomy":"product_brand","embeddable":true,"href":"https:\/\/nordicmart.andreevmaster.com\/fi\/wp-json\/wp\/v2\/product_brand?post=30837"},{"taxonomy":"product_cat","embeddable":true,"href":"https:\/\/nordicmart.andreevmaster.com\/fi\/wp-json\/wp\/v2\/product_cat?post=30837"},{"taxonomy":"product_tag","embeddable":true,"href":"https:\/\/nordicmart.andreevmaster.com\/fi\/wp-json\/wp\/v2\/product_tag?post=30837"}],"curies":[{"name":"wp","href":"https:\/\/api.w.org\/{rel}","templated":true}]}}