{"id":30835,"date":"2026-02-27T00:11:26","date_gmt":"2026-02-27T00:11:26","guid":{"rendered":"https:\/\/nordicmart.andreevmaster.com\/product\/songmics-raskaiden-tavaroiden-hylly-varastohylly-kellarihylly\/"},"modified":"2026-02-27T09:34:42","modified_gmt":"2026-02-27T09:34:42","slug":"songmics-raskaiden-tavaroiden-hylly-varastohylly-kellarihylly","status":"publish","type":"product","link":"https:\/\/nordicmart.andreevmaster.com\/fi\/tuote\/songmics-raskaiden-tavaroiden-hylly-varastohylly-kellarihylly\/","title":{"rendered":"SONGMICS raskaiden tavaroiden hylly, varastohylly, kellarihylly"},"content":{"rendered":"<p>SONGMICS-hyllyn edut yhdell\u00e4 silm\u00e4yksell\u00e4: Ter\u00e4srakenne tarjoaa tukevan pidon Vahvistetut poikkipalkit jokaisen metallihyllyn alla lis\u00e4\u00e4v\u00e4t vakautta Jauhemaalattu pinta on ruostumaton ja kest\u00e4v\u00e4 Jokainen hylly kest\u00e4\u00e4 jopa 175 kg:n painon Jokainen hylly on korkeuss\u00e4\u00e4dett\u00e4v\u00e4; hylly\u00e4 voidaan k\u00e4ytt\u00e4\u00e4 my\u00f6s erikseen Mukana toimitettu kaatumissuoja takaa turvallisen ja vakaan k\u00e4yt\u00f6n Sopii kellariin, keitti\u00f6\u00f6n, olohuoneeseen, parvekkeelle, toimistoon ja autotalliin Tuotetiedot: V\u00e4ri: vintage-ruskea-musta Materiaali: lastulevy, ter\u00e4s Koko: 40 x 90 x 180 cm (S x L x K) Paino: 14,8 kg. Maks. staattinen kantavuus tasoa kohti: 175 kg. Maks. staattinen kantavuus yhteens\u00e4: 875 kg. Toimitus sis\u00e4lt\u00e4\u00e4: 1 x raskaiden tavaroiden hylly, 1 x kaatumissuoja, 1 x ohjeet. SONGMICSin ohjeet: Kiinnit\u00e4 t\u00e4m\u00e4 tuote sein\u00e4\u00e4n mukana toimitetulla kaatumissuojalla turvallisen k\u00e4yt\u00f6n varmistamiseksi.K\u00e4yt\u00e4 aina k\u00e4sineit\u00e4 asennuksen aikana. \u00c4l\u00e4 sijoita tuotetta kosteaan ymp\u00e4rist\u00f6\u00f6n. Tekstiss\u00e4 mainittu maks. kantavuus viittaa staattiseen maksimipainoon.<\/p>\n","protected":false},"excerpt":{"rendered":"<p>Raskaiden tavaroiden hylly, 2 kpl, varastohylly, 40 x 90 x 180 cm, kellarihylly, ter\u00e4srunko, kunkin kantavuus 875 kg, 5 s\u00e4\u00e4dett\u00e4v\u00e4\u00e4 hylly\u00e4, hopeanv\u00e4rinen<\/p>\n","protected":false},"featured_media":40048,"comment_status":"open","ping_status":"closed","template":"","meta":[],"product_brand":[],"product_cat":[32],"product_tag":[],"class_list":{"0":"post-30835","1":"product","2":"type-product","3":"status-publish","4":"has-post-thumbnail","6":"product_cat-uncategorized-fi","8":"first","9":"instock","10":"shipping-taxable","11":"purchasable","12":"product-type-simple"},"_links":{"self":[{"href":"https:\/\/nordicmart.andreevmaster.com\/fi\/wp-json\/wp\/v2\/product\/30835","targetHints":{"allow":["GET"]}}],"collection":[{"href":"https:\/\/nordicmart.andreevmaster.com\/fi\/wp-json\/wp\/v2\/product"}],"about":[{"href":"https:\/\/nordicmart.andreevmaster.com\/fi\/wp-json\/wp\/v2\/types\/product"}],"replies":[{"embeddable":true,"href":"https:\/\/nordicmart.andreevmaster.com\/fi\/wp-json\/wp\/v2\/comments?post=30835"}],"wp:featuredmedia":[{"embeddable":true,"href":"https:\/\/nordicmart.andreevmaster.com\/fi\/wp-json\/wp\/v2\/media\/40048"}],"wp:attachment":[{"href":"https:\/\/nordicmart.andreevmaster.com\/fi\/wp-json\/wp\/v2\/media?parent=30835"}],"wp:term":[{"taxonomy":"product_brand","embeddable":true,"href":"https:\/\/nordicmart.andreevmaster.com\/fi\/wp-json\/wp\/v2\/product_brand?post=30835"},{"taxonomy":"product_cat","embeddable":true,"href":"https:\/\/nordicmart.andreevmaster.com\/fi\/wp-json\/wp\/v2\/product_cat?post=30835"},{"taxonomy":"product_tag","embeddable":true,"href":"https:\/\/nordicmart.andreevmaster.com\/fi\/wp-json\/wp\/v2\/product_tag?post=30835"}],"curies":[{"name":"wp","href":"https:\/\/api.w.org\/{rel}","templated":true}]}}