{"id":30830,"date":"2026-02-27T00:11:24","date_gmt":"2026-02-27T00:11:24","guid":{"rendered":"https:\/\/nordicmart.andreevmaster.com\/product\/songmics-raskaiden-tavaroiden-hylly-kellarihylly-varastohylly-30-x-75-x-150-cm\/"},"modified":"2026-02-27T09:34:41","modified_gmt":"2026-02-27T09:34:41","slug":"songmics-raskaiden-tavaroiden-hylly-kellarihylly-varastohylly-30-x-75-x-150-cm","status":"publish","type":"product","link":"https:\/\/nordicmart.andreevmaster.com\/fi\/tuote\/songmics-raskaiden-tavaroiden-hylly-kellarihylly-varastohylly-30-x-75-x-150-cm\/","title":{"rendered":"SONGMICS raskaiden tavaroiden hylly, kellarihylly, varastohylly, 30 x 75 x 150 cm"},"content":{"rendered":"<p>Raskaiden tavaroiden hylly, kellarihylly, varastohylly, 30 x 75 x 150 cm, hylly ter\u00e4srungolla, kantavuus 650 kg, 5 s\u00e4\u00e4dett\u00e4v\u00e4\u00e4 hylly\u00e4, hopeanv\u00e4rinen<br \/>\nTuotetiedot:<br \/>\n&#8211; V\u00e4ri: hopea<br \/>\n&#8211; Materiaali: jauhemaalattu ter\u00e4s, MDF (keskitihe\u00e4 kuitulevy)<br \/>\n&#8211; Koko: 30 x 75 x 150 cm (S x L x K)<br \/>\n&#8211; Paino: 9,3 kg<br \/>\n&#8211; Kunkin hyllyn maks. staattinen kantavuus: 130 kg<br \/>\n&#8211; Maks. staattinen kokonaiskuormitus: 650 kg<\/p>\n<p>Toimitus sis\u00e4lt\u00e4\u00e4:<br \/>\n&#8211; 1 x varastohylly<br \/>\n&#8211; 1 x kaatumissuoja<br \/>\n&#8211; 1 x ohjeet<\/p>\n<p>SONGMICS-ohjeet:<br \/>\n&#8211; Kiinnit\u00e4 kellarihylly sein\u00e4\u00e4n mukana toimitetulla kaatumissuojalla turvallisen k\u00e4ytt\u00f6ymp\u00e4rist\u00f6n luomiseksi.<br \/>\n&#8211; K\u00e4yt\u00e4 aina k\u00e4sineit\u00e4 asennuksen aikana.<br \/>\n&#8211; \u00c4l\u00e4 sijoita hylly\u00e4 kosteaan ymp\u00e4rist\u00f6\u00f6n.<br \/>\n&#8211; Tekstiss\u00e4 mainittu enimm\u00e4iskuormituskyky viittaa staattiseen enimm\u00e4ispainoon.<\/p>\n","protected":false},"excerpt":{"rendered":"<p>Raskaiden tavaroiden hylly, kellarihylly, varastohylly, 30 x 75 x 150 cm, hylly ter\u00e4srungolla, kantavuus 650 kg, 5 s\u00e4\u00e4dett\u00e4v\u00e4\u00e4 hylly\u00e4, hopeanv\u00e4rinen<\/p>\n","protected":false},"featured_media":40043,"comment_status":"open","ping_status":"closed","template":"","meta":[],"product_brand":[],"product_cat":[32],"product_tag":[],"class_list":{"0":"post-30830","1":"product","2":"type-product","3":"status-publish","4":"has-post-thumbnail","6":"product_cat-uncategorized-fi","8":"first","9":"instock","10":"shipping-taxable","11":"purchasable","12":"product-type-simple"},"_links":{"self":[{"href":"https:\/\/nordicmart.andreevmaster.com\/fi\/wp-json\/wp\/v2\/product\/30830","targetHints":{"allow":["GET"]}}],"collection":[{"href":"https:\/\/nordicmart.andreevmaster.com\/fi\/wp-json\/wp\/v2\/product"}],"about":[{"href":"https:\/\/nordicmart.andreevmaster.com\/fi\/wp-json\/wp\/v2\/types\/product"}],"replies":[{"embeddable":true,"href":"https:\/\/nordicmart.andreevmaster.com\/fi\/wp-json\/wp\/v2\/comments?post=30830"}],"wp:featuredmedia":[{"embeddable":true,"href":"https:\/\/nordicmart.andreevmaster.com\/fi\/wp-json\/wp\/v2\/media\/40043"}],"wp:attachment":[{"href":"https:\/\/nordicmart.andreevmaster.com\/fi\/wp-json\/wp\/v2\/media?parent=30830"}],"wp:term":[{"taxonomy":"product_brand","embeddable":true,"href":"https:\/\/nordicmart.andreevmaster.com\/fi\/wp-json\/wp\/v2\/product_brand?post=30830"},{"taxonomy":"product_cat","embeddable":true,"href":"https:\/\/nordicmart.andreevmaster.com\/fi\/wp-json\/wp\/v2\/product_cat?post=30830"},{"taxonomy":"product_tag","embeddable":true,"href":"https:\/\/nordicmart.andreevmaster.com\/fi\/wp-json\/wp\/v2\/product_tag?post=30830"}],"curies":[{"name":"wp","href":"https:\/\/api.w.org\/{rel}","templated":true}]}}