{"id":30829,"date":"2026-02-27T00:11:24","date_gmt":"2026-02-27T00:11:24","guid":{"rendered":"https:\/\/nordicmart.andreevmaster.com\/product\/songmics-hyllykko-kirjahylly-varastohylly\/"},"modified":"2026-02-27T09:34:41","modified_gmt":"2026-02-27T09:34:41","slug":"songmics-hyllykko-kirjahylly-varastohylly","status":"publish","type":"product","link":"https:\/\/nordicmart.andreevmaster.com\/fi\/tuote\/songmics-hyllykko-kirjahylly-varastohylly\/","title":{"rendered":"SONGMICS hyllykk\u00f6, kirjahylly, varastohylly"},"content":{"rendered":"<p>Raskaiden tavaroiden hylly, kellarihylly, varastohylly, 30 x 75 x 150 cm, hylly ter\u00e4srungolla, kantavuus 650 kg, 5 s\u00e4\u00e4dett\u00e4v\u00e4\u00e4 hylly\u00e4, hopeanv\u00e4rinen<br \/>\nTekniset tiedot:<br \/>\n&#8211; Mitat: 30 x 75 x 150 cm (S x L x K)<br \/>\n&#8211; Paino: 9,7 kg<br \/>\n&#8211; Kunkin hyllyn suurin staattinen kantavuus: 130 kg<br \/>\n&#8211; Maksimikantavuus yhteens\u00e4: 650 kg<br \/>\n&#8211; Materiaali: ter\u00e4s, MDF (keskitihe\u00e4 kuitulevy)<br \/>\n&#8211; V\u00e4ri: musta<\/p>\n","protected":false},"excerpt":{"rendered":"<p>Raskaiden tavaroiden hylly, kellarihylly, varastohylly, 30 x 75 x 150 cm, hylly ter\u00e4srungolla, kantavuus 650 kg, 5 s\u00e4\u00e4dett\u00e4v\u00e4\u00e4 hylly\u00e4, hopeanv\u00e4rinen<\/p>\n","protected":false},"featured_media":40042,"comment_status":"open","ping_status":"closed","template":"","meta":[],"product_brand":[],"product_cat":[32],"product_tag":[],"class_list":{"0":"post-30829","1":"product","2":"type-product","3":"status-publish","4":"has-post-thumbnail","6":"product_cat-uncategorized-fi","8":"first","9":"instock","10":"shipping-taxable","11":"purchasable","12":"product-type-simple"},"_links":{"self":[{"href":"https:\/\/nordicmart.andreevmaster.com\/fi\/wp-json\/wp\/v2\/product\/30829","targetHints":{"allow":["GET"]}}],"collection":[{"href":"https:\/\/nordicmart.andreevmaster.com\/fi\/wp-json\/wp\/v2\/product"}],"about":[{"href":"https:\/\/nordicmart.andreevmaster.com\/fi\/wp-json\/wp\/v2\/types\/product"}],"replies":[{"embeddable":true,"href":"https:\/\/nordicmart.andreevmaster.com\/fi\/wp-json\/wp\/v2\/comments?post=30829"}],"wp:featuredmedia":[{"embeddable":true,"href":"https:\/\/nordicmart.andreevmaster.com\/fi\/wp-json\/wp\/v2\/media\/40042"}],"wp:attachment":[{"href":"https:\/\/nordicmart.andreevmaster.com\/fi\/wp-json\/wp\/v2\/media?parent=30829"}],"wp:term":[{"taxonomy":"product_brand","embeddable":true,"href":"https:\/\/nordicmart.andreevmaster.com\/fi\/wp-json\/wp\/v2\/product_brand?post=30829"},{"taxonomy":"product_cat","embeddable":true,"href":"https:\/\/nordicmart.andreevmaster.com\/fi\/wp-json\/wp\/v2\/product_cat?post=30829"},{"taxonomy":"product_tag","embeddable":true,"href":"https:\/\/nordicmart.andreevmaster.com\/fi\/wp-json\/wp\/v2\/product_tag?post=30829"}],"curies":[{"name":"wp","href":"https:\/\/api.w.org\/{rel}","templated":true}]}}