{"id":30827,"date":"2026-02-27T00:11:24","date_gmt":"2026-02-27T00:11:24","guid":{"rendered":"https:\/\/nordicmart.andreevmaster.com\/product\/songmics-raskaiden-tavaroiden-hylly-kellarihylly-varastohylly\/"},"modified":"2026-02-27T09:34:40","modified_gmt":"2026-02-27T09:34:40","slug":"songmics-raskaiden-tavaroiden-hylly-kellarihylly-varastohylly","status":"publish","type":"product","link":"https:\/\/nordicmart.andreevmaster.com\/fi\/tuote\/songmics-raskaiden-tavaroiden-hylly-kellarihylly-varastohylly\/","title":{"rendered":"SONGMICS raskaiden tavaroiden hylly, kellarihylly, varastohylly"},"content":{"rendered":"<p>T\u00e4rkeimm\u00e4t syyt, miksi t\u00e4m\u00e4 SONGMICS-hyllyj\u00e4rjestelm\u00e4 on juuri sinulle sopiva: &#8211; Ter\u00e4srunko ja puumateriaalista valmistetut hyllylevyt tarjoavat vahvan tuen. &#8211; Jalkojen vahvistukset ja poikkipalkit jokaisen hyllytason alla lis\u00e4\u00e4v\u00e4t vakautta. &#8211; Jauhemaalaus on ruostumatonta ja kulutusta kest\u00e4v\u00e4\u00e4. &#8211; Jokainen hylly kest\u00e4\u00e4 jopa 130 kg:n painon. &#8211; Hyllytasojen v\u00e4linen et\u00e4isyys on s\u00e4\u00e4dett\u00e4viss\u00e4 joustavasti. Hyllyn voi my\u00f6s jakaa kahteen osaan. &#8211; Mukana toimitettu kaatumissuoja takaa turvallisen k\u00e4yt\u00f6n. &#8211; T\u00e4m\u00e4n varastohyllyn ainutlaatuinen ulkon\u00e4k\u00f6 tuo koristeellisen lis\u00e4n olohuoneeseesi, parvekkeellesi, toimistoosi tai keitti\u00f6\u00f6si. Tuotetiedot: &#8211; V\u00e4ri: musta-vintage-ruskea &#8211; Materiaali: jauhemaalattu ter\u00e4s, E1-luokan MDF (keskitihe\u00e4 kuitulevy) &#8211; Koko: 150 x 75 x 30 cm (K x P x L) &#8211; Paino: 9,4 kg &#8211; Maks. staattinen kantavuus hylly\u00e4 kohti: 130 kg Toimitus sis\u00e4lt\u00e4\u00e4:- 1 x varastohylly &#8211; 1 x kaatumissuoja &#8211; 1 x ohjeet (DE, EN, FR, ES, IT) SONGMICS Huomautukset: &#8211; K\u00e4yt\u00e4 aina k\u00e4sineit\u00e4 asennuksen aikana. &#8211; \u00c4l\u00e4 sijoita tuotetta kosteaan ymp\u00e4rist\u00f6\u00f6n. &#8211; Tekstiss\u00e4 mainittu maks. kantavuus viittaa staattiseen maksimipainoon.<\/p>\n","protected":false},"excerpt":{"rendered":"<p>Raskaiden tavaroiden hylly, kellarihylly, varastohylly, 30 x 75 x 150 cm, hylly ter\u00e4srungolla, kantavuus 650 kg, 5 s\u00e4\u00e4dett\u00e4v\u00e4\u00e4 hylly\u00e4, hopeanv\u00e4rinen<\/p>\n","protected":false},"featured_media":40040,"comment_status":"open","ping_status":"closed","template":"","meta":[],"product_brand":[],"product_cat":[32],"product_tag":[],"class_list":{"0":"post-30827","1":"product","2":"type-product","3":"status-publish","4":"has-post-thumbnail","6":"product_cat-uncategorized-fi","8":"first","9":"instock","10":"shipping-taxable","11":"purchasable","12":"product-type-simple"},"_links":{"self":[{"href":"https:\/\/nordicmart.andreevmaster.com\/fi\/wp-json\/wp\/v2\/product\/30827","targetHints":{"allow":["GET"]}}],"collection":[{"href":"https:\/\/nordicmart.andreevmaster.com\/fi\/wp-json\/wp\/v2\/product"}],"about":[{"href":"https:\/\/nordicmart.andreevmaster.com\/fi\/wp-json\/wp\/v2\/types\/product"}],"replies":[{"embeddable":true,"href":"https:\/\/nordicmart.andreevmaster.com\/fi\/wp-json\/wp\/v2\/comments?post=30827"}],"wp:featuredmedia":[{"embeddable":true,"href":"https:\/\/nordicmart.andreevmaster.com\/fi\/wp-json\/wp\/v2\/media\/40040"}],"wp:attachment":[{"href":"https:\/\/nordicmart.andreevmaster.com\/fi\/wp-json\/wp\/v2\/media?parent=30827"}],"wp:term":[{"taxonomy":"product_brand","embeddable":true,"href":"https:\/\/nordicmart.andreevmaster.com\/fi\/wp-json\/wp\/v2\/product_brand?post=30827"},{"taxonomy":"product_cat","embeddable":true,"href":"https:\/\/nordicmart.andreevmaster.com\/fi\/wp-json\/wp\/v2\/product_cat?post=30827"},{"taxonomy":"product_tag","embeddable":true,"href":"https:\/\/nordicmart.andreevmaster.com\/fi\/wp-json\/wp\/v2\/product_tag?post=30827"}],"curies":[{"name":"wp","href":"https:\/\/api.w.org\/{rel}","templated":true}]}}