{"id":30826,"date":"2026-02-27T00:11:24","date_gmt":"2026-02-27T00:11:24","guid":{"rendered":"https:\/\/nordicmart.andreevmaster.com\/product\/songmics-varastohyllyt-2-kpl-5-saadettavaa-hyllya-sininen\/"},"modified":"2026-02-27T09:34:40","modified_gmt":"2026-02-27T09:34:40","slug":"songmics-varastohyllyt-2-kpl-5-saadettavaa-hyllya-sininen","status":"publish","type":"product","link":"https:\/\/nordicmart.andreevmaster.com\/fi\/tuote\/songmics-varastohyllyt-2-kpl-5-saadettavaa-hyllya-sininen\/","title":{"rendered":"SONGMICS Varastohyllyt 2 kpl, 5 s\u00e4\u00e4dett\u00e4v\u00e4\u00e4 hylly\u00e4, sininen"},"content":{"rendered":"<p>Kuvaus: Songmicsin ter\u00e4ksinen raskaiden tavaroiden hylly on helppo ja yksinkertainen asentaa ja sen kantavuus on eritt\u00e4in suuri. Se on monipuolinen ja joustava, sopii kellariin, varastotiloihin tai ty\u00f6pajoihin \u2013 riippumatta siit\u00e4, k\u00e4yt\u00e4tk\u00f6 sit\u00e4 kotona vai ammattik\u00e4yt\u00f6ss\u00e4, se on monipuolinen. Hylly kootaan helposti, eik\u00e4 asennukseen tarvita muita ty\u00f6kaluja kuin kumivasara. Viidell\u00e4 hyllyll\u00e4 ja 265 kg:n kantavuudella hylly voi kantaa yhteens\u00e4 1,325 tonnia. Hyllyj\u00e4 voi my\u00f6s sijoittaa yksil\u00f6llisesti haluttuun korkeuteen. Songmicsin raskaiden tavaroiden hyllyn voi my\u00f6s koota kahdeksi pienemm\u00e4ksi hyllyksi tai kahdeksi ty\u00f6p\u00f6yd\u00e4ksi. Tuotetiedot: &#8211; Mitat: 180 x 90 x 45 cm (L x K x S) &#8211; Hyllylevyjen mitat: 90 x 45 cm &#8211; Hyllylevyjen paksuus: 7 mm &#8211; Metalliosien paksuus: 1,2 mm Huomautukset: &#8211; Tuote on tarkoitettu vain sis\u00e4k\u00e4ytt\u00f6\u00f6n. Asenna ja k\u00e4yt\u00e4 tuotetta vain t\u00e4m\u00e4n ohjeen mukaisesti. J\u00e4lleenmyyj\u00e4 ei ole vastuussa vahingoista, jotka ovat aiheutuneet v\u00e4\u00e4r\u00e4st\u00e4 k\u00e4yt\u00f6st\u00e4 tai virheellisest\u00e4 asennuksesta.- Asennus on suoritettava kahden henkil\u00f6n voimin. K\u00e4yt\u00e4 hyllyn kokoamisessa suojak\u00e4sineit\u00e4 loukkaantumisten v\u00e4ltt\u00e4miseksi. Noudata turvallisuuden vuoksi tarvittavia suojatoimenpiteit\u00e4. &#8211; Tarvittavat ty\u00f6kalut ovat k\u00e4sineet, kumivasara ja ruuvimeisseli (ei sis\u00e4lly toimitukseen). Toimitussis\u00e4lt\u00f6: &#8211; 1 x raskaiden tavaroiden hylly &#8211; 1 x ohjeet<\/p>\n","protected":false},"excerpt":{"rendered":"<p>SONGMICS varastohylly, 2 kpl, raskaiden tavaroiden hylly, kellarihylly, 180 x 90 x 45 cm, kantavuus 1325 kg, 5 s\u00e4\u00e4dett\u00e4v\u00e4\u00e4 hylly\u00e4, metallihylly, pistokehylly, ty\u00f6pajahylly, kellari, autotalli, sininen GLR90Q<\/p>\n","protected":false},"featured_media":40039,"comment_status":"open","ping_status":"closed","template":"","meta":[],"product_brand":[],"product_cat":[32],"product_tag":[],"class_list":{"0":"post-30826","1":"product","2":"type-product","3":"status-publish","4":"has-post-thumbnail","6":"product_cat-uncategorized-fi","8":"first","9":"instock","10":"shipping-taxable","11":"purchasable","12":"product-type-simple"},"_links":{"self":[{"href":"https:\/\/nordicmart.andreevmaster.com\/fi\/wp-json\/wp\/v2\/product\/30826","targetHints":{"allow":["GET"]}}],"collection":[{"href":"https:\/\/nordicmart.andreevmaster.com\/fi\/wp-json\/wp\/v2\/product"}],"about":[{"href":"https:\/\/nordicmart.andreevmaster.com\/fi\/wp-json\/wp\/v2\/types\/product"}],"replies":[{"embeddable":true,"href":"https:\/\/nordicmart.andreevmaster.com\/fi\/wp-json\/wp\/v2\/comments?post=30826"}],"wp:featuredmedia":[{"embeddable":true,"href":"https:\/\/nordicmart.andreevmaster.com\/fi\/wp-json\/wp\/v2\/media\/40039"}],"wp:attachment":[{"href":"https:\/\/nordicmart.andreevmaster.com\/fi\/wp-json\/wp\/v2\/media?parent=30826"}],"wp:term":[{"taxonomy":"product_brand","embeddable":true,"href":"https:\/\/nordicmart.andreevmaster.com\/fi\/wp-json\/wp\/v2\/product_brand?post=30826"},{"taxonomy":"product_cat","embeddable":true,"href":"https:\/\/nordicmart.andreevmaster.com\/fi\/wp-json\/wp\/v2\/product_cat?post=30826"},{"taxonomy":"product_tag","embeddable":true,"href":"https:\/\/nordicmart.andreevmaster.com\/fi\/wp-json\/wp\/v2\/product_tag?post=30826"}],"curies":[{"name":"wp","href":"https:\/\/api.w.org\/{rel}","templated":true}]}}