{"id":30825,"date":"2026-02-27T00:11:23","date_gmt":"2026-02-27T00:11:23","guid":{"rendered":"https:\/\/nordicmart.andreevmaster.com\/product\/songmics-2-kpl-kellarihylly-160-cm-korkea\/"},"modified":"2026-02-27T09:34:40","modified_gmt":"2026-02-27T09:34:40","slug":"songmics-2-kpl-kellarihylly-160-cm-korkea","status":"publish","type":"product","link":"https:\/\/nordicmart.andreevmaster.com\/fi\/tuote\/songmics-2-kpl-kellarihylly-160-cm-korkea\/","title":{"rendered":"SONGMICS 2 kpl kellarihylly 160 cm korkea"},"content":{"rendered":"<p>Tuotetiedot: V\u00e4ri: sininen Materiaali: jauhemaalattu ter\u00e4s, MDF (keskitihe\u00e4 kuitulevy)Hyllyn koko: 40 x 80 x 160 cm (S x L x K)Hyllyn paino: 10,2 kgHyllyn maks. staattinen kantavuus: 130 kgToimitus sis\u00e4lt\u00e4\u00e4:2 x varastohylly2 x kaatumissuoja2 x ohjeSONGMICS Huomautukset:K\u00e4yt\u00e4 aina k\u00e4sineit\u00e4 asennuksen aikana.\u00c4l\u00e4 sijoita tuotetta kosteaan ymp\u00e4rist\u00f6\u00f6n.Tekstiss\u00e4 mainittu maks. kantavuus viittaa staattiseen maksimipainoon.<\/p>\n","protected":false},"excerpt":{"rendered":"<p>SONGMICS raskaiden tavaroiden hylly, 2 kpl:n sarja, varastohylly, kellarihylly, 160 x 80 x 40 cm, kantavuus 520 kg, 4 s\u00e4\u00e4dett\u00e4v\u00e4\u00e4 hylly\u00e4, metallihylly, pistokehylly, ty\u00f6pajahylly, kellari, autotalli, sininen GLR88Q<\/p>\n","protected":false},"featured_media":40038,"comment_status":"open","ping_status":"closed","template":"","meta":[],"product_brand":[],"product_cat":[32],"product_tag":[],"class_list":{"0":"post-30825","1":"product","2":"type-product","3":"status-publish","4":"has-post-thumbnail","6":"product_cat-uncategorized-fi","8":"first","9":"instock","10":"shipping-taxable","11":"purchasable","12":"product-type-simple"},"_links":{"self":[{"href":"https:\/\/nordicmart.andreevmaster.com\/fi\/wp-json\/wp\/v2\/product\/30825","targetHints":{"allow":["GET"]}}],"collection":[{"href":"https:\/\/nordicmart.andreevmaster.com\/fi\/wp-json\/wp\/v2\/product"}],"about":[{"href":"https:\/\/nordicmart.andreevmaster.com\/fi\/wp-json\/wp\/v2\/types\/product"}],"replies":[{"embeddable":true,"href":"https:\/\/nordicmart.andreevmaster.com\/fi\/wp-json\/wp\/v2\/comments?post=30825"}],"wp:featuredmedia":[{"embeddable":true,"href":"https:\/\/nordicmart.andreevmaster.com\/fi\/wp-json\/wp\/v2\/media\/40038"}],"wp:attachment":[{"href":"https:\/\/nordicmart.andreevmaster.com\/fi\/wp-json\/wp\/v2\/media?parent=30825"}],"wp:term":[{"taxonomy":"product_brand","embeddable":true,"href":"https:\/\/nordicmart.andreevmaster.com\/fi\/wp-json\/wp\/v2\/product_brand?post=30825"},{"taxonomy":"product_cat","embeddable":true,"href":"https:\/\/nordicmart.andreevmaster.com\/fi\/wp-json\/wp\/v2\/product_cat?post=30825"},{"taxonomy":"product_tag","embeddable":true,"href":"https:\/\/nordicmart.andreevmaster.com\/fi\/wp-json\/wp\/v2\/product_tag?post=30825"}],"curies":[{"name":"wp","href":"https:\/\/api.w.org\/{rel}","templated":true}]}}