{"id":30815,"date":"2026-02-27T00:11:21","date_gmt":"2026-02-27T00:11:21","guid":{"rendered":"https:\/\/nordicmart.andreevmaster.com\/product\/songmics-raskaiden-tavaroiden-hylly-jossa-saadettavat-hyllytasot\/"},"modified":"2026-02-27T09:34:39","modified_gmt":"2026-02-27T09:34:39","slug":"songmics-raskaiden-tavaroiden-hylly-jossa-saadettavat-hyllytasot","status":"publish","type":"product","link":"https:\/\/nordicmart.andreevmaster.com\/fi\/tuote\/songmics-raskaiden-tavaroiden-hylly-jossa-saadettavat-hyllytasot\/","title":{"rendered":"SONGMICS raskaiden tavaroiden hylly, jossa s\u00e4\u00e4dett\u00e4v\u00e4t hyllytasot"},"content":{"rendered":"<p>SONGMICS raskaiden tavaroiden hylly, kellarihylly, 50 x 100 x 200 cm, perhosliitosj\u00e4rjestelm\u00e4, kantavuus 875 kg, helppo asentaa, varastohylly, s\u00e4\u00e4dett\u00e4v\u00e4t hyllytasot, varastohylly, hopea GLR447E01<\/p>\n<p>V\u00e4ri: hopea<br \/>\nMateriaali: ter\u00e4s, MDF-levyt (keskitihe\u00e4 kuitulevy)<br \/>\nKoko: 50 x 100 x 200 cm (S x L x K)<br \/>\nPaino: 16,7 kg<br \/>\nMaks. staattinen kantavuus hylly\u00e4 kohti: 175 kg<br \/>\nMaks. staattinen kokonaiskuormitus: 875 kg<\/p>\n","protected":false},"excerpt":{"rendered":"<p>SONGMICS raskaiden tavaroiden hylly, kellarihylly, 50 x 100 x 200 cm, perhosliitosj\u00e4rjestelm\u00e4, kantavuus 875 kg, helppo asentaa, varastohylly, s\u00e4\u00e4dett\u00e4v\u00e4t hyllytasot, varastohylly, hopea GLR447E01<\/p>\n","protected":false},"featured_media":40028,"comment_status":"open","ping_status":"closed","template":"","meta":[],"product_brand":[],"product_cat":[32],"product_tag":[],"class_list":{"0":"post-30815","1":"product","2":"type-product","3":"status-publish","4":"has-post-thumbnail","6":"product_cat-uncategorized-fi","8":"first","9":"instock","10":"shipping-taxable","11":"purchasable","12":"product-type-simple"},"_links":{"self":[{"href":"https:\/\/nordicmart.andreevmaster.com\/fi\/wp-json\/wp\/v2\/product\/30815","targetHints":{"allow":["GET"]}}],"collection":[{"href":"https:\/\/nordicmart.andreevmaster.com\/fi\/wp-json\/wp\/v2\/product"}],"about":[{"href":"https:\/\/nordicmart.andreevmaster.com\/fi\/wp-json\/wp\/v2\/types\/product"}],"replies":[{"embeddable":true,"href":"https:\/\/nordicmart.andreevmaster.com\/fi\/wp-json\/wp\/v2\/comments?post=30815"}],"wp:featuredmedia":[{"embeddable":true,"href":"https:\/\/nordicmart.andreevmaster.com\/fi\/wp-json\/wp\/v2\/media\/40028"}],"wp:attachment":[{"href":"https:\/\/nordicmart.andreevmaster.com\/fi\/wp-json\/wp\/v2\/media?parent=30815"}],"wp:term":[{"taxonomy":"product_brand","embeddable":true,"href":"https:\/\/nordicmart.andreevmaster.com\/fi\/wp-json\/wp\/v2\/product_brand?post=30815"},{"taxonomy":"product_cat","embeddable":true,"href":"https:\/\/nordicmart.andreevmaster.com\/fi\/wp-json\/wp\/v2\/product_cat?post=30815"},{"taxonomy":"product_tag","embeddable":true,"href":"https:\/\/nordicmart.andreevmaster.com\/fi\/wp-json\/wp\/v2\/product_tag?post=30815"}],"curies":[{"name":"wp","href":"https:\/\/api.w.org\/{rel}","templated":true}]}}