{"id":30814,"date":"2026-02-27T00:11:21","date_gmt":"2026-02-27T00:11:21","guid":{"rendered":"https:\/\/nordicmart.andreevmaster.com\/product\/songmics-varastohylly-kantavuus-875-kg\/"},"modified":"2026-02-27T09:34:38","modified_gmt":"2026-02-27T09:34:38","slug":"songmics-varastohylly-kantavuus-875-kg","status":"publish","type":"product","link":"https:\/\/nordicmart.andreevmaster.com\/fi\/tuote\/songmics-varastohylly-kantavuus-875-kg\/","title":{"rendered":"SONGMICS-varastohylly, kantavuus 875 kg"},"content":{"rendered":"<p>Ovatko puutarhaty\u00f6kalut ja erilaiset tarvikkeet hajallaan autotallissasi? Onko sinulla vaikeuksia l\u00f6yt\u00e4\u00e4 tarvitsemiasi esineit\u00e4? Sitten on korkea aika varustaa autotallisi t\u00e4ll\u00e4 varastohyllyll\u00e4 ja saada kaaos hallintaan. T\u00e4rkeimm\u00e4t syyt, miksi t\u00e4m\u00e4 SONGMICS-hyllyj\u00e4rjestelm\u00e4 on juuri oikea sinulle: Ter\u00e4srunko ja puumateriaalista valmistetut hyllylevyt tarjoavat vahvan tuen.Jalkojen vahvistukset ja poikkipalkit jokaisen hyllytason alla lis\u00e4\u00e4v\u00e4t vakautta. Sinkitty runko on ruostumaton. Jokainen hylly kest\u00e4\u00e4 jopa 175 kg:n painon.Hyllytasojen v\u00e4linen et\u00e4isyys on s\u00e4\u00e4dett\u00e4viss\u00e4 joustavasti. Hyllyn voi my\u00f6s jakaa kahteen osaan. Mukana toimitettu kaatumissuoja takaa turvallisen k\u00e4yt\u00f6n. Hylly sopii kellareihin, pesutupa, ty\u00f6pajoihin ja liiketiloihin. Tuotetiedot: V\u00e4ri: hopea Materiaali: galvanoitu ter\u00e4s, E1-luokan MDF (keskitihe\u00e4 kuitulevy)Koko: 180 x 90 x 40 cm (K x P x L) Paino: 14 kg Maks. staattinen kantavuus hylly\u00e4 kohti: 175 kg EAN: 6955880329137 Toimitus sis\u00e4lt\u00e4\u00e4: 1 x varastohylly 1 x kaatumissuoja 1 x ohjeet (DE, EN, FR, ES, IT) SONGMICS Huomautukset:K\u00e4yt\u00e4 aina k\u00e4sineit\u00e4 asennuksen aikana. \u00c4l\u00e4 sijoita tuotetta kosteaan ymp\u00e4rist\u00f6\u00f6n. Tekstiss\u00e4 mainittu maks. kantavuus viittaa staattiseen maksimipainoon.<\/p>\n","protected":false},"excerpt":{"rendered":"<p>SONGMICS varastohylly 180 x 90 x 40 cm raskaiden tavaroiden hylly, kantavuus max. 875 kg kellarihylly, jauhemaalattu pinta, pistokehylly GLR40Q<\/p>\n","protected":false},"featured_media":46576,"comment_status":"open","ping_status":"closed","template":"","meta":[],"product_brand":[],"product_cat":[32],"product_tag":[],"class_list":{"0":"post-30814","1":"product","2":"type-product","3":"status-publish","4":"has-post-thumbnail","6":"product_cat-uncategorized-fi","8":"first","9":"instock","10":"shipping-taxable","11":"purchasable","12":"product-type-simple"},"_links":{"self":[{"href":"https:\/\/nordicmart.andreevmaster.com\/fi\/wp-json\/wp\/v2\/product\/30814","targetHints":{"allow":["GET"]}}],"collection":[{"href":"https:\/\/nordicmart.andreevmaster.com\/fi\/wp-json\/wp\/v2\/product"}],"about":[{"href":"https:\/\/nordicmart.andreevmaster.com\/fi\/wp-json\/wp\/v2\/types\/product"}],"replies":[{"embeddable":true,"href":"https:\/\/nordicmart.andreevmaster.com\/fi\/wp-json\/wp\/v2\/comments?post=30814"}],"wp:featuredmedia":[{"embeddable":true,"href":"https:\/\/nordicmart.andreevmaster.com\/fi\/wp-json\/wp\/v2\/media\/46576"}],"wp:attachment":[{"href":"https:\/\/nordicmart.andreevmaster.com\/fi\/wp-json\/wp\/v2\/media?parent=30814"}],"wp:term":[{"taxonomy":"product_brand","embeddable":true,"href":"https:\/\/nordicmart.andreevmaster.com\/fi\/wp-json\/wp\/v2\/product_brand?post=30814"},{"taxonomy":"product_cat","embeddable":true,"href":"https:\/\/nordicmart.andreevmaster.com\/fi\/wp-json\/wp\/v2\/product_cat?post=30814"},{"taxonomy":"product_tag","embeddable":true,"href":"https:\/\/nordicmart.andreevmaster.com\/fi\/wp-json\/wp\/v2\/product_tag?post=30814"}],"curies":[{"name":"wp","href":"https:\/\/api.w.org\/{rel}","templated":true}]}}