{"id":30813,"date":"2026-02-27T00:11:21","date_gmt":"2026-02-27T00:11:21","guid":{"rendered":"https:\/\/nordicmart.andreevmaster.com\/product\/songmics-raskaiden-tavaroiden-hylly-875-kg-sininen\/"},"modified":"2026-02-27T09:34:38","modified_gmt":"2026-02-27T09:34:38","slug":"songmics-raskaiden-tavaroiden-hylly-875-kg-sininen","status":"publish","type":"product","link":"https:\/\/nordicmart.andreevmaster.com\/fi\/tuote\/songmics-raskaiden-tavaroiden-hylly-875-kg-sininen\/","title":{"rendered":"SONGMICS raskaiden tavaroiden hylly 875 kg sininen"},"content":{"rendered":"<p>Songmicsin ter\u00e4ksinen raskaiden tavaroiden hylly on helppo ja yksinkertainen asentaa ja sen kantavuus on eritt\u00e4in suuri. Se on monipuolinen ja joustava, sopii kellariin, varastotiloihin tai ty\u00f6pajoihin \u2013 riippumatta siit\u00e4, k\u00e4yt\u00e4tk\u00f6 sit\u00e4 kotona vai ammattik\u00e4yt\u00f6ss\u00e4, se on monipuolinen. Hylly kootaan helposti, eik\u00e4 asennukseen tarvita muita ty\u00f6kaluja kuin kumivasara. Viidell\u00e4 hyllyll\u00e4 ja 175 kg:n kantavuudella hylly voi kantaa yhteens\u00e4 875 kg. Hyllyj\u00e4 voi my\u00f6s sijoittaa yksil\u00f6llisesti haluttuun korkeuteen. Songmicsin raskaiden tavaroiden hyllyn voi my\u00f6s koota kahdeksi pienemm\u00e4ksi hyllyksi tai kahdeksi ty\u00f6p\u00f6yd\u00e4ksi. Tuotetiedot: &#8211; Mitat: 90 x 180 x 40 cm (L x K x S) &#8211; Hyllyjen mitat: 90 x 40 cm &#8211; Hyllyjen paksuus: 6,2 mm &#8211; Metalliosien paksuus: 0,7 mm Toimitus sis\u00e4lt\u00e4\u00e4: &#8211; 1 x raskaiden tavaroiden hylly &#8211; 1 x ohjeet <\/p>\n","protected":false},"excerpt":{"rendered":"<p>SONGMICS varastohylly 180 x 90 x 40 cm raskaiden tavaroiden hylly, kantavuus max. 875 kg kellarihylly, jauhemaalattu pinta, pistokehylly GLR40Q<\/p>\n","protected":false},"featured_media":40027,"comment_status":"open","ping_status":"closed","template":"","meta":[],"product_brand":[],"product_cat":[32],"product_tag":[],"class_list":{"0":"post-30813","1":"product","2":"type-product","3":"status-publish","4":"has-post-thumbnail","6":"product_cat-uncategorized-fi","8":"first","9":"instock","10":"shipping-taxable","11":"purchasable","12":"product-type-simple"},"_links":{"self":[{"href":"https:\/\/nordicmart.andreevmaster.com\/fi\/wp-json\/wp\/v2\/product\/30813","targetHints":{"allow":["GET"]}}],"collection":[{"href":"https:\/\/nordicmart.andreevmaster.com\/fi\/wp-json\/wp\/v2\/product"}],"about":[{"href":"https:\/\/nordicmart.andreevmaster.com\/fi\/wp-json\/wp\/v2\/types\/product"}],"replies":[{"embeddable":true,"href":"https:\/\/nordicmart.andreevmaster.com\/fi\/wp-json\/wp\/v2\/comments?post=30813"}],"wp:featuredmedia":[{"embeddable":true,"href":"https:\/\/nordicmart.andreevmaster.com\/fi\/wp-json\/wp\/v2\/media\/40027"}],"wp:attachment":[{"href":"https:\/\/nordicmart.andreevmaster.com\/fi\/wp-json\/wp\/v2\/media?parent=30813"}],"wp:term":[{"taxonomy":"product_brand","embeddable":true,"href":"https:\/\/nordicmart.andreevmaster.com\/fi\/wp-json\/wp\/v2\/product_brand?post=30813"},{"taxonomy":"product_cat","embeddable":true,"href":"https:\/\/nordicmart.andreevmaster.com\/fi\/wp-json\/wp\/v2\/product_cat?post=30813"},{"taxonomy":"product_tag","embeddable":true,"href":"https:\/\/nordicmart.andreevmaster.com\/fi\/wp-json\/wp\/v2\/product_tag?post=30813"}],"curies":[{"name":"wp","href":"https:\/\/api.w.org\/{rel}","templated":true}]}}