{"id":30812,"date":"2026-02-27T00:11:20","date_gmt":"2026-02-27T00:11:20","guid":{"rendered":"https:\/\/nordicmart.andreevmaster.com\/product\/songmics-varastohylly-5-hyllya\/"},"modified":"2026-02-27T09:34:38","modified_gmt":"2026-02-27T09:34:38","slug":"songmics-varastohylly-5-hyllya","status":"publish","type":"product","link":"https:\/\/nordicmart.andreevmaster.com\/fi\/tuote\/songmics-varastohylly-5-hyllya\/","title":{"rendered":"SONGMICS-varastohylly, 5 hylly\u00e4"},"content":{"rendered":"<p>Vahvistus autotalliin, kellariin tai puutarhavajaan Rakkaat moottorisahan yst\u00e4v\u00e4t, lehtipuhaltimien sankarit ja harrastelijamekaanikot, ymm\u00e4rr\u00e4mme intohimonne raskaisiin laitteisiin, ty\u00f6kaluihin ja vanhaan kunnon k\u00e4sity\u00f6h\u00f6n. Helpottaaksemme ty\u00f6t\u00e4nne ja auttaaksemme teit\u00e4 pit\u00e4m\u00e4\u00e4n autotallin tai puutarhavajan siistin\u00e4, tarjoamme teille t\u00e4m\u00e4n tukevan raskaiden tavaroiden hyllyn, jolle voitte varastoida kaikki laitteenne. Varastohyllyn edut yhdell\u00e4 silm\u00e4yksell\u00e4: &#8211; Helppo asentaa; \u00e4lyk\u00e4s pistokej\u00e4rjestelm\u00e4 &#8211; avaimenreik\u00e4muotoiset pistokeliit\u00e4nn\u00e4t; Hyllylevyt liukuvat helposti paikoilleen &#8211; Tukeva, ruostumaton runko galvanoidusta ter\u00e4ksest\u00e4, kest\u00e4v\u00e4ll\u00e4 jauhemaalauksella &#8211; Hyllylevyt MDF-levyist\u00e4, kunkin kantavuus 175 kg &#8211; Hyllylevyt s\u00e4\u00e4dett\u00e4viss\u00e4 halutun korkeuden mukaan &#8211; Hylly voidaan jakaa kahteen osaan; voidaan k\u00e4ytt\u00e4\u00e4 90 cm korkeana ty\u00f6p\u00f6yt\u00e4n\u00e4 &#8211; Varustettu jalkakupilla Tuotetiedot: &#8211; V\u00e4ri: musta, luonnonv\u00e4ri &#8211; Materiaali: E1-luokan MDF (keskitihe\u00e4 kuitulevy), galvanoitu ter\u00e4s, jauhemaalattu &#8211; Koko: 90 x 40 x 180 cm (P x L x K) &#8211; Hyllylevyn koko: 89,2 x 39,2 cm (P x L) &#8211; Hyllytasojen maks. staattinen kantavuus: 175 kg Toimitus sis\u00e4lt\u00e4\u00e4: &#8211; 1 x varastohylly &#8211; 1 x s\u00e4ilytyslaatikko lis\u00e4varusteineen &#8211; 1 x ohjeet (DE, EN, FR, ES, IT) SONGMICS-ohjeet: &#8211; Huomaa, ett\u00e4 avaimenreik\u00e4muotoisten kiinnityskolojen kapeampi osa on aina osoitettava alasp\u00e4in. N\u00e4in varmistat sujuvan asennuksen. &#8211; K\u00e4yt\u00e4 aina ty\u00f6k\u00e4sineit\u00e4 asennuksen aikana. &#8211; Kaikki kuormituskyky\u00e4 koskevat tiedot viittaavat maksimaaliseen staattiseen kuormituskykyyn tasaisella alustalla.<\/p>\n","protected":false},"excerpt":{"rendered":"<p>SONGMICS varastohylly 180 x 90 x 40 cm raskaiden tavaroiden hylly, kantavuus max. 875 kg kellarihylly, jauhemaalattu pinta, pistokehylly GLR40Q<\/p>\n","protected":false},"featured_media":40026,"comment_status":"open","ping_status":"closed","template":"","meta":[],"product_brand":[],"product_cat":[32],"product_tag":[],"class_list":{"0":"post-30812","1":"product","2":"type-product","3":"status-publish","4":"has-post-thumbnail","6":"product_cat-uncategorized-fi","8":"first","9":"instock","10":"shipping-taxable","11":"purchasable","12":"product-type-simple"},"_links":{"self":[{"href":"https:\/\/nordicmart.andreevmaster.com\/fi\/wp-json\/wp\/v2\/product\/30812","targetHints":{"allow":["GET"]}}],"collection":[{"href":"https:\/\/nordicmart.andreevmaster.com\/fi\/wp-json\/wp\/v2\/product"}],"about":[{"href":"https:\/\/nordicmart.andreevmaster.com\/fi\/wp-json\/wp\/v2\/types\/product"}],"replies":[{"embeddable":true,"href":"https:\/\/nordicmart.andreevmaster.com\/fi\/wp-json\/wp\/v2\/comments?post=30812"}],"wp:featuredmedia":[{"embeddable":true,"href":"https:\/\/nordicmart.andreevmaster.com\/fi\/wp-json\/wp\/v2\/media\/40026"}],"wp:attachment":[{"href":"https:\/\/nordicmart.andreevmaster.com\/fi\/wp-json\/wp\/v2\/media?parent=30812"}],"wp:term":[{"taxonomy":"product_brand","embeddable":true,"href":"https:\/\/nordicmart.andreevmaster.com\/fi\/wp-json\/wp\/v2\/product_brand?post=30812"},{"taxonomy":"product_cat","embeddable":true,"href":"https:\/\/nordicmart.andreevmaster.com\/fi\/wp-json\/wp\/v2\/product_cat?post=30812"},{"taxonomy":"product_tag","embeddable":true,"href":"https:\/\/nordicmart.andreevmaster.com\/fi\/wp-json\/wp\/v2\/product_tag?post=30812"}],"curies":[{"name":"wp","href":"https:\/\/api.w.org\/{rel}","templated":true}]}}