{"id":30811,"date":"2026-02-27T00:11:20","date_gmt":"2026-02-27T00:11:20","guid":{"rendered":"https:\/\/nordicmart.andreevmaster.com\/product\/songmics-raskaiden-tavaroiden-hylly-650-kg-sininen\/"},"modified":"2026-02-27T09:34:38","modified_gmt":"2026-02-27T09:34:38","slug":"songmics-raskaiden-tavaroiden-hylly-650-kg-sininen","status":"publish","type":"product","link":"https:\/\/nordicmart.andreevmaster.com\/fi\/tuote\/songmics-raskaiden-tavaroiden-hylly-650-kg-sininen\/","title":{"rendered":"SONGMICS raskaiden tavaroiden hylly 650 kg sininen"},"content":{"rendered":"<p>Kuvaus Songmics raskaiden tavaroiden hylly on valmistettu ter\u00e4ksest\u00e4, ja sen asennus on helppoa ja yksinkertaista. Se on eritt\u00e4in kest\u00e4v\u00e4. Hylly on monipuolinen ja joustava, ja se sopii kellariin, varastotiloihin tai ty\u00f6pajoihin \u2013 riippumatta siit\u00e4, k\u00e4yt\u00e4tk\u00f6 sit\u00e4 kotona vai ammattik\u00e4yt\u00f6ss\u00e4. Hylly kootaan helposti, eik\u00e4 asennukseen tarvita muita ty\u00f6kaluja kuin kumivasara. Hyllyss\u00e4 on 5 hyllylevy\u00e4, joiden kantavuus on 130 kg, joten kellarihyllyyn mahtuu yhteens\u00e4 650 kg. Hyllylevyt voidaan my\u00f6s asettaa yksil\u00f6llisesti haluttuun korkeuteen. Songmicsin raskaiden tavaroiden hyllyn voi my\u00f6s koota kahdeksi pienemm\u00e4ksi hyllyksi tai kahdeksi ty\u00f6p\u00f6yd\u00e4ksi. Tuotetiedot: &#8211; Mitat: 150 x 75 x 30 cm &#8211; Hyllylevyjen mitat: 75 x 30 cm &#8211; Hyllylevyjen paksuus: 6,2 mm &#8211; Metalliosien paksuus: 0,7 mm Huomautukset: &#8211; Tuote on tarkoitettu vain sis\u00e4k\u00e4ytt\u00f6\u00f6n. Asenna ja k\u00e4yt\u00e4 tuotetta vain t\u00e4m\u00e4n ohjeen mukaisesti. J\u00e4lleenmyyj\u00e4 ei ole vastuussa vahingoista, jotka ovat aiheutuneet v\u00e4\u00e4r\u00e4st\u00e4 k\u00e4yt\u00f6st\u00e4 tai virheellisest\u00e4 asennuksesta. &#8211; Asennus on suoritettava kahden henkil\u00f6n voimin. K\u00e4yt\u00e4 hyllyn kokoamisessa suojak\u00e4sineit\u00e4 loukkaantumisten v\u00e4ltt\u00e4miseksi. Noudata my\u00f6s tarvittavia turvallisuustoimenpiteit\u00e4. &#8211; Tarvittavat ty\u00f6kalut ovat k\u00e4sineet, kumivasara ja ruuvimeisseli (ei sis\u00e4lly toimitukseen). Toimitus sis\u00e4lt\u00e4\u00e4: &#8211; 1 x raskaiden tavaroiden hylly &#8211; 1 x ohjeet<\/p>\n","protected":false},"excerpt":{"rendered":"<p>SONGMICS Varastohylly 150 x 75 x 30 cm Raskaiden tavaroiden hylly, kantavuus max. 650 kg Kellarihylly, jauhemaalattu pinta, pistokehylly GLR30Q<\/p>\n","protected":false},"featured_media":0,"comment_status":"open","ping_status":"closed","template":"","meta":[],"product_brand":[],"product_cat":[32],"product_tag":[],"class_list":{"0":"post-30811","1":"product","2":"type-product","3":"status-publish","5":"product_cat-uncategorized-fi","7":"first","8":"instock","9":"shipping-taxable","10":"purchasable","11":"product-type-simple"},"_links":{"self":[{"href":"https:\/\/nordicmart.andreevmaster.com\/fi\/wp-json\/wp\/v2\/product\/30811","targetHints":{"allow":["GET"]}}],"collection":[{"href":"https:\/\/nordicmart.andreevmaster.com\/fi\/wp-json\/wp\/v2\/product"}],"about":[{"href":"https:\/\/nordicmart.andreevmaster.com\/fi\/wp-json\/wp\/v2\/types\/product"}],"replies":[{"embeddable":true,"href":"https:\/\/nordicmart.andreevmaster.com\/fi\/wp-json\/wp\/v2\/comments?post=30811"}],"wp:attachment":[{"href":"https:\/\/nordicmart.andreevmaster.com\/fi\/wp-json\/wp\/v2\/media?parent=30811"}],"wp:term":[{"taxonomy":"product_brand","embeddable":true,"href":"https:\/\/nordicmart.andreevmaster.com\/fi\/wp-json\/wp\/v2\/product_brand?post=30811"},{"taxonomy":"product_cat","embeddable":true,"href":"https:\/\/nordicmart.andreevmaster.com\/fi\/wp-json\/wp\/v2\/product_cat?post=30811"},{"taxonomy":"product_tag","embeddable":true,"href":"https:\/\/nordicmart.andreevmaster.com\/fi\/wp-json\/wp\/v2\/product_tag?post=30811"}],"curies":[{"name":"wp","href":"https:\/\/api.w.org\/{rel}","templated":true}]}}