{"id":30801,"date":"2026-02-27T00:11:18","date_gmt":"2026-02-27T00:11:18","guid":{"rendered":"https:\/\/nordicmart.andreevmaster.com\/product\/songmics-metallihylly-3-tasoa\/"},"modified":"2026-02-27T09:34:36","modified_gmt":"2026-02-27T09:34:36","slug":"songmics-metallihylly-3-tasoa","status":"publish","type":"product","link":"https:\/\/nordicmart.andreevmaster.com\/fi\/tuote\/songmics-metallihylly-3-tasoa\/","title":{"rendered":"SONGMICS metallihylly, 3 tasoa"},"content":{"rendered":"<p>SONGMICS-hyllyn edut yhdell\u00e4 silm\u00e4yksell\u00e4: &#8211; Ter\u00e4srakenne tarjoaa tukevan pidon &#8211; Vahvistetut poikkipalkit jokaisen metallihyllyn alla lis\u00e4\u00e4v\u00e4t vakautta &#8211; Jauhemaalattu pinta on ruostumaton ja kest\u00e4v\u00e4 &#8211; Jokainen hylly kest\u00e4\u00e4 jopa 80 kg:n painon &#8211; Jokainen hylly on korkeuss\u00e4\u00e4dett\u00e4v\u00e4, joten se on joustava &#8211; Mukana toimitettu kaatumissuoja takaa turvallisen ja vakaan k\u00e4yt\u00f6n &#8211; Sopii keitti\u00f6\u00f6n, kellariin, olohuoneeseen, autotalliin, parvekkeelle jne. Tuotetiedot: &#8211; V\u00e4ri: musta &#8211; Materiaali: ter\u00e4s &#8211; Koko: 40 x 65 x 80 cm (S x L x K) &#8211; Paino: 7 kg &#8211; Maks. staattinen kantavuus per taso: 80 kg &#8211; Maks. staattinen kantavuus yhteens\u00e4: 240 kg Toimitussis\u00e4lt\u00f6:- 1 x s\u00e4ilytyshylly &#8211; 1 x kaatumissuoja &#8211; 1 x ohjeet SONGMICS Huomautukset: &#8211; Kiinnit\u00e4 t\u00e4m\u00e4 tuote sein\u00e4\u00e4n mukana toimitetulla kaatumissuojalla turvallisen k\u00e4yt\u00f6n varmistamiseksi. &#8211; K\u00e4yt\u00e4 aina k\u00e4sineit\u00e4 asennuksen aikana. &#8211; \u00c4l\u00e4 sijoita tuotetta kosteaan ymp\u00e4rist\u00f6\u00f6n. &#8211; Tekstiss\u00e4 mainittu maks. kantavuus viittaa staattiseen maksimipainoon.<\/p>\n","protected":false},"excerpt":{"rendered":"<p>SONGMICS hylly, keitti\u00f6hylly, metallihylly, varastohylly, 3 tasoa, korkeuss\u00e4\u00e4dett\u00e4v\u00e4 hylly, 40 x 65 x 80 cm, kantavuus 240 kg, mikroaaltouunille tai leiv\u00e4npaahtimelle, musta GLR065B01<\/p>\n","protected":false},"featured_media":40016,"comment_status":"open","ping_status":"closed","template":"","meta":[],"product_brand":[],"product_cat":[32],"product_tag":[],"class_list":{"0":"post-30801","1":"product","2":"type-product","3":"status-publish","4":"has-post-thumbnail","6":"product_cat-uncategorized-fi","8":"first","9":"instock","10":"shipping-taxable","11":"purchasable","12":"product-type-simple"},"_links":{"self":[{"href":"https:\/\/nordicmart.andreevmaster.com\/fi\/wp-json\/wp\/v2\/product\/30801","targetHints":{"allow":["GET"]}}],"collection":[{"href":"https:\/\/nordicmart.andreevmaster.com\/fi\/wp-json\/wp\/v2\/product"}],"about":[{"href":"https:\/\/nordicmart.andreevmaster.com\/fi\/wp-json\/wp\/v2\/types\/product"}],"replies":[{"embeddable":true,"href":"https:\/\/nordicmart.andreevmaster.com\/fi\/wp-json\/wp\/v2\/comments?post=30801"}],"wp:featuredmedia":[{"embeddable":true,"href":"https:\/\/nordicmart.andreevmaster.com\/fi\/wp-json\/wp\/v2\/media\/40016"}],"wp:attachment":[{"href":"https:\/\/nordicmart.andreevmaster.com\/fi\/wp-json\/wp\/v2\/media?parent=30801"}],"wp:term":[{"taxonomy":"product_brand","embeddable":true,"href":"https:\/\/nordicmart.andreevmaster.com\/fi\/wp-json\/wp\/v2\/product_brand?post=30801"},{"taxonomy":"product_cat","embeddable":true,"href":"https:\/\/nordicmart.andreevmaster.com\/fi\/wp-json\/wp\/v2\/product_cat?post=30801"},{"taxonomy":"product_tag","embeddable":true,"href":"https:\/\/nordicmart.andreevmaster.com\/fi\/wp-json\/wp\/v2\/product_tag?post=30801"}],"curies":[{"name":"wp","href":"https:\/\/api.w.org\/{rel}","templated":true}]}}