{"id":30794,"date":"2026-02-27T00:11:17","date_gmt":"2026-02-27T00:11:17","guid":{"rendered":"https:\/\/nordicmart.andreevmaster.com\/product\/songmics-teline-5-hyllya-teollinen-muotoilu\/"},"modified":"2026-02-27T09:34:35","modified_gmt":"2026-02-27T09:34:35","slug":"songmics-teline-5-hyllya-teollinen-muotoilu","status":"publish","type":"product","link":"https:\/\/nordicmart.andreevmaster.com\/fi\/tuote\/songmics-teline-5-hyllya-teollinen-muotoilu\/","title":{"rendered":"SONGMICS-teline, 5 hylly\u00e4, teollinen muotoilu"},"content":{"rendered":"<p>SONGMICS raskaiden tavaroiden hylly, varastohylly, kellarihylly, 200 x 120 x 60 cm, kantavuus 875 kg, 5 s\u00e4\u00e4dett\u00e4v\u00e4\u00e4 hylly\u00e4, metallihylly, pistokehylly, ty\u00f6pajahylly, sininen GLR060Q01<br \/>\nV\u00e4ri: vintage-ruskea-musta<br \/>\nMateriaali: ter\u00e4s, MDF (keskitihe\u00e4 kuitulevy)<br \/>\nKoko: 60 x 120 x 200 cm (S x L x K)<br \/>\nPaino: 22,8 kg<br \/>\nMaks. staattinen kantavuus tasoa kohti: 150 kg<br \/>\nMaks. staattinen kantavuus yhteens\u00e4: 750 kg<\/p>\n","protected":false},"excerpt":{"rendered":"<p>SONGMICS raskaiden tavaroiden hylly, varastohylly, kellarihylly, 200 x 120 x 60 cm, kantavuus 875 kg, 5 s\u00e4\u00e4dett\u00e4v\u00e4\u00e4 hylly\u00e4, metallihylly, pistokehylly, ty\u00f6pajahylly, sininen GLR060Q01<\/p>\n","protected":false},"featured_media":40009,"comment_status":"open","ping_status":"closed","template":"","meta":[],"product_brand":[],"product_cat":[32],"product_tag":[],"class_list":{"0":"post-30794","1":"product","2":"type-product","3":"status-publish","4":"has-post-thumbnail","6":"product_cat-uncategorized-fi","8":"first","9":"instock","10":"shipping-taxable","11":"purchasable","12":"product-type-simple"},"_links":{"self":[{"href":"https:\/\/nordicmart.andreevmaster.com\/fi\/wp-json\/wp\/v2\/product\/30794","targetHints":{"allow":["GET"]}}],"collection":[{"href":"https:\/\/nordicmart.andreevmaster.com\/fi\/wp-json\/wp\/v2\/product"}],"about":[{"href":"https:\/\/nordicmart.andreevmaster.com\/fi\/wp-json\/wp\/v2\/types\/product"}],"replies":[{"embeddable":true,"href":"https:\/\/nordicmart.andreevmaster.com\/fi\/wp-json\/wp\/v2\/comments?post=30794"}],"wp:featuredmedia":[{"embeddable":true,"href":"https:\/\/nordicmart.andreevmaster.com\/fi\/wp-json\/wp\/v2\/media\/40009"}],"wp:attachment":[{"href":"https:\/\/nordicmart.andreevmaster.com\/fi\/wp-json\/wp\/v2\/media?parent=30794"}],"wp:term":[{"taxonomy":"product_brand","embeddable":true,"href":"https:\/\/nordicmart.andreevmaster.com\/fi\/wp-json\/wp\/v2\/product_brand?post=30794"},{"taxonomy":"product_cat","embeddable":true,"href":"https:\/\/nordicmart.andreevmaster.com\/fi\/wp-json\/wp\/v2\/product_cat?post=30794"},{"taxonomy":"product_tag","embeddable":true,"href":"https:\/\/nordicmart.andreevmaster.com\/fi\/wp-json\/wp\/v2\/product_tag?post=30794"}],"curies":[{"name":"wp","href":"https:\/\/api.w.org\/{rel}","templated":true}]}}