{"id":30792,"date":"2026-02-27T00:11:16","date_gmt":"2026-02-27T00:11:16","guid":{"rendered":"https:\/\/nordicmart.andreevmaster.com\/product\/songmics-5-tasoinen-raskaiden-tavaroiden-hylly\/"},"modified":"2026-02-27T09:34:34","modified_gmt":"2026-02-27T09:34:34","slug":"songmics-5-tasoinen-raskaiden-tavaroiden-hylly","status":"publish","type":"product","link":"https:\/\/nordicmart.andreevmaster.com\/fi\/tuote\/songmics-5-tasoinen-raskaiden-tavaroiden-hylly\/","title":{"rendered":"SONGMICS 5-tasoinen raskaiden tavaroiden hylly"},"content":{"rendered":"<p>Ovatko puutarhaty\u00f6kalut ja erilaiset tarvikkeet hajallaan autotallissasi? Onko sinulla vaikeuksia l\u00f6yt\u00e4\u00e4 tarvitsemiasi esineit\u00e4? Sitten on korkea aika varustaa autotallisi t\u00e4ll\u00e4 varastohyllyll\u00e4 ja saada kaaos hallintaan. T\u00e4rkeimm\u00e4t syyt, miksi t\u00e4m\u00e4 SONGMICS-hyllyj\u00e4rjestelm\u00e4 on juuri oikea sinulle: Vahvistettu ter\u00e4srunko ja MDF-hyllylevyt tarjoavat vahvan tuen.Poikkipalkit jokaisen hyllytason alla lis\u00e4\u00e4v\u00e4t vakautta. Runko on ruostumaton ja kulutusta kest\u00e4v\u00e4. Jokainen hylly kest\u00e4\u00e4 painoa jopa 175 kg. Hyllytasojen v\u00e4linen et\u00e4isyys on s\u00e4\u00e4dett\u00e4viss\u00e4 joustavasti. Hyllyn voi my\u00f6s jakaa kahteen osaan. Mukana toimitettu kaatumissuoja takaa turvallisen k\u00e4yt\u00f6n. Hylly sopii kellaritiloihin, ty\u00f6pajoihin ja liiketiloihin.Tuotetiedot: V\u00e4ri: musta Materiaali: ter\u00e4s, MDF (keskitihe\u00e4 kuitulevy) Koko: 200 x 120 x 60 cm (K x P x L) Paino: 22,8 kg Maks. staattinen kantavuus hylly\u00e4 kohti: 175 kg Toimitus sis\u00e4lt\u00e4\u00e4: 1 x varastohylly 1 x kaatumissuoja 1 x ohjeet SONGMICS Huomautukset:K\u00e4yt\u00e4 aina k\u00e4sineit\u00e4 asennuksen aikana. \u00c4l\u00e4 sijoita tuotetta kosteaan ymp\u00e4rist\u00f6\u00f6n. Tekstiss\u00e4 mainittu maks. kantavuus viittaa staattiseen maksimipainoon.<\/p>\n","protected":false},"excerpt":{"rendered":"<p>SONGMICS raskaiden tavaroiden hylly, varastohylly, kellarihylly, 200 x 120 x 60 cm, kantavuus 875 kg, 5 s\u00e4\u00e4dett\u00e4v\u00e4\u00e4 hylly\u00e4, metallihylly, pistokehylly, ty\u00f6pajahylly, sininen GLR060Q01<\/p>\n","protected":false},"featured_media":40007,"comment_status":"open","ping_status":"closed","template":"","meta":[],"product_brand":[],"product_cat":[32],"product_tag":[],"class_list":{"0":"post-30792","1":"product","2":"type-product","3":"status-publish","4":"has-post-thumbnail","6":"product_cat-uncategorized-fi","8":"first","9":"instock","10":"shipping-taxable","11":"purchasable","12":"product-type-simple"},"_links":{"self":[{"href":"https:\/\/nordicmart.andreevmaster.com\/fi\/wp-json\/wp\/v2\/product\/30792","targetHints":{"allow":["GET"]}}],"collection":[{"href":"https:\/\/nordicmart.andreevmaster.com\/fi\/wp-json\/wp\/v2\/product"}],"about":[{"href":"https:\/\/nordicmart.andreevmaster.com\/fi\/wp-json\/wp\/v2\/types\/product"}],"replies":[{"embeddable":true,"href":"https:\/\/nordicmart.andreevmaster.com\/fi\/wp-json\/wp\/v2\/comments?post=30792"}],"wp:featuredmedia":[{"embeddable":true,"href":"https:\/\/nordicmart.andreevmaster.com\/fi\/wp-json\/wp\/v2\/media\/40007"}],"wp:attachment":[{"href":"https:\/\/nordicmart.andreevmaster.com\/fi\/wp-json\/wp\/v2\/media?parent=30792"}],"wp:term":[{"taxonomy":"product_brand","embeddable":true,"href":"https:\/\/nordicmart.andreevmaster.com\/fi\/wp-json\/wp\/v2\/product_brand?post=30792"},{"taxonomy":"product_cat","embeddable":true,"href":"https:\/\/nordicmart.andreevmaster.com\/fi\/wp-json\/wp\/v2\/product_cat?post=30792"},{"taxonomy":"product_tag","embeddable":true,"href":"https:\/\/nordicmart.andreevmaster.com\/fi\/wp-json\/wp\/v2\/product_tag?post=30792"}],"curies":[{"name":"wp","href":"https:\/\/api.w.org\/{rel}","templated":true}]}}