{"id":30783,"date":"2026-02-27T00:11:14","date_gmt":"2026-02-27T00:11:14","guid":{"rendered":"https:\/\/nordicmart.andreevmaster.com\/product\/songmics-saadettava-hyllykko-5-hyllya-50-x-100-x-200-cm-greige-musta\/"},"modified":"2026-02-27T09:34:33","modified_gmt":"2026-02-27T09:34:33","slug":"songmics-saadettava-hyllykko-5-hyllya-50-x-100-x-200-cm-greige-musta","status":"publish","type":"product","link":"https:\/\/nordicmart.andreevmaster.com\/fi\/tuote\/songmics-saadettava-hyllykko-5-hyllya-50-x-100-x-200-cm-greige-musta\/","title":{"rendered":"SONGMICS s\u00e4\u00e4dett\u00e4v\u00e4 hyllykk\u00f6, 5 hylly\u00e4, 50 x 100 x 200 cm, greige-musta"},"content":{"rendered":"<p>SONGMICS varastohyllyt, raskaiden tavaroiden hyllyt, 2 kpl, kellarihyllyt, 180 x 90 x 40 cm, kantavuus 875 kg, hyllyt, pistokehykset, vahvistettu ter\u00e4srunko, 5 s\u00e4\u00e4dett\u00e4v\u00e4\u00e4 hylly\u00e4, hopea GLR040E02<br \/>\nV\u00e4ri: greige-musta<br \/>\nMateriaali: ter\u00e4s, MDF (keskitihe\u00e4 kuitulevy)<br \/>\nKoko: 50 x 100 x 200 cm (S x L x K)<br \/>\nPaino: 15,7 kg<br \/>\nMaks. staattinen kantavuus tasoa kohti: 120 kg<br \/>\nMaks. staattinen kokonaiskuormitus: 600 kg<\/p>\n","protected":false},"excerpt":{"rendered":"<p>SONGMICS varastohyllyt, raskaiden tavaroiden hyllyt, 2 kpl, kellarihyllyt, 180 x 90 x 40 cm, kantavuus 875 kg, hyllyt, pistokehykset, vahvistettu ter\u00e4srunko, 5 s\u00e4\u00e4dett\u00e4v\u00e4\u00e4 hylly\u00e4, hopea GLR040E02<\/p>\n","protected":false},"featured_media":39998,"comment_status":"open","ping_status":"closed","template":"","meta":[],"product_brand":[],"product_cat":[32],"product_tag":[],"class_list":{"0":"post-30783","1":"product","2":"type-product","3":"status-publish","4":"has-post-thumbnail","6":"product_cat-uncategorized-fi","8":"first","9":"instock","10":"shipping-taxable","11":"purchasable","12":"product-type-simple"},"_links":{"self":[{"href":"https:\/\/nordicmart.andreevmaster.com\/fi\/wp-json\/wp\/v2\/product\/30783","targetHints":{"allow":["GET"]}}],"collection":[{"href":"https:\/\/nordicmart.andreevmaster.com\/fi\/wp-json\/wp\/v2\/product"}],"about":[{"href":"https:\/\/nordicmart.andreevmaster.com\/fi\/wp-json\/wp\/v2\/types\/product"}],"replies":[{"embeddable":true,"href":"https:\/\/nordicmart.andreevmaster.com\/fi\/wp-json\/wp\/v2\/comments?post=30783"}],"wp:featuredmedia":[{"embeddable":true,"href":"https:\/\/nordicmart.andreevmaster.com\/fi\/wp-json\/wp\/v2\/media\/39998"}],"wp:attachment":[{"href":"https:\/\/nordicmart.andreevmaster.com\/fi\/wp-json\/wp\/v2\/media?parent=30783"}],"wp:term":[{"taxonomy":"product_brand","embeddable":true,"href":"https:\/\/nordicmart.andreevmaster.com\/fi\/wp-json\/wp\/v2\/product_brand?post=30783"},{"taxonomy":"product_cat","embeddable":true,"href":"https:\/\/nordicmart.andreevmaster.com\/fi\/wp-json\/wp\/v2\/product_cat?post=30783"},{"taxonomy":"product_tag","embeddable":true,"href":"https:\/\/nordicmart.andreevmaster.com\/fi\/wp-json\/wp\/v2\/product_tag?post=30783"}],"curies":[{"name":"wp","href":"https:\/\/api.w.org\/{rel}","templated":true}]}}