{"id":30781,"date":"2026-02-27T00:11:14","date_gmt":"2026-02-27T00:11:14","guid":{"rendered":"https:\/\/nordicmart.andreevmaster.com\/product\/songmics-teline-metallirungolla\/"},"modified":"2026-02-27T09:34:33","modified_gmt":"2026-02-27T09:34:33","slug":"songmics-teline-metallirungolla","status":"publish","type":"product","link":"https:\/\/nordicmart.andreevmaster.com\/fi\/tuote\/songmics-teline-metallirungolla\/","title":{"rendered":"SONGMICS-teline metallirungolla"},"content":{"rendered":"<p>SONGMICS-hyllyn edut yhdell\u00e4 silm\u00e4yksell\u00e4: Ter\u00e4srakenne tarjoaa tukevan pidon. Vahvistetut poikkipalkit jokaisen metallihyllyn alla lis\u00e4\u00e4v\u00e4t vakautta. Jauhemaalattu pinta on ruostumaton ja kest\u00e4v\u00e4. Jokainen hylly kest\u00e4\u00e4 jopa 120 kg:n painon. Jokaisen hyllyn korkeutta voi s\u00e4\u00e4t\u00e4\u00e4. hylly\u00e4 voidaan k\u00e4ytt\u00e4\u00e4 my\u00f6s erikseen Mukana toimitettu kaatumissuoja takaa turvallisen ja vakaan k\u00e4yt\u00f6n Sopii kellariin, keitti\u00f6\u00f6n, olohuoneeseen, parvekkeelle, toimistoon ja autotalliin Tuotetiedot:V\u00e4ri: vintage-ruskea-musta Materiaali: lastulevy, ter\u00e4s Koko: 50 x 100 x 200 cm (S x L x K) Paino: 18 kg Maks. staattinen kantavuus per taso: 120 kg Maks. staattinen kantavuus yhteens\u00e4: 600 kg Toimitus sis\u00e4lt\u00e4\u00e4: 1 x raskaiden tavaroiden hylly 1 x kaatumissuoja 1 x ohjeet SONGMICSin ohjeet:Kiinnit\u00e4 t\u00e4m\u00e4 tuote sein\u00e4\u00e4n mukana toimitetulla kaatumissuojalla turvallisen k\u00e4yt\u00f6n varmistamiseksi. K\u00e4yt\u00e4 aina k\u00e4sineit\u00e4 asennuksen aikana. \u00c4l\u00e4 sijoita tuotetta kosteaan ymp\u00e4rist\u00f6\u00f6n. Tekstiss\u00e4 mainittu maks. kantavuus viittaa staattiseen maksimipainoon.<\/p>\n","protected":false},"excerpt":{"rendered":"<p>SONGMICS varastohyllyt, raskaiden tavaroiden hyllyt, 2 kpl, kellarihyllyt, 180 x 90 x 40 cm, kantavuus 875 kg, hyllyt, pistokehykset, vahvistettu ter\u00e4srunko, 5 s\u00e4\u00e4dett\u00e4v\u00e4\u00e4 hylly\u00e4, hopea GLR040E02<\/p>\n","protected":false},"featured_media":39996,"comment_status":"open","ping_status":"closed","template":"","meta":[],"product_brand":[],"product_cat":[32],"product_tag":[],"class_list":{"0":"post-30781","1":"product","2":"type-product","3":"status-publish","4":"has-post-thumbnail","6":"product_cat-uncategorized-fi","8":"first","9":"instock","10":"shipping-taxable","11":"purchasable","12":"product-type-simple"},"_links":{"self":[{"href":"https:\/\/nordicmart.andreevmaster.com\/fi\/wp-json\/wp\/v2\/product\/30781","targetHints":{"allow":["GET"]}}],"collection":[{"href":"https:\/\/nordicmart.andreevmaster.com\/fi\/wp-json\/wp\/v2\/product"}],"about":[{"href":"https:\/\/nordicmart.andreevmaster.com\/fi\/wp-json\/wp\/v2\/types\/product"}],"replies":[{"embeddable":true,"href":"https:\/\/nordicmart.andreevmaster.com\/fi\/wp-json\/wp\/v2\/comments?post=30781"}],"wp:featuredmedia":[{"embeddable":true,"href":"https:\/\/nordicmart.andreevmaster.com\/fi\/wp-json\/wp\/v2\/media\/39996"}],"wp:attachment":[{"href":"https:\/\/nordicmart.andreevmaster.com\/fi\/wp-json\/wp\/v2\/media?parent=30781"}],"wp:term":[{"taxonomy":"product_brand","embeddable":true,"href":"https:\/\/nordicmart.andreevmaster.com\/fi\/wp-json\/wp\/v2\/product_brand?post=30781"},{"taxonomy":"product_cat","embeddable":true,"href":"https:\/\/nordicmart.andreevmaster.com\/fi\/wp-json\/wp\/v2\/product_cat?post=30781"},{"taxonomy":"product_tag","embeddable":true,"href":"https:\/\/nordicmart.andreevmaster.com\/fi\/wp-json\/wp\/v2\/product_tag?post=30781"}],"curies":[{"name":"wp","href":"https:\/\/api.w.org\/{rel}","templated":true}]}}