{"id":30772,"date":"2026-02-27T00:11:12","date_gmt":"2026-02-27T00:11:12","guid":{"rendered":"https:\/\/nordicmart.andreevmaster.com\/product\/songmics-raskaiden-tavaroiden-hylly-musta\/"},"modified":"2026-02-27T09:34:31","modified_gmt":"2026-02-27T09:34:31","slug":"songmics-raskaiden-tavaroiden-hylly-musta","status":"publish","type":"product","link":"https:\/\/nordicmart.andreevmaster.com\/fi\/tuote\/songmics-raskaiden-tavaroiden-hylly-musta\/","title":{"rendered":"SONGMICS raskaiden tavaroiden hylly, musta"},"content":{"rendered":"<p>SONGMICS varastohylly 4 hyllyll\u00e4, raskaiden tavaroiden metallihylly, hyllyj\u00e4rjestelm\u00e4, kantavuus 520 kg (130 kg per hylly), korkeuss\u00e4\u00e4dett\u00e4v\u00e4, ty\u00f6kaluhylly, 160 x 80 x 40, autotalli, kellari, sininen GLR44Q<br \/>\nV\u00e4ri: musta<br \/>\nMateriaali: jauhemaalattu ter\u00e4s, MDF (keskitihe\u00e4 kuitulevy)<br \/>\nKoko: 40 x 80 x 160 cm (S x L x K)<br \/>\nPaino: 10,5 kg<br \/>\nJokaisen hyllyn maks. staattinen kantavuus: 130 kg<br \/>\nMaks. staattinen kokonaiskuormitus: 520 kg<\/p>\n","protected":false},"excerpt":{"rendered":"<p>SONGMICS varastohylly 4 hyllyll\u00e4, raskaiden tavaroiden metallihylly, hyllyj\u00e4rjestelm\u00e4, kantavuus 520 kg (130 kg per hylly), korkeuss\u00e4\u00e4dett\u00e4v\u00e4, ty\u00f6kaluhylly, 160 x 80 x 40, autotalli, kellari, sininen GLR44Q<\/p>\n","protected":false},"featured_media":39987,"comment_status":"open","ping_status":"closed","template":"","meta":[],"product_brand":[],"product_cat":[32],"product_tag":[],"class_list":{"0":"post-30772","1":"product","2":"type-product","3":"status-publish","4":"has-post-thumbnail","6":"product_cat-uncategorized-fi","8":"first","9":"instock","10":"shipping-taxable","11":"purchasable","12":"product-type-simple"},"_links":{"self":[{"href":"https:\/\/nordicmart.andreevmaster.com\/fi\/wp-json\/wp\/v2\/product\/30772","targetHints":{"allow":["GET"]}}],"collection":[{"href":"https:\/\/nordicmart.andreevmaster.com\/fi\/wp-json\/wp\/v2\/product"}],"about":[{"href":"https:\/\/nordicmart.andreevmaster.com\/fi\/wp-json\/wp\/v2\/types\/product"}],"replies":[{"embeddable":true,"href":"https:\/\/nordicmart.andreevmaster.com\/fi\/wp-json\/wp\/v2\/comments?post=30772"}],"wp:featuredmedia":[{"embeddable":true,"href":"https:\/\/nordicmart.andreevmaster.com\/fi\/wp-json\/wp\/v2\/media\/39987"}],"wp:attachment":[{"href":"https:\/\/nordicmart.andreevmaster.com\/fi\/wp-json\/wp\/v2\/media?parent=30772"}],"wp:term":[{"taxonomy":"product_brand","embeddable":true,"href":"https:\/\/nordicmart.andreevmaster.com\/fi\/wp-json\/wp\/v2\/product_brand?post=30772"},{"taxonomy":"product_cat","embeddable":true,"href":"https:\/\/nordicmart.andreevmaster.com\/fi\/wp-json\/wp\/v2\/product_cat?post=30772"},{"taxonomy":"product_tag","embeddable":true,"href":"https:\/\/nordicmart.andreevmaster.com\/fi\/wp-json\/wp\/v2\/product_tag?post=30772"}],"curies":[{"name":"wp","href":"https:\/\/api.w.org\/{rel}","templated":true}]}}