{"id":30771,"date":"2026-02-27T00:11:11","date_gmt":"2026-02-27T00:11:11","guid":{"rendered":"https:\/\/nordicmart.andreevmaster.com\/product\/5-tasoiset-raskaat-hyllystot-sarja-2-terashyllystoa-varastointiin-pultiton-kokoonpano-autotalliin-vajaan-kantavuus-1929-lb-kukin-157-x-354-x-709-tuumaa-musta\/"},"modified":"2026-02-27T09:34:31","modified_gmt":"2026-02-27T09:34:31","slug":"5-tasoiset-raskaat-hyllystot-sarja-2-terashyllystoa-varastointiin-pultiton-kokoonpano-autotalliin-vajaan-kantavuus-1929-lb-kukin-157-x-354-x-709-tuumaa-musta","status":"publish","type":"product","link":"https:\/\/nordicmart.andreevmaster.com\/fi\/tuote\/5-tasoiset-raskaat-hyllystot-sarja-2-terashyllystoa-varastointiin-pultiton-kokoonpano-autotalliin-vajaan-kantavuus-1929-lb-kukin-157-x-354-x-709-tuumaa-musta\/","title":{"rendered":"5-tasoiset raskaat hyllyst\u00f6t, sarja 2 ter\u00e4shyllyst\u00f6\u00e4 varastointiin, pultiton kokoonpano, autotalliin, vajaan, kantavuus 1929 lb kukin, 15,7 x 35,4 x 70,9 tuumaa, musta"},"content":{"rendered":"","protected":false},"excerpt":{"rendered":"","protected":false},"featured_media":0,"comment_status":"open","ping_status":"closed","template":"","meta":[],"product_brand":[],"product_cat":[32],"product_tag":[],"class_list":{"0":"post-30771","1":"product","2":"type-product","3":"status-publish","5":"product_cat-uncategorized-fi","7":"first","8":"instock","9":"shipping-taxable","10":"product-type-simple"},"_links":{"self":[{"href":"https:\/\/nordicmart.andreevmaster.com\/fi\/wp-json\/wp\/v2\/product\/30771","targetHints":{"allow":["GET"]}}],"collection":[{"href":"https:\/\/nordicmart.andreevmaster.com\/fi\/wp-json\/wp\/v2\/product"}],"about":[{"href":"https:\/\/nordicmart.andreevmaster.com\/fi\/wp-json\/wp\/v2\/types\/product"}],"replies":[{"embeddable":true,"href":"https:\/\/nordicmart.andreevmaster.com\/fi\/wp-json\/wp\/v2\/comments?post=30771"}],"wp:attachment":[{"href":"https:\/\/nordicmart.andreevmaster.com\/fi\/wp-json\/wp\/v2\/media?parent=30771"}],"wp:term":[{"taxonomy":"product_brand","embeddable":true,"href":"https:\/\/nordicmart.andreevmaster.com\/fi\/wp-json\/wp\/v2\/product_brand?post=30771"},{"taxonomy":"product_cat","embeddable":true,"href":"https:\/\/nordicmart.andreevmaster.com\/fi\/wp-json\/wp\/v2\/product_cat?post=30771"},{"taxonomy":"product_tag","embeddable":true,"href":"https:\/\/nordicmart.andreevmaster.com\/fi\/wp-json\/wp\/v2\/product_tag?post=30771"}],"curies":[{"name":"wp","href":"https:\/\/api.w.org\/{rel}","templated":true}]}}