{"id":30767,"date":"2026-02-27T00:11:10","date_gmt":"2026-02-27T00:11:10","guid":{"rendered":"https:\/\/nordicmart.andreevmaster.com\/product\/songmics-2-kpl-kellarihylly-180-cm-korkea-harmaa\/"},"modified":"2026-02-27T09:34:30","modified_gmt":"2026-02-27T09:34:30","slug":"songmics-2-kpl-kellarihylly-180-cm-korkea-harmaa","status":"publish","type":"product","link":"https:\/\/nordicmart.andreevmaster.com\/fi\/tuote\/songmics-2-kpl-kellarihylly-180-cm-korkea-harmaa\/","title":{"rendered":"SONGMICS 2 kpl kellarihylly 180 cm korkea harmaa"},"content":{"rendered":"<p>SONGMICS varastohyllyt, raskaiden tavaroiden hyllyt, 2 kpl, kellarihyllyt, 180 x 90 x 40 cm, kantavuus 875 kg, hyllyt, pistokehykset, vahvistettu ter\u00e4srunko, 5 s\u00e4\u00e4dett\u00e4v\u00e4\u00e4 hylly\u00e4, hopea GLR040E02<\/p>\n","protected":false},"excerpt":{"rendered":"<p>SONGMICS varastohyllyt, raskaiden tavaroiden hyllyt, 2 kpl, kellarihyllyt, 180 x 90 x 40 cm, kantavuus 875 kg, hyllyt, pistokehykset, vahvistettu ter\u00e4srunko, 5 s\u00e4\u00e4dett\u00e4v\u00e4\u00e4 hylly\u00e4, hopea GLR040E02<\/p>\n","protected":false},"featured_media":39984,"comment_status":"open","ping_status":"closed","template":"","meta":[],"product_brand":[],"product_cat":[32],"product_tag":[],"class_list":{"0":"post-30767","1":"product","2":"type-product","3":"status-publish","4":"has-post-thumbnail","6":"product_cat-uncategorized-fi","8":"first","9":"instock","10":"shipping-taxable","11":"purchasable","12":"product-type-simple"},"_links":{"self":[{"href":"https:\/\/nordicmart.andreevmaster.com\/fi\/wp-json\/wp\/v2\/product\/30767","targetHints":{"allow":["GET"]}}],"collection":[{"href":"https:\/\/nordicmart.andreevmaster.com\/fi\/wp-json\/wp\/v2\/product"}],"about":[{"href":"https:\/\/nordicmart.andreevmaster.com\/fi\/wp-json\/wp\/v2\/types\/product"}],"replies":[{"embeddable":true,"href":"https:\/\/nordicmart.andreevmaster.com\/fi\/wp-json\/wp\/v2\/comments?post=30767"}],"wp:featuredmedia":[{"embeddable":true,"href":"https:\/\/nordicmart.andreevmaster.com\/fi\/wp-json\/wp\/v2\/media\/39984"}],"wp:attachment":[{"href":"https:\/\/nordicmart.andreevmaster.com\/fi\/wp-json\/wp\/v2\/media?parent=30767"}],"wp:term":[{"taxonomy":"product_brand","embeddable":true,"href":"https:\/\/nordicmart.andreevmaster.com\/fi\/wp-json\/wp\/v2\/product_brand?post=30767"},{"taxonomy":"product_cat","embeddable":true,"href":"https:\/\/nordicmart.andreevmaster.com\/fi\/wp-json\/wp\/v2\/product_cat?post=30767"},{"taxonomy":"product_tag","embeddable":true,"href":"https:\/\/nordicmart.andreevmaster.com\/fi\/wp-json\/wp\/v2\/product_tag?post=30767"}],"curies":[{"name":"wp","href":"https:\/\/api.w.org\/{rel}","templated":true}]}}