{"id":30759,"date":"2026-02-27T00:11:09","date_gmt":"2026-02-27T00:11:09","guid":{"rendered":"https:\/\/nordicmart.andreevmaster.com\/product\/songmics-5-hyllya-greige-musta\/"},"modified":"2026-02-27T09:34:30","modified_gmt":"2026-02-27T09:34:30","slug":"songmics-5-hyllya-greige-musta","status":"publish","type":"product","link":"https:\/\/nordicmart.andreevmaster.com\/fi\/tuote\/songmics-5-hyllya-greige-musta\/","title":{"rendered":"SONGMICS 5 hylly\u00e4, greige-musta"},"content":{"rendered":"<p>SONGMICS raskaiden tavaroiden hylly, keitti\u00f6hylly, kirjahylly, varastohylly, seisomahylly, 5 hylly\u00e4, 150 x 37 x 37 cm, kantavuus 400 kg, s\u00e4\u00e4dett\u00e4v\u00e4t hyllyt, teollinen muotoilu, vintage-ruskea-musta GLR037B01<br \/>\nV\u00e4ri: greige-musta<br \/>\nMateriaali: ter\u00e4s, MDF (keskitihe\u00e4 kuitulevy)<br \/>\nKoko: 37 x 37 x 150 cm (S x L x K)<br \/>\nPaino: 6,3 kg<br \/>\nMaks. staattinen kantavuus tasoa kohti: 80 kg<br \/>\nMaks. staattinen kokonaiskuormitus: 400 kg<\/p>\n","protected":false},"excerpt":{"rendered":"<p>SONGMICS raskaiden tavaroiden hylly, keitti\u00f6hylly, kirjahylly, varastohylly, seisomahylly, 5 hylly\u00e4, 150 x 37 x 37 cm, kantavuus 400 kg, s\u00e4\u00e4dett\u00e4v\u00e4t hyllyt, teollinen muotoilu, vintage-ruskea-musta GLR037B01<\/p>\n","protected":false},"featured_media":39979,"comment_status":"open","ping_status":"closed","template":"","meta":[],"product_brand":[],"product_cat":[32],"product_tag":[],"class_list":{"0":"post-30759","1":"product","2":"type-product","3":"status-publish","4":"has-post-thumbnail","6":"product_cat-uncategorized-fi","8":"first","9":"instock","10":"shipping-taxable","11":"purchasable","12":"product-type-simple"},"_links":{"self":[{"href":"https:\/\/nordicmart.andreevmaster.com\/fi\/wp-json\/wp\/v2\/product\/30759","targetHints":{"allow":["GET"]}}],"collection":[{"href":"https:\/\/nordicmart.andreevmaster.com\/fi\/wp-json\/wp\/v2\/product"}],"about":[{"href":"https:\/\/nordicmart.andreevmaster.com\/fi\/wp-json\/wp\/v2\/types\/product"}],"replies":[{"embeddable":true,"href":"https:\/\/nordicmart.andreevmaster.com\/fi\/wp-json\/wp\/v2\/comments?post=30759"}],"wp:featuredmedia":[{"embeddable":true,"href":"https:\/\/nordicmart.andreevmaster.com\/fi\/wp-json\/wp\/v2\/media\/39979"}],"wp:attachment":[{"href":"https:\/\/nordicmart.andreevmaster.com\/fi\/wp-json\/wp\/v2\/media?parent=30759"}],"wp:term":[{"taxonomy":"product_brand","embeddable":true,"href":"https:\/\/nordicmart.andreevmaster.com\/fi\/wp-json\/wp\/v2\/product_brand?post=30759"},{"taxonomy":"product_cat","embeddable":true,"href":"https:\/\/nordicmart.andreevmaster.com\/fi\/wp-json\/wp\/v2\/product_cat?post=30759"},{"taxonomy":"product_tag","embeddable":true,"href":"https:\/\/nordicmart.andreevmaster.com\/fi\/wp-json\/wp\/v2\/product_tag?post=30759"}],"curies":[{"name":"wp","href":"https:\/\/api.w.org\/{rel}","templated":true}]}}