{"id":30758,"date":"2026-02-27T00:11:09","date_gmt":"2026-02-27T00:11:09","guid":{"rendered":"https:\/\/nordicmart.andreevmaster.com\/product\/songmics-2-kpln-sarja-kapeita-raskaiden-tavaroiden-hyllyja-5-hyllya\/"},"modified":"2026-02-27T09:34:29","modified_gmt":"2026-02-27T09:34:29","slug":"songmics-2-kpln-sarja-kapeita-raskaiden-tavaroiden-hyllyja-5-hyllya","status":"publish","type":"product","link":"https:\/\/nordicmart.andreevmaster.com\/fi\/tuote\/songmics-2-kpln-sarja-kapeita-raskaiden-tavaroiden-hyllyja-5-hyllya\/","title":{"rendered":"SONGMICS 2 kpl:n sarja kapeita raskaiden tavaroiden hyllyj\u00e4, 5 hylly\u00e4"},"content":{"rendered":"<p>Tuotetiedot: V\u00e4ri: vintage-ruskea-musta Materiaali: jauhemaalattu ter\u00e4s, MDF (keskitihe\u00e4 kuitulevy)Hyllyn koko: 150 x 37 x 37 cm (K x P x L) Hyllyn paino: 5,9 kg Hyllyn maksimaalinen staattinen kantavuus: 80 kg Toimitus sis\u00e4lt\u00e4\u00e4: 2 x varastohylly 2 x kaatumissuoja 1 x ohjeet SONGMICS Huomautukset: K\u00e4yt\u00e4 aina k\u00e4sineit\u00e4 asennuksen aikana. \u00c4l\u00e4 sijoita tuotetta kosteaan ymp\u00e4rist\u00f6\u00f6n.Tekstiss\u00e4 mainittu maks. kantavuus viittaa staattiseen maksimipainoon. Tuote toimitetaan 2 paketissa. Ole k\u00e4rsiv\u00e4llinen, jos saat aluksi vain yhden paketin. Toinen paketti saapuu pian sen j\u00e4lkeen.<\/p>\n","protected":false},"excerpt":{"rendered":"<p>SONGMICS raskaiden tavaroiden hylly, keitti\u00f6hylly, kirjahylly, varastohylly, seisomahylly, 5 hylly\u00e4, 150 x 37 x 37 cm, kantavuus 400 kg, s\u00e4\u00e4dett\u00e4v\u00e4t hyllyt, teollinen muotoilu, vintage-ruskea-musta GLR037B01<\/p>\n","protected":false},"featured_media":39978,"comment_status":"open","ping_status":"closed","template":"","meta":[],"product_brand":[],"product_cat":[32],"product_tag":[],"class_list":{"0":"post-30758","1":"product","2":"type-product","3":"status-publish","4":"has-post-thumbnail","6":"product_cat-uncategorized-fi","8":"first","9":"instock","10":"shipping-taxable","11":"purchasable","12":"product-type-simple"},"_links":{"self":[{"href":"https:\/\/nordicmart.andreevmaster.com\/fi\/wp-json\/wp\/v2\/product\/30758","targetHints":{"allow":["GET"]}}],"collection":[{"href":"https:\/\/nordicmart.andreevmaster.com\/fi\/wp-json\/wp\/v2\/product"}],"about":[{"href":"https:\/\/nordicmart.andreevmaster.com\/fi\/wp-json\/wp\/v2\/types\/product"}],"replies":[{"embeddable":true,"href":"https:\/\/nordicmart.andreevmaster.com\/fi\/wp-json\/wp\/v2\/comments?post=30758"}],"wp:featuredmedia":[{"embeddable":true,"href":"https:\/\/nordicmart.andreevmaster.com\/fi\/wp-json\/wp\/v2\/media\/39978"}],"wp:attachment":[{"href":"https:\/\/nordicmart.andreevmaster.com\/fi\/wp-json\/wp\/v2\/media?parent=30758"}],"wp:term":[{"taxonomy":"product_brand","embeddable":true,"href":"https:\/\/nordicmart.andreevmaster.com\/fi\/wp-json\/wp\/v2\/product_brand?post=30758"},{"taxonomy":"product_cat","embeddable":true,"href":"https:\/\/nordicmart.andreevmaster.com\/fi\/wp-json\/wp\/v2\/product_cat?post=30758"},{"taxonomy":"product_tag","embeddable":true,"href":"https:\/\/nordicmart.andreevmaster.com\/fi\/wp-json\/wp\/v2\/product_tag?post=30758"}],"curies":[{"name":"wp","href":"https:\/\/api.w.org\/{rel}","templated":true}]}}