{"id":30756,"date":"2026-02-27T00:11:08","date_gmt":"2026-02-27T00:11:08","guid":{"rendered":"https:\/\/nordicmart.andreevmaster.com\/product\/songmics-raskaiden-tavaroiden-hylly-terasrunko-ja-5-saadettavaa-hyllya\/"},"modified":"2026-02-27T09:34:29","modified_gmt":"2026-02-27T09:34:29","slug":"songmics-raskaiden-tavaroiden-hylly-terasrunko-ja-5-saadettavaa-hyllya","status":"publish","type":"product","link":"https:\/\/nordicmart.andreevmaster.com\/fi\/tuote\/songmics-raskaiden-tavaroiden-hylly-terasrunko-ja-5-saadettavaa-hyllya\/","title":{"rendered":"SONGMICS raskaiden tavaroiden hylly, ter\u00e4srunko ja 5 s\u00e4\u00e4dett\u00e4v\u00e4\u00e4 hylly\u00e4"},"content":{"rendered":"<p>SONGMICS hyllykk\u00f6, kirjahylly, varastohylly, 5 hylly\u00e4, keitti\u00f6hylly, hylly, 150 x 75 x 30 cm, kantavuus 650 kg, s\u00e4\u00e4dett\u00e4v\u00e4t hyllyt, teollinen tyyli, musta-vintage-ruskea GLR030B01<br \/>\nV\u00e4ri: harmaa<br \/>\nMateriaali: galvanoitu ter\u00e4s, MDF (keskitihe\u00e4 kuitulevy)<br \/>\nKoko: 30 x 75 x 150 cm (S x L x K)<br \/>\nPaino: 9,3 kg<br \/>\nHyllyn suurin staattinen kantavuus: 130 kg<br \/>\nMaks. staattinen kokonaiskuormitus: 650 kg<\/p>\n","protected":false},"excerpt":{"rendered":"<p>SONGMICS hyllykk\u00f6, kirjahylly, varastohylly, 5 hylly\u00e4, keitti\u00f6hylly, hylly, 150 x 75 x 30 cm, kantavuus 650 kg, s\u00e4\u00e4dett\u00e4v\u00e4t hyllyt, teollinen tyyli, musta-vintage-ruskea GLR030B01<\/p>\n","protected":false},"featured_media":0,"comment_status":"open","ping_status":"closed","template":"","meta":[],"product_brand":[],"product_cat":[32],"product_tag":[],"class_list":{"0":"post-30756","1":"product","2":"type-product","3":"status-publish","5":"product_cat-uncategorized-fi","7":"first","8":"instock","9":"shipping-taxable","10":"purchasable","11":"product-type-simple"},"_links":{"self":[{"href":"https:\/\/nordicmart.andreevmaster.com\/fi\/wp-json\/wp\/v2\/product\/30756","targetHints":{"allow":["GET"]}}],"collection":[{"href":"https:\/\/nordicmart.andreevmaster.com\/fi\/wp-json\/wp\/v2\/product"}],"about":[{"href":"https:\/\/nordicmart.andreevmaster.com\/fi\/wp-json\/wp\/v2\/types\/product"}],"replies":[{"embeddable":true,"href":"https:\/\/nordicmart.andreevmaster.com\/fi\/wp-json\/wp\/v2\/comments?post=30756"}],"wp:attachment":[{"href":"https:\/\/nordicmart.andreevmaster.com\/fi\/wp-json\/wp\/v2\/media?parent=30756"}],"wp:term":[{"taxonomy":"product_brand","embeddable":true,"href":"https:\/\/nordicmart.andreevmaster.com\/fi\/wp-json\/wp\/v2\/product_brand?post=30756"},{"taxonomy":"product_cat","embeddable":true,"href":"https:\/\/nordicmart.andreevmaster.com\/fi\/wp-json\/wp\/v2\/product_cat?post=30756"},{"taxonomy":"product_tag","embeddable":true,"href":"https:\/\/nordicmart.andreevmaster.com\/fi\/wp-json\/wp\/v2\/product_tag?post=30756"}],"curies":[{"name":"wp","href":"https:\/\/api.w.org\/{rel}","templated":true}]}}