{"id":30753,"date":"2026-02-27T00:11:08","date_gmt":"2026-02-27T00:11:08","guid":{"rendered":"https:\/\/nordicmart.andreevmaster.com\/product\/2-pakkaus-5-tasoinen-terashyllystoyksikko-pultiton-asennus-autotalli-shed-650-kg-kantavuus-jokainen-30x75x150-cm-musta\/"},"modified":"2026-02-27T09:34:29","modified_gmt":"2026-02-27T09:34:29","slug":"2-pakkaus-5-tasoinen-terashyllystoyksikko-pultiton-asennus-autotalli-shed-650-kg-kantavuus-jokainen-30x75x150-cm-musta","status":"publish","type":"product","link":"https:\/\/nordicmart.andreevmaster.com\/fi\/tuote\/2-pakkaus-5-tasoinen-terashyllystoyksikko-pultiton-asennus-autotalli-shed-650-kg-kantavuus-jokainen-30x75x150-cm-musta\/","title":{"rendered":"2-pakkaus 5-tasoinen ter\u00e4shyllyst\u00f6yksikk\u00f6 Pultiton asennus autotalli Shed 650 kg kantavuus Jokainen 30x75x150 cm musta"},"content":{"rendered":"<p>VAKAAT JA VAKAVAT T\u00e4m\u00e4 kahden autotallihyllyn sarja on valmistettu ter\u00e4srungoista, ja kukin taso kest\u00e4\u00e4 jopa 130 kg. Mukana toimitetut kallistumisenestosarjat auttavat kiinnitt\u00e4m\u00e4\u00e4n hyllyt sein\u00e4\u00e4n, mik\u00e4 tekee niist\u00e4 vakaammat ja turvallisemmat.[Jaettavissa] Jokainen metallihylly voidaan jakaa 2 erilliseksi yksik\u00f6ksi s\u00e4ilytystarpeidesi ja tilasi mukaan. Kun ne on jaettu, ne toimivat my\u00f6s erinomaisesti ty\u00f6penkkin\u00e4, jossa on s\u00e4ilytystilaa.[S\u00e4\u00e4dett\u00e4v\u00e4t hyllyt] Jokaista tasoa voidaan helposti s\u00e4\u00e4t\u00e4\u00e4 3 cm:n v\u00e4lein, mik\u00e4 vastaa erikokoisten esineiden varastointitarpeita<br \/>\n[Suuri koko, suuri kapasiteetti] Mitoiltaan 30 x 75 x 150 cm ja kunkin kokonaiskuormituskapasiteetiltaan 650 kg, n\u00e4it\u00e4 hyllyj\u00e4 voidaan k\u00e4ytt\u00e4\u00e4 autotallissa, varastossa, kellarissa tai pesuhuoneessa kaikkien ty\u00f6kalujen ja laitteiden j\u00e4rjest\u00e4miseen.YKSINKERTAINEN PULTITON KOKOONPANO &#8211; Lukittuvan rakenteen ja selkeiden ohjeiden ansiosta n\u00e4m\u00e4 tukevat hyllyt on helppo koota.<\/p>\n<p>Ominaisuudet:- V\u00e4ri: musta.- Materiaali: ter\u00e4srunko, MDF (keskitihe\u00e4 kuitulevy).- Mitat hylly\u00e4 kohti: &#8211; Hylly on suunniteltu siten, ett\u00e4 se on helppo asentaa: Hylly: 30 x 75 x 150 cm (S x L x K).- Paino hylly\u00e4 kohti: 30 x 75 x 150 cm (S x L x K): Paino: 9,7 kg.- Maks. Staattinen kantavuus tasoa kohti: 130 kg.- Maks. Staattinen kokonaiskuormitettavuus hylly\u00e4 kohti: 650 kg.Pakkauksen sis\u00e4lt\u00f6:- 2 hylly\u00e4.- 2 x kaatumisenestopakkaus- 2 k\u00e4ytt\u00f6ohjetta (englannin kieli ei taattu).<\/p>\n","protected":false},"excerpt":{"rendered":"<p>VAKAAT JA VAKAVAT T\u00e4m\u00e4 kahden autotallihyllyn sarja on valmistettu ter\u00e4srungoista, ja kukin taso kest\u00e4\u00e4 jopa 130 kg. Mukana toimitetut kallistumisenestosarjat auttavat kiinnitt\u00e4m\u00e4\u00e4n hyllyt sein\u00e4\u00e4n, mik\u00e4 tekee niist\u00e4 vakaammat ja turvallisemmat.[Jaettavissa] Jokainen metallihylly voidaan jakaa 2 erilliseksi yksik\u00f6ksi s\u00e4ilytystarpeidesi ja tilasi mukaan. Kun ne on jaettu, ne toimivat my\u00f6s erinomaisesti ty\u00f6penkkin\u00e4, jossa on s\u00e4ilytystilaa.[S\u00e4\u00e4dett\u00e4v\u00e4t hyllyt] Jokaista [&hellip;]<\/p>\n","protected":false},"featured_media":0,"comment_status":"open","ping_status":"closed","template":"","meta":[],"product_brand":[],"product_cat":[32],"product_tag":[],"class_list":{"0":"post-30753","1":"product","2":"type-product","3":"status-publish","5":"product_cat-uncategorized-fi","7":"first","8":"instock","9":"shipping-taxable","10":"product-type-simple"},"_links":{"self":[{"href":"https:\/\/nordicmart.andreevmaster.com\/fi\/wp-json\/wp\/v2\/product\/30753","targetHints":{"allow":["GET"]}}],"collection":[{"href":"https:\/\/nordicmart.andreevmaster.com\/fi\/wp-json\/wp\/v2\/product"}],"about":[{"href":"https:\/\/nordicmart.andreevmaster.com\/fi\/wp-json\/wp\/v2\/types\/product"}],"replies":[{"embeddable":true,"href":"https:\/\/nordicmart.andreevmaster.com\/fi\/wp-json\/wp\/v2\/comments?post=30753"}],"wp:attachment":[{"href":"https:\/\/nordicmart.andreevmaster.com\/fi\/wp-json\/wp\/v2\/media?parent=30753"}],"wp:term":[{"taxonomy":"product_brand","embeddable":true,"href":"https:\/\/nordicmart.andreevmaster.com\/fi\/wp-json\/wp\/v2\/product_brand?post=30753"},{"taxonomy":"product_cat","embeddable":true,"href":"https:\/\/nordicmart.andreevmaster.com\/fi\/wp-json\/wp\/v2\/product_cat?post=30753"},{"taxonomy":"product_tag","embeddable":true,"href":"https:\/\/nordicmart.andreevmaster.com\/fi\/wp-json\/wp\/v2\/product_tag?post=30753"}],"curies":[{"name":"wp","href":"https:\/\/api.w.org\/{rel}","templated":true}]}}