{"id":30751,"date":"2026-02-27T00:11:08","date_gmt":"2026-02-27T00:11:08","guid":{"rendered":"https:\/\/nordicmart.andreevmaster.com\/product\/songmics-2-kpl-varastohylly-150-cm-korkea\/"},"modified":"2026-02-27T09:34:28","modified_gmt":"2026-02-27T09:34:28","slug":"songmics-2-kpl-varastohylly-150-cm-korkea","status":"publish","type":"product","link":"https:\/\/nordicmart.andreevmaster.com\/fi\/tuote\/songmics-2-kpl-varastohylly-150-cm-korkea\/","title":{"rendered":"SONGMICS 2 kpl varastohylly 150 cm korkea"},"content":{"rendered":"<p>Tuotetiedot: V\u00e4ri: Luonnonv\u00e4ri-musta Materiaali: Puulastulevy, ter\u00e4s Koko per hylly: 30 x 75 x 150 cm (S x L x K) Paino per hylly: 9,1 kg Maks. staattinen kantavuus per taso: 130 kg Maks. staattinen kantavuus per hylly: 650 kg Toimitus sis\u00e4lt\u00e4\u00e4: 2 x raskaiden tavaroiden hylly 2 x kaatumissuoja 1 x ohjeet SONGMICS Huomautukset:Kiinnit\u00e4 t\u00e4m\u00e4 tuote sein\u00e4\u00e4n mukana toimitetulla kaatumissuojalla turvallisen k\u00e4yt\u00f6n varmistamiseksi. K\u00e4yt\u00e4 aina k\u00e4sineit\u00e4 asennuksen aikana. \u00c4l\u00e4 sijoita tuotetta kosteaan ymp\u00e4rist\u00f6\u00f6n. Tekstiss\u00e4 mainittu maks. kantavuus viittaa staattiseen maksimipainoon.<\/p>\n","protected":false},"excerpt":{"rendered":"<p>SONGMICS hyllykk\u00f6, kirjahylly, varastohylly, 5 hylly\u00e4, keitti\u00f6hylly, hylly, 150 x 75 x 30 cm, kantavuus 650 kg, s\u00e4\u00e4dett\u00e4v\u00e4t hyllyt, teollinen tyyli, musta-vintage-ruskea GLR030B01<\/p>\n","protected":false},"featured_media":39973,"comment_status":"open","ping_status":"closed","template":"","meta":[],"product_brand":[],"product_cat":[32],"product_tag":[],"class_list":{"0":"post-30751","1":"product","2":"type-product","3":"status-publish","4":"has-post-thumbnail","6":"product_cat-uncategorized-fi","8":"first","9":"instock","10":"shipping-taxable","11":"purchasable","12":"product-type-simple"},"_links":{"self":[{"href":"https:\/\/nordicmart.andreevmaster.com\/fi\/wp-json\/wp\/v2\/product\/30751","targetHints":{"allow":["GET"]}}],"collection":[{"href":"https:\/\/nordicmart.andreevmaster.com\/fi\/wp-json\/wp\/v2\/product"}],"about":[{"href":"https:\/\/nordicmart.andreevmaster.com\/fi\/wp-json\/wp\/v2\/types\/product"}],"replies":[{"embeddable":true,"href":"https:\/\/nordicmart.andreevmaster.com\/fi\/wp-json\/wp\/v2\/comments?post=30751"}],"wp:featuredmedia":[{"embeddable":true,"href":"https:\/\/nordicmart.andreevmaster.com\/fi\/wp-json\/wp\/v2\/media\/39973"}],"wp:attachment":[{"href":"https:\/\/nordicmart.andreevmaster.com\/fi\/wp-json\/wp\/v2\/media?parent=30751"}],"wp:term":[{"taxonomy":"product_brand","embeddable":true,"href":"https:\/\/nordicmart.andreevmaster.com\/fi\/wp-json\/wp\/v2\/product_brand?post=30751"},{"taxonomy":"product_cat","embeddable":true,"href":"https:\/\/nordicmart.andreevmaster.com\/fi\/wp-json\/wp\/v2\/product_cat?post=30751"},{"taxonomy":"product_tag","embeddable":true,"href":"https:\/\/nordicmart.andreevmaster.com\/fi\/wp-json\/wp\/v2\/product_tag?post=30751"}],"curies":[{"name":"wp","href":"https:\/\/api.w.org\/{rel}","templated":true}]}}