{"id":30750,"date":"2026-02-27T00:11:07","date_gmt":"2026-02-27T00:11:07","guid":{"rendered":"https:\/\/nordicmart.andreevmaster.com\/product\/songmics-5-tasoinen-varastohylly\/"},"modified":"2026-02-27T09:34:28","modified_gmt":"2026-02-27T09:34:28","slug":"songmics-5-tasoinen-varastohylly","status":"publish","type":"product","link":"https:\/\/nordicmart.andreevmaster.com\/fi\/tuote\/songmics-5-tasoinen-varastohylly\/","title":{"rendered":"SONGMICS 5-tasoinen varastohylly"},"content":{"rendered":"<p>T\u00e4rkeimm\u00e4t syyt, miksi t\u00e4m\u00e4 SONGMICS-hyllyj\u00e4rjestelm\u00e4 on juuri sinulle sopiva: Ter\u00e4srunko ja MDF-hyllylevyt tarjoavat vahvan tuen. Jalkojen vahvistukset ja poikkipalkit jokaisen hyllytason alla lis\u00e4\u00e4v\u00e4t vakautta. Jauhemaalaus on ruostumatonta ja kulutusta kest\u00e4v\u00e4\u00e4. Jokainen hylly kest\u00e4\u00e4 jopa 80 kg:n painon.Hyllyjen v\u00e4linen et\u00e4isyys on s\u00e4\u00e4dett\u00e4viss\u00e4. Hyllyn voi my\u00f6s jakaa kahteen osaan. Mukana toimitettu kaatumissuoja takaa turvallisen k\u00e4yt\u00f6n. T\u00e4m\u00e4n varastohyllyn ainutlaatuinen ulkon\u00e4k\u00f6 tuo koristeellisen lis\u00e4n olohuoneeseesi, parvekkeellesi, toimistoosi tai keitti\u00f6\u00f6si. Tuotetiedot: V\u00e4ri: luonnonv\u00e4ri-musta Materiaali: jauhemaalattu ter\u00e4s, MDF (keskitihe\u00e4 kuitulevy)Hyllyn koko: 150 x 75 x 30 cm (K x P x L) Hyllyn paino: 8,1 kg Hyllyn maks. staattinen kantavuus: 80 kg Toimitus sis\u00e4lt\u00e4\u00e4: 1 x varastohylly 1 x kaatumissuoja SONGICSin ohjeet: K\u00e4yt\u00e4 aina k\u00e4sineit\u00e4 asennuksen aikana. \u00c4l\u00e4 sijoita tuotetta kosteaan ymp\u00e4rist\u00f6\u00f6n.Tekstiss\u00e4 mainittu maks. kantavuus viittaa staattiseen maksimipainoon.<\/p>\n","protected":false},"excerpt":{"rendered":"<p>SONGMICS hyllykk\u00f6, kirjahylly, varastohylly, 5 hylly\u00e4, keitti\u00f6hylly, hylly, 150 x 75 x 30 cm, kantavuus 650 kg, s\u00e4\u00e4dett\u00e4v\u00e4t hyllyt, teollinen tyyli, musta-vintage-ruskea GLR030B01<\/p>\n","protected":false},"featured_media":39972,"comment_status":"open","ping_status":"closed","template":"","meta":[],"product_brand":[],"product_cat":[32],"product_tag":[],"class_list":{"0":"post-30750","1":"product","2":"type-product","3":"status-publish","4":"has-post-thumbnail","6":"product_cat-uncategorized-fi","8":"first","9":"instock","10":"shipping-taxable","11":"purchasable","12":"product-type-simple"},"_links":{"self":[{"href":"https:\/\/nordicmart.andreevmaster.com\/fi\/wp-json\/wp\/v2\/product\/30750","targetHints":{"allow":["GET"]}}],"collection":[{"href":"https:\/\/nordicmart.andreevmaster.com\/fi\/wp-json\/wp\/v2\/product"}],"about":[{"href":"https:\/\/nordicmart.andreevmaster.com\/fi\/wp-json\/wp\/v2\/types\/product"}],"replies":[{"embeddable":true,"href":"https:\/\/nordicmart.andreevmaster.com\/fi\/wp-json\/wp\/v2\/comments?post=30750"}],"wp:featuredmedia":[{"embeddable":true,"href":"https:\/\/nordicmart.andreevmaster.com\/fi\/wp-json\/wp\/v2\/media\/39972"}],"wp:attachment":[{"href":"https:\/\/nordicmart.andreevmaster.com\/fi\/wp-json\/wp\/v2\/media?parent=30750"}],"wp:term":[{"taxonomy":"product_brand","embeddable":true,"href":"https:\/\/nordicmart.andreevmaster.com\/fi\/wp-json\/wp\/v2\/product_brand?post=30750"},{"taxonomy":"product_cat","embeddable":true,"href":"https:\/\/nordicmart.andreevmaster.com\/fi\/wp-json\/wp\/v2\/product_cat?post=30750"},{"taxonomy":"product_tag","embeddable":true,"href":"https:\/\/nordicmart.andreevmaster.com\/fi\/wp-json\/wp\/v2\/product_tag?post=30750"}],"curies":[{"name":"wp","href":"https:\/\/api.w.org\/{rel}","templated":true}]}}