{"id":30748,"date":"2026-02-27T00:11:07","date_gmt":"2026-02-27T00:11:07","guid":{"rendered":"https:\/\/nordicmart.andreevmaster.com\/product\/songmics-telineen-kantavuus-on-650-kg\/"},"modified":"2026-02-27T09:34:28","modified_gmt":"2026-02-27T09:34:28","slug":"songmics-telineen-kantavuus-on-650-kg","status":"publish","type":"product","link":"https:\/\/nordicmart.andreevmaster.com\/fi\/tuote\/songmics-telineen-kantavuus-on-650-kg\/","title":{"rendered":"SONGMICS-telineen kantavuus on 650 kg"},"content":{"rendered":"<p>T\u00e4rkeimm\u00e4t syyt, miksi t\u00e4m\u00e4 SONGMICS-hyllyj\u00e4rjestelm\u00e4 on juuri oikea sinulle: &#8211; Ter\u00e4srunko ja puumateriaalista valmistetut hyllylevyt tarjoavat vahvan tuen. &#8211; Jalkojen vahvistukset ja poikkipalkit jokaisen hyllytason alla lis\u00e4\u00e4v\u00e4t vakautta. &#8211; Jauhemaalaus on ruostumatonta ja kulutusta kest\u00e4v\u00e4\u00e4. &#8211; Jokainen hylly kest\u00e4\u00e4 painon jopa 130 kg. &#8211; Hyllytasojen v\u00e4linen et\u00e4isyys on s\u00e4\u00e4dett\u00e4viss\u00e4 joustavasti. Hyllyn voi my\u00f6s jakaa kahteen osaan. &#8211; Mukana toimitettu kaatumissuoja takaa turvallisen k\u00e4yt\u00f6n. &#8211; T\u00e4m\u00e4n varastohyllyn ainutlaatuinen ulkon\u00e4k\u00f6 tuo koristeellisen lis\u00e4n olohuoneeseesi, parvekkeellesi, toimistoosi tai keitti\u00f6\u00f6si. Tuotetiedot: &#8211; V\u00e4ri: musta-vintage-ruskea &#8211; Materiaali: jauhemaalattu ter\u00e4s, E1-luokan MDF (keskitihe\u00e4 kuitulevy) &#8211; Koko: 150 x 75 x 30 cm (K x P x L) &#8211; Paino: 9,4 kg &#8211; Maks. staattinen kantavuus hylly\u00e4 kohti: 130 kg Toimitus sis\u00e4lt\u00e4\u00e4:- 1 x varastohylly &#8211; 1 x kaatumissuoja &#8211; 1 x ohjeet (DE, EN, FR, ES, IT) SONGMICS Huomautukset: &#8211; K\u00e4yt\u00e4 aina k\u00e4sineit\u00e4 asennuksen aikana. &#8211; \u00c4l\u00e4 sijoita tuotetta kosteaan ymp\u00e4rist\u00f6\u00f6n. &#8211; Tekstiss\u00e4 mainittu maks. kantavuus viittaa staattiseen maksimipainoon.<\/p>\n","protected":false},"excerpt":{"rendered":"<p>SONGMICS hyllykk\u00f6, kirjahylly, varastohylly, 5 hylly\u00e4, keitti\u00f6hylly, hylly, 150 x 75 x 30 cm, kantavuus 650 kg, s\u00e4\u00e4dett\u00e4v\u00e4t hyllyt, teollinen tyyli, musta-vintage-ruskea GLR030B01<\/p>\n","protected":false},"featured_media":0,"comment_status":"open","ping_status":"closed","template":"","meta":[],"product_brand":[],"product_cat":[32],"product_tag":[],"class_list":{"0":"post-30748","1":"product","2":"type-product","3":"status-publish","5":"product_cat-uncategorized-fi","7":"first","8":"instock","9":"shipping-taxable","10":"purchasable","11":"product-type-simple"},"_links":{"self":[{"href":"https:\/\/nordicmart.andreevmaster.com\/fi\/wp-json\/wp\/v2\/product\/30748","targetHints":{"allow":["GET"]}}],"collection":[{"href":"https:\/\/nordicmart.andreevmaster.com\/fi\/wp-json\/wp\/v2\/product"}],"about":[{"href":"https:\/\/nordicmart.andreevmaster.com\/fi\/wp-json\/wp\/v2\/types\/product"}],"replies":[{"embeddable":true,"href":"https:\/\/nordicmart.andreevmaster.com\/fi\/wp-json\/wp\/v2\/comments?post=30748"}],"wp:attachment":[{"href":"https:\/\/nordicmart.andreevmaster.com\/fi\/wp-json\/wp\/v2\/media?parent=30748"}],"wp:term":[{"taxonomy":"product_brand","embeddable":true,"href":"https:\/\/nordicmart.andreevmaster.com\/fi\/wp-json\/wp\/v2\/product_brand?post=30748"},{"taxonomy":"product_cat","embeddable":true,"href":"https:\/\/nordicmart.andreevmaster.com\/fi\/wp-json\/wp\/v2\/product_cat?post=30748"},{"taxonomy":"product_tag","embeddable":true,"href":"https:\/\/nordicmart.andreevmaster.com\/fi\/wp-json\/wp\/v2\/product_tag?post=30748"}],"curies":[{"name":"wp","href":"https:\/\/api.w.org\/{rel}","templated":true}]}}