{"id":30746,"date":"2026-02-27T00:11:07","date_gmt":"2026-02-27T00:11:07","guid":{"rendered":"https:\/\/nordicmart.andreevmaster.com\/product\/songmics-leluhylly-lastenhuoneen-hylly-12-kangaskotelolla-kirjoille-ja-leluille\/"},"modified":"2026-02-27T09:34:28","modified_gmt":"2026-02-27T09:34:28","slug":"songmics-leluhylly-lastenhuoneen-hylly-12-kangaskotelolla-kirjoille-ja-leluille","status":"publish","type":"product","link":"https:\/\/nordicmart.andreevmaster.com\/fi\/tuote\/songmics-leluhylly-lastenhuoneen-hylly-12-kangaskotelolla-kirjoille-ja-leluille\/","title":{"rendered":"SONGMICS leluhylly, lastenhuoneen hylly 12 kangaskotelolla, kirjoille ja leluille"},"content":{"rendered":"<p>&#8221;Ui kanssamme!&#8221;: V\u00e4rikk\u00e4\u00e4t kalat, suloinen meduusa ja s\u00f6p\u00f6 valas stimuloivat lastesi luovuutta ja mielikuvitusta. Leluhylly itsess\u00e4\u00e4n on my\u00f6s riitt\u00e4v\u00e4n suuri lukuisille lastenkirjoille ja leluille. Tervetullut vieras: T\u00e4ss\u00e4 leluhyllyss\u00e4 on py\u00f6ristetyt kulmat ja 12 s\u00e4ilytyslaatikkoa, jotka on sijoitettu lapsille sopivalle korkeudelle. Siksi se on tervetullut vieras jokaisessa lastenhuoneessa. Tuotetiedot: V\u00e4ri: valkoinen Materiaali: MDF (keskitihe\u00e4 kuitulevy), puuhake, kuitukangas Koko: 83 x 38 x 78 cm (P x L x K) Paino: 10 kg Toimitus sis\u00e4lt\u00e4\u00e4: 1 x leluhylly 12 x s\u00e4ilytyslaatikko 1 x kaatumissuoja 1 x lis\u00e4varustepaketti 1 x ohjeet (DE, EN, FR, ES, IT) SONGMICS-ohjeet: Pyyhi tuote p\u00e4ivitt\u00e4in kostealla liinalla.Jos tuotteesta tulee avaamisen j\u00e4lkeen \u201duuden\u201d tuoksu, aseta se hetkeksi hyvin tuuletettuun paikkaan. Pid\u00e4 kangaskotelot poissa veden ulottuvilta.<\/p>\n","protected":false},"excerpt":{"rendered":"<p>SONGMICS leluhylly, lastenhuoneen hylly 12 kangaskotelolla, kirjoille ja leluille, lelujen s\u00e4ilytysj\u00e4rjestelm\u00e4, lastenhuone, lapsille, monik\u00e4ytt\u00f6inen, valkoinen GKRS04WT<\/p>\n","protected":false},"featured_media":39969,"comment_status":"open","ping_status":"closed","template":"","meta":[],"product_brand":[],"product_cat":[32],"product_tag":[],"class_list":{"0":"post-30746","1":"product","2":"type-product","3":"status-publish","4":"has-post-thumbnail","6":"product_cat-uncategorized-fi","8":"first","9":"instock","10":"shipping-taxable","11":"purchasable","12":"product-type-simple"},"_links":{"self":[{"href":"https:\/\/nordicmart.andreevmaster.com\/fi\/wp-json\/wp\/v2\/product\/30746","targetHints":{"allow":["GET"]}}],"collection":[{"href":"https:\/\/nordicmart.andreevmaster.com\/fi\/wp-json\/wp\/v2\/product"}],"about":[{"href":"https:\/\/nordicmart.andreevmaster.com\/fi\/wp-json\/wp\/v2\/types\/product"}],"replies":[{"embeddable":true,"href":"https:\/\/nordicmart.andreevmaster.com\/fi\/wp-json\/wp\/v2\/comments?post=30746"}],"wp:featuredmedia":[{"embeddable":true,"href":"https:\/\/nordicmart.andreevmaster.com\/fi\/wp-json\/wp\/v2\/media\/39969"}],"wp:attachment":[{"href":"https:\/\/nordicmart.andreevmaster.com\/fi\/wp-json\/wp\/v2\/media?parent=30746"}],"wp:term":[{"taxonomy":"product_brand","embeddable":true,"href":"https:\/\/nordicmart.andreevmaster.com\/fi\/wp-json\/wp\/v2\/product_brand?post=30746"},{"taxonomy":"product_cat","embeddable":true,"href":"https:\/\/nordicmart.andreevmaster.com\/fi\/wp-json\/wp\/v2\/product_cat?post=30746"},{"taxonomy":"product_tag","embeddable":true,"href":"https:\/\/nordicmart.andreevmaster.com\/fi\/wp-json\/wp\/v2\/product_tag?post=30746"}],"curies":[{"name":"wp","href":"https:\/\/api.w.org\/{rel}","templated":true}]}}