{"id":30739,"date":"2026-02-27T00:11:05","date_gmt":"2026-02-27T00:11:05","guid":{"rendered":"https:\/\/nordicmart.andreevmaster.com\/product\/songmics-kirjahylly-hylly-3-hyllytasoa\/"},"modified":"2026-02-27T09:34:27","modified_gmt":"2026-02-27T09:34:27","slug":"songmics-kirjahylly-hylly-3-hyllytasoa","status":"publish","type":"product","link":"https:\/\/nordicmart.andreevmaster.com\/fi\/tuote\/songmics-kirjahylly-hylly-3-hyllytasoa\/","title":{"rendered":"SONGMICS Kirjahylly, hylly, 3 hyllytasoa"},"content":{"rendered":"<p>SONGMICS leluhylly, kirjahylly lapsille, lastenhuoneen hylly 3 lokerolla ja ulosvedett\u00e4v\u00e4ll\u00e4 lelulaatikolla py\u00f6rill\u00e4, lelujen s\u00e4ilytysj\u00e4rjestelm\u00e4, lastenhuone, kirjoille<br \/>\nTekniset tiedot:<br \/>\n&#8211; Hyllyn mitat: 29,5 x 62,5 x 70 cm (S x L x K)<br \/>\n&#8211; Alalaatikon mitat: 28 x 59,5 x 37 cm (S x L x K)<br \/>\n&#8211; Paino: 13,5 kg<br \/>\n&#8211; Maks. staattinen kokonaiskantavuus: 25 kg<br \/>\n&#8211; Materiaali: MDF (keskitihe\u00e4 kuitulevy), puuhakelevy<br \/>\n&#8211; V\u00e4ri: vihre\u00e4<\/p>\n","protected":false},"excerpt":{"rendered":"<p>SONGMICS leluhylly, kirjahylly lapsille, lastenhuoneen hylly 3 lokerolla ja ulosvedett\u00e4v\u00e4ll\u00e4 lelulaatikolla py\u00f6rill\u00e4, lelujen s\u00e4ilytysj\u00e4rjestelm\u00e4, lastenhuone, kirjoille<\/p>\n","protected":false},"featured_media":39962,"comment_status":"open","ping_status":"closed","template":"","meta":[],"product_brand":[],"product_cat":[32],"product_tag":[],"class_list":{"0":"post-30739","1":"product","2":"type-product","3":"status-publish","4":"has-post-thumbnail","6":"product_cat-uncategorized-fi","8":"first","9":"instock","10":"shipping-taxable","11":"purchasable","12":"product-type-simple"},"_links":{"self":[{"href":"https:\/\/nordicmart.andreevmaster.com\/fi\/wp-json\/wp\/v2\/product\/30739","targetHints":{"allow":["GET"]}}],"collection":[{"href":"https:\/\/nordicmart.andreevmaster.com\/fi\/wp-json\/wp\/v2\/product"}],"about":[{"href":"https:\/\/nordicmart.andreevmaster.com\/fi\/wp-json\/wp\/v2\/types\/product"}],"replies":[{"embeddable":true,"href":"https:\/\/nordicmart.andreevmaster.com\/fi\/wp-json\/wp\/v2\/comments?post=30739"}],"wp:featuredmedia":[{"embeddable":true,"href":"https:\/\/nordicmart.andreevmaster.com\/fi\/wp-json\/wp\/v2\/media\/39962"}],"wp:attachment":[{"href":"https:\/\/nordicmart.andreevmaster.com\/fi\/wp-json\/wp\/v2\/media?parent=30739"}],"wp:term":[{"taxonomy":"product_brand","embeddable":true,"href":"https:\/\/nordicmart.andreevmaster.com\/fi\/wp-json\/wp\/v2\/product_brand?post=30739"},{"taxonomy":"product_cat","embeddable":true,"href":"https:\/\/nordicmart.andreevmaster.com\/fi\/wp-json\/wp\/v2\/product_cat?post=30739"},{"taxonomy":"product_tag","embeddable":true,"href":"https:\/\/nordicmart.andreevmaster.com\/fi\/wp-json\/wp\/v2\/product_tag?post=30739"}],"curies":[{"name":"wp","href":"https:\/\/api.w.org\/{rel}","templated":true}]}}