{"id":30738,"date":"2026-02-27T00:11:05","date_gmt":"2026-02-27T00:11:05","guid":{"rendered":"https:\/\/nordicmart.andreevmaster.com\/product\/songmics-hylly-kirjahylly-7-kuitukankaista-sailytyslaatikkoa\/"},"modified":"2026-02-27T09:34:26","modified_gmt":"2026-02-27T09:34:26","slug":"songmics-hylly-kirjahylly-7-kuitukankaista-sailytyslaatikkoa","status":"publish","type":"product","link":"https:\/\/nordicmart.andreevmaster.com\/fi\/tuote\/songmics-hylly-kirjahylly-7-kuitukankaista-sailytyslaatikkoa\/","title":{"rendered":"SONGMICS hylly, kirjahylly, 7 kuitukankaista s\u00e4ilytyslaatikkoa"},"content":{"rendered":"<p>SONGMICS lastenhuoneen hylly, leluhylly 7:ll\u00e4 kuitukankaalla p\u00e4\u00e4llystetyll\u00e4 s\u00e4ilytyslaatikolla, lasten kirjahylly, lasten leluhylly, lelujen s\u00e4ilytysj\u00e4rjestelm\u00e4, 29,5 x 62,5 x 60 cm, valkoinen GKR034W01<br \/>\nTekniset tiedot:<br \/>\n&#8211; Mitat: 29,5 x 62,5 x 60 cm (S x L x K)<br \/>\n&#8211; Paino: 5,4 kg<br \/>\n&#8211; Maks. staattinen kantavuus tasoa kohti: 10 kg<br \/>\n&#8211; Maks. staattinen kantavuus yhteens\u00e4: 30 kg<br \/>\n&#8211; Materiaali: MDF (keskitihe\u00e4 kuitulevy), kuitukangas<br \/>\n&#8211; V\u00e4ri: valkoinen<\/p>\n","protected":false},"excerpt":{"rendered":"<p>SONGMICS lastenhuoneen hylly, leluhylly 7:ll\u00e4 kuitukankaalla p\u00e4\u00e4llystetyll\u00e4 s\u00e4ilytyslaatikolla, lasten kirjahylly, lasten leluhylly, lelujen s\u00e4ilytysj\u00e4rjestelm\u00e4, 29,5 x 62,5 x 60 cm, valkoinen GKR034W01<\/p>\n","protected":false},"featured_media":39961,"comment_status":"open","ping_status":"closed","template":"","meta":[],"product_brand":[],"product_cat":[32],"product_tag":[],"class_list":{"0":"post-30738","1":"product","2":"type-product","3":"status-publish","4":"has-post-thumbnail","6":"product_cat-uncategorized-fi","8":"first","9":"instock","10":"shipping-taxable","11":"purchasable","12":"product-type-simple"},"_links":{"self":[{"href":"https:\/\/nordicmart.andreevmaster.com\/fi\/wp-json\/wp\/v2\/product\/30738","targetHints":{"allow":["GET"]}}],"collection":[{"href":"https:\/\/nordicmart.andreevmaster.com\/fi\/wp-json\/wp\/v2\/product"}],"about":[{"href":"https:\/\/nordicmart.andreevmaster.com\/fi\/wp-json\/wp\/v2\/types\/product"}],"replies":[{"embeddable":true,"href":"https:\/\/nordicmart.andreevmaster.com\/fi\/wp-json\/wp\/v2\/comments?post=30738"}],"wp:featuredmedia":[{"embeddable":true,"href":"https:\/\/nordicmart.andreevmaster.com\/fi\/wp-json\/wp\/v2\/media\/39961"}],"wp:attachment":[{"href":"https:\/\/nordicmart.andreevmaster.com\/fi\/wp-json\/wp\/v2\/media?parent=30738"}],"wp:term":[{"taxonomy":"product_brand","embeddable":true,"href":"https:\/\/nordicmart.andreevmaster.com\/fi\/wp-json\/wp\/v2\/product_brand?post=30738"},{"taxonomy":"product_cat","embeddable":true,"href":"https:\/\/nordicmart.andreevmaster.com\/fi\/wp-json\/wp\/v2\/product_cat?post=30738"},{"taxonomy":"product_tag","embeddable":true,"href":"https:\/\/nordicmart.andreevmaster.com\/fi\/wp-json\/wp\/v2\/product_tag?post=30738"}],"curies":[{"name":"wp","href":"https:\/\/api.w.org\/{rel}","templated":true}]}}