{"id":30736,"date":"2026-02-27T00:11:05","date_gmt":"2026-02-27T00:11:05","guid":{"rendered":"https:\/\/nordicmart.andreevmaster.com\/product\/songmics-hylly-kirjahylly-9-kuitukankaista-sailytyslaatikkoa\/"},"modified":"2026-02-27T09:34:26","modified_gmt":"2026-02-27T09:34:26","slug":"songmics-hylly-kirjahylly-9-kuitukankaista-sailytyslaatikkoa","status":"publish","type":"product","link":"https:\/\/nordicmart.andreevmaster.com\/fi\/tuote\/songmics-hylly-kirjahylly-9-kuitukankaista-sailytyslaatikkoa\/","title":{"rendered":"SONGMICS hylly, kirjahylly, 9 kuitukankaista s\u00e4ilytyslaatikkoa"},"content":{"rendered":"<p>Hylly, kirjahylly, 9 kuitukankaista s\u00e4ilytyslaatikkoa, ty\u00f6huone, tilava, 29,5 x 62,5 x 60 cm, pilvinen valkoinen<br \/>\nTuotetiedot:<br \/>\n&#8211; V\u00e4ri: kyyhkynharmaa<br \/>\n&#8211; Materiaali: MDF (keskitihe\u00e4 kuitulevy), kuitukangas<br \/>\n&#8211; Koko: 29,5 x 62,5 x 60 cm (S x L x K)<br \/>\n&#8211; Paino: 5,6 kg<br \/>\n&#8211; Maks. staattinen kantavuus per laatikko: 2 kg<br \/>\n&#8211; Maks. staattinen kantavuus tasoa kohti: 6 kg<br \/>\n&#8211; Maks. staattinen kantavuus yhteens\u00e4: 18 kg<\/p>\n<p>Toimitus sis\u00e4lt\u00e4\u00e4:<br \/>\n&#8211; 1 x hylly 9 kangaskotelolla<br \/>\n&#8211; 1 x lis\u00e4varustepaketti<br \/>\n&#8211; 1 x kaatumissuoja<br \/>\n&#8211; 1 x k\u00e4ytt\u00f6ohje<\/p>\n<p>Huomautukset:<br \/>\n&#8211; Kiinnit\u00e4 j\u00e4rjestelij\u00e4 sein\u00e4\u00e4n mukana toimitetulla kaatumissuojalla, jotta se ei kaadu.<br \/>\n&#8211; Hylly\u00e4 ei suositella pest\u00e4 suoraan vedell\u00e4. Jos hylly likaantuu, pyyhi se kostealla liinalla ja aseta se kuivaan paikkaan.<br \/>\n&#8211; Kirjahylly voi tuoksua &#8221;uudelta&#8221; pakkausta avattaessa. T\u00e4ss\u00e4 tapauksessa anna sen seist\u00e4 jonkin aikaa viile\u00e4ss\u00e4, hyvin ilmastoidussa paikassa ennen k\u00e4ytt\u00f6\u00e4.<\/p>\n","protected":false},"excerpt":{"rendered":"<p>Hylly, kirjahylly, 9 kuitukankaista s\u00e4ilytyslaatikkoa, ty\u00f6huone, tilava, 29,5 x 62,5 x 60 cm, pilvinen valkoinen<\/p>\n","protected":false},"featured_media":39959,"comment_status":"open","ping_status":"closed","template":"","meta":[],"product_brand":[],"product_cat":[32],"product_tag":[],"class_list":{"0":"post-30736","1":"product","2":"type-product","3":"status-publish","4":"has-post-thumbnail","6":"product_cat-uncategorized-fi","8":"first","9":"instock","10":"shipping-taxable","11":"purchasable","12":"product-type-simple"},"_links":{"self":[{"href":"https:\/\/nordicmart.andreevmaster.com\/fi\/wp-json\/wp\/v2\/product\/30736","targetHints":{"allow":["GET"]}}],"collection":[{"href":"https:\/\/nordicmart.andreevmaster.com\/fi\/wp-json\/wp\/v2\/product"}],"about":[{"href":"https:\/\/nordicmart.andreevmaster.com\/fi\/wp-json\/wp\/v2\/types\/product"}],"replies":[{"embeddable":true,"href":"https:\/\/nordicmart.andreevmaster.com\/fi\/wp-json\/wp\/v2\/comments?post=30736"}],"wp:featuredmedia":[{"embeddable":true,"href":"https:\/\/nordicmart.andreevmaster.com\/fi\/wp-json\/wp\/v2\/media\/39959"}],"wp:attachment":[{"href":"https:\/\/nordicmart.andreevmaster.com\/fi\/wp-json\/wp\/v2\/media?parent=30736"}],"wp:term":[{"taxonomy":"product_brand","embeddable":true,"href":"https:\/\/nordicmart.andreevmaster.com\/fi\/wp-json\/wp\/v2\/product_brand?post=30736"},{"taxonomy":"product_cat","embeddable":true,"href":"https:\/\/nordicmart.andreevmaster.com\/fi\/wp-json\/wp\/v2\/product_cat?post=30736"},{"taxonomy":"product_tag","embeddable":true,"href":"https:\/\/nordicmart.andreevmaster.com\/fi\/wp-json\/wp\/v2\/product_tag?post=30736"}],"curies":[{"name":"wp","href":"https:\/\/api.w.org\/{rel}","templated":true}]}}