{"id":30735,"date":"2026-02-27T00:11:05","date_gmt":"2026-02-27T00:11:05","guid":{"rendered":"https:\/\/nordicmart.andreevmaster.com\/product\/songmics-leluhylly-lapsille-valkoinen\/"},"modified":"2026-02-27T09:34:26","modified_gmt":"2026-02-27T09:34:26","slug":"songmics-leluhylly-lapsille-valkoinen","status":"publish","type":"product","link":"https:\/\/nordicmart.andreevmaster.com\/fi\/tuote\/songmics-leluhylly-lapsille-valkoinen\/","title":{"rendered":"SONGMICS leluhylly lapsille, valkoinen"},"content":{"rendered":"<p>Laatikko t\u00e4ynn\u00e4 fantasiaa! Tilava lelulaatikko, avoin hylly keskell\u00e4 ja 3 lokeroa yl\u00e4osassa her\u00e4tt\u00e4v\u00e4t lastesi mielikuvituksen. Pehmot, kirjat, nuket, rakennuspalikat, pelihahmot, muovailuvaha \u2013 kaikki mahtuu t\u00e4nne. Onnenamuletti Lapsesi esittelev\u00e4t ylpe\u00e4n\u00e4 lelukokoelmaansa hyllyll\u00e4 yst\u00e4villeen. Hienostuneiden v\u00e4rien ja lapsille sopivan muotoilun ansiosta t\u00e4m\u00e4 hylly puhuttelee jokaista lasta ja her\u00e4tt\u00e4\u00e4 uteliaisuuden sen hauskojen salaisuuksien l\u00f6yt\u00e4miseen. Tuotetiedot: &#8211; V\u00e4ri: valkoinen &#8211; Materiaali: MDF (keskitihe\u00e4 kuitulevy), lastulevy &#8211; Koko: 90 x 29,5 x 90 cm (P x L x K) &#8211; Paino: 21,3 kg Toimitus sis\u00e4lt\u00e4\u00e4: &#8211; 1 x leluhylly &#8211; 1 x kaatumissuoja &#8211; 1 x lis\u00e4varustepaketti &#8211; 1 x ohjeet (DE, EN, FR, ES, IT) SONGMICS Huomautukset:- Pyyhi tuote p\u00e4ivitt\u00e4in kostealla liinalla. &#8211; Jos tuotteesta tulee avaamisen j\u00e4lkeen &#8221;uuden&#8221; tuoksu, aseta se hetkeksi hyvin tuuletettuun paikkaan.<\/p>\n","protected":false},"excerpt":{"rendered":"<p>SONGMICS leluhylly, kirjahylly lapsille, ulosvedett\u00e4v\u00e4 lelulaatikko py\u00f6rill\u00e4, lelujen j\u00e4rjestelij\u00e4, lastenhuone, monik\u00e4ytt\u00f6inen, valkoinen GKR90WT<\/p>\n","protected":false},"featured_media":39958,"comment_status":"open","ping_status":"closed","template":"","meta":[],"product_brand":[],"product_cat":[32],"product_tag":[],"class_list":{"0":"post-30735","1":"product","2":"type-product","3":"status-publish","4":"has-post-thumbnail","6":"product_cat-uncategorized-fi","8":"first","9":"instock","10":"shipping-taxable","11":"purchasable","12":"product-type-simple"},"_links":{"self":[{"href":"https:\/\/nordicmart.andreevmaster.com\/fi\/wp-json\/wp\/v2\/product\/30735","targetHints":{"allow":["GET"]}}],"collection":[{"href":"https:\/\/nordicmart.andreevmaster.com\/fi\/wp-json\/wp\/v2\/product"}],"about":[{"href":"https:\/\/nordicmart.andreevmaster.com\/fi\/wp-json\/wp\/v2\/types\/product"}],"replies":[{"embeddable":true,"href":"https:\/\/nordicmart.andreevmaster.com\/fi\/wp-json\/wp\/v2\/comments?post=30735"}],"wp:featuredmedia":[{"embeddable":true,"href":"https:\/\/nordicmart.andreevmaster.com\/fi\/wp-json\/wp\/v2\/media\/39958"}],"wp:attachment":[{"href":"https:\/\/nordicmart.andreevmaster.com\/fi\/wp-json\/wp\/v2\/media?parent=30735"}],"wp:term":[{"taxonomy":"product_brand","embeddable":true,"href":"https:\/\/nordicmart.andreevmaster.com\/fi\/wp-json\/wp\/v2\/product_brand?post=30735"},{"taxonomy":"product_cat","embeddable":true,"href":"https:\/\/nordicmart.andreevmaster.com\/fi\/wp-json\/wp\/v2\/product_cat?post=30735"},{"taxonomy":"product_tag","embeddable":true,"href":"https:\/\/nordicmart.andreevmaster.com\/fi\/wp-json\/wp\/v2\/product_tag?post=30735"}],"curies":[{"name":"wp","href":"https:\/\/api.w.org\/{rel}","templated":true}]}}