{"id":30734,"date":"2026-02-27T00:11:04","date_gmt":"2026-02-27T00:11:04","guid":{"rendered":"https:\/\/nordicmart.andreevmaster.com\/product\/songmics-hylly-tonieboxille-helppo-asentaa-pilvinen-valkoinen\/"},"modified":"2026-02-27T09:34:26","modified_gmt":"2026-02-27T09:34:26","slug":"songmics-hylly-tonieboxille-helppo-asentaa-pilvinen-valkoinen","status":"publish","type":"product","link":"https:\/\/nordicmart.andreevmaster.com\/fi\/tuote\/songmics-hylly-tonieboxille-helppo-asentaa-pilvinen-valkoinen\/","title":{"rendered":"SONGMICS hylly Tonieboxille, helppo asentaa, pilvinen valkoinen"},"content":{"rendered":"<p>SONGMICS hylly Tonieboxille, sein\u00e4hylly 35 hahmolle, lasten hylly, helppo asentaa, lastenhuone, olohuone, harmaa GKR801G01<br \/>\nV\u00e4ri: pilvinen valkoinen<br \/>\nMateriaali: MDF (keskitihe\u00e4 kuitulevy), ter\u00e4s, py\u00f6kkipuu<br \/>\nKoko: 18 x 55,6 x 59,7 cm (S x L x K)<br \/>\nPaino: 3,1 kg<\/p>\n","protected":false},"excerpt":{"rendered":"<p>SONGMICS hylly Tonieboxille, sein\u00e4hylly 35 hahmolle, lasten hylly, helppo asentaa, lastenhuone, olohuone, harmaa GKR801G01<\/p>\n","protected":false},"featured_media":39957,"comment_status":"open","ping_status":"closed","template":"","meta":[],"product_brand":[],"product_cat":[32],"product_tag":[],"class_list":{"0":"post-30734","1":"product","2":"type-product","3":"status-publish","4":"has-post-thumbnail","6":"product_cat-uncategorized-fi","8":"first","9":"instock","10":"shipping-taxable","11":"purchasable","12":"product-type-simple"},"_links":{"self":[{"href":"https:\/\/nordicmart.andreevmaster.com\/fi\/wp-json\/wp\/v2\/product\/30734","targetHints":{"allow":["GET"]}}],"collection":[{"href":"https:\/\/nordicmart.andreevmaster.com\/fi\/wp-json\/wp\/v2\/product"}],"about":[{"href":"https:\/\/nordicmart.andreevmaster.com\/fi\/wp-json\/wp\/v2\/types\/product"}],"replies":[{"embeddable":true,"href":"https:\/\/nordicmart.andreevmaster.com\/fi\/wp-json\/wp\/v2\/comments?post=30734"}],"wp:featuredmedia":[{"embeddable":true,"href":"https:\/\/nordicmart.andreevmaster.com\/fi\/wp-json\/wp\/v2\/media\/39957"}],"wp:attachment":[{"href":"https:\/\/nordicmart.andreevmaster.com\/fi\/wp-json\/wp\/v2\/media?parent=30734"}],"wp:term":[{"taxonomy":"product_brand","embeddable":true,"href":"https:\/\/nordicmart.andreevmaster.com\/fi\/wp-json\/wp\/v2\/product_brand?post=30734"},{"taxonomy":"product_cat","embeddable":true,"href":"https:\/\/nordicmart.andreevmaster.com\/fi\/wp-json\/wp\/v2\/product_cat?post=30734"},{"taxonomy":"product_tag","embeddable":true,"href":"https:\/\/nordicmart.andreevmaster.com\/fi\/wp-json\/wp\/v2\/product_tag?post=30734"}],"curies":[{"name":"wp","href":"https:\/\/api.w.org\/{rel}","templated":true}]}}