{"id":30733,"date":"2026-02-27T00:11:04","date_gmt":"2026-02-27T00:11:04","guid":{"rendered":"https:\/\/nordicmart.andreevmaster.com\/product\/songmics-seinahylly-lasten-musiikkilaatikolle\/"},"modified":"2026-02-27T09:34:26","modified_gmt":"2026-02-27T09:34:26","slug":"songmics-seinahylly-lasten-musiikkilaatikolle","status":"publish","type":"product","link":"https:\/\/nordicmart.andreevmaster.com\/fi\/tuote\/songmics-seinahylly-lasten-musiikkilaatikolle\/","title":{"rendered":"SONGMICS sein\u00e4hylly lasten musiikkilaatikolle"},"content":{"rendered":"<p>Tuotetiedot: V\u00e4ri: harmaa Materiaali: MDF (keskitihe\u00e4 kuitulevy), ter\u00e4s, py\u00f6kkipuu Koko: 18 x 55,6 x 59,7 cm (S x L x K) Paino: 3,1 kg Toimitus sis\u00e4lt\u00e4\u00e4: 1 x sein\u00e4hylly 1 x lis\u00e4varustepaketti 1 x ohjeet SONGMICS Huomautukset:Turvallisuussyist\u00e4 lapset eiv\u00e4t saa kiivet\u00e4 hyllylle tai leikki\u00e4 sill\u00e4. Laatikoita ei voi pest\u00e4! Puhdista ne liinalla, jos ne likaantuvat. Aseta hylly kuivaan paikkaan. Lasten hylly saattaa tuoksua uudelta, kun se avataan pakkauksesta. T\u00e4ll\u00f6in voit sijoittaa sen hyvin tuuletettuun tilaan, jotta haju h\u00e4vi\u00e4\u00e4 lyhyess\u00e4 ajassa.<\/p>\n","protected":false},"excerpt":{"rendered":"<p>SONGMICS hylly Tonieboxille, sein\u00e4hylly 35 hahmolle, lasten hylly, helppo asentaa, lastenhuone, olohuone, harmaa GKR801G01<\/p>\n","protected":false},"featured_media":39956,"comment_status":"open","ping_status":"closed","template":"","meta":[],"product_brand":[],"product_cat":[32],"product_tag":[],"class_list":{"0":"post-30733","1":"product","2":"type-product","3":"status-publish","4":"has-post-thumbnail","6":"product_cat-uncategorized-fi","8":"first","9":"instock","10":"shipping-taxable","11":"purchasable","12":"product-type-simple"},"_links":{"self":[{"href":"https:\/\/nordicmart.andreevmaster.com\/fi\/wp-json\/wp\/v2\/product\/30733","targetHints":{"allow":["GET"]}}],"collection":[{"href":"https:\/\/nordicmart.andreevmaster.com\/fi\/wp-json\/wp\/v2\/product"}],"about":[{"href":"https:\/\/nordicmart.andreevmaster.com\/fi\/wp-json\/wp\/v2\/types\/product"}],"replies":[{"embeddable":true,"href":"https:\/\/nordicmart.andreevmaster.com\/fi\/wp-json\/wp\/v2\/comments?post=30733"}],"wp:featuredmedia":[{"embeddable":true,"href":"https:\/\/nordicmart.andreevmaster.com\/fi\/wp-json\/wp\/v2\/media\/39956"}],"wp:attachment":[{"href":"https:\/\/nordicmart.andreevmaster.com\/fi\/wp-json\/wp\/v2\/media?parent=30733"}],"wp:term":[{"taxonomy":"product_brand","embeddable":true,"href":"https:\/\/nordicmart.andreevmaster.com\/fi\/wp-json\/wp\/v2\/product_brand?post=30733"},{"taxonomy":"product_cat","embeddable":true,"href":"https:\/\/nordicmart.andreevmaster.com\/fi\/wp-json\/wp\/v2\/product_cat?post=30733"},{"taxonomy":"product_tag","embeddable":true,"href":"https:\/\/nordicmart.andreevmaster.com\/fi\/wp-json\/wp\/v2\/product_tag?post=30733"}],"curies":[{"name":"wp","href":"https:\/\/api.w.org\/{rel}","templated":true}]}}