{"id":30731,"date":"2026-02-27T00:11:04","date_gmt":"2026-02-27T00:11:04","guid":{"rendered":"https:\/\/nordicmart.andreevmaster.com\/product\/songmics-lasten-kirjahylly-sininen-valkoinen\/"},"modified":"2026-02-27T09:34:25","modified_gmt":"2026-02-27T09:34:25","slug":"songmics-lasten-kirjahylly-sininen-valkoinen","status":"publish","type":"product","link":"https:\/\/nordicmart.andreevmaster.com\/fi\/tuote\/songmics-lasten-kirjahylly-sininen-valkoinen\/","title":{"rendered":"SONGMICS lasten kirjahylly, sininen-valkoinen"},"content":{"rendered":"<p>Tuotetiedot: V\u00e4ri: valkoinen hylly; kirjahyllyt valkoisena, sinisen\u00e4 ja harmaana Materiaali: puristettu puulevy, tekstiilikomposiitti, v\u00e4rikk\u00e4\u00e4t paperitarrat Koko: 62,5 x 28 x 60 cm (P x L x K) Paino: 2,5 kg Toimitus sis\u00e4lt\u00e4\u00e4: 2 x hyllylevy 1 x kangas 6 x tanko 1 x s\u00e4ilytyslaatikko tarvikkeilla 1 x ohjeet (DE, EN, FR, ES, IT) SONGMICS Huomautukset:Puhdista tuote kostealla liinalla ja anna sen kuivua ilmassa. Kangaslevy voidaan pest\u00e4 vedell\u00e4.<\/p>\n","protected":false},"excerpt":{"rendered":"<p>SONGMICS Kirjahylly lapsille, lastenhuoneen hylly, lelujen s\u00e4ilytyslaatikko, kaatumissuojalla, lastenhuone, koulu, p\u00e4iv\u00e4koti, 62,5 x 28 x 60 cm, avaruusaiheinen, valkoinen GKR72WT<\/p>\n","protected":false},"featured_media":39954,"comment_status":"open","ping_status":"closed","template":"","meta":[],"product_brand":[],"product_cat":[32],"product_tag":[],"class_list":{"0":"post-30731","1":"product","2":"type-product","3":"status-publish","4":"has-post-thumbnail","6":"product_cat-uncategorized-fi","8":"first","9":"instock","10":"shipping-taxable","11":"purchasable","12":"product-type-simple"},"_links":{"self":[{"href":"https:\/\/nordicmart.andreevmaster.com\/fi\/wp-json\/wp\/v2\/product\/30731","targetHints":{"allow":["GET"]}}],"collection":[{"href":"https:\/\/nordicmart.andreevmaster.com\/fi\/wp-json\/wp\/v2\/product"}],"about":[{"href":"https:\/\/nordicmart.andreevmaster.com\/fi\/wp-json\/wp\/v2\/types\/product"}],"replies":[{"embeddable":true,"href":"https:\/\/nordicmart.andreevmaster.com\/fi\/wp-json\/wp\/v2\/comments?post=30731"}],"wp:featuredmedia":[{"embeddable":true,"href":"https:\/\/nordicmart.andreevmaster.com\/fi\/wp-json\/wp\/v2\/media\/39954"}],"wp:attachment":[{"href":"https:\/\/nordicmart.andreevmaster.com\/fi\/wp-json\/wp\/v2\/media?parent=30731"}],"wp:term":[{"taxonomy":"product_brand","embeddable":true,"href":"https:\/\/nordicmart.andreevmaster.com\/fi\/wp-json\/wp\/v2\/product_brand?post=30731"},{"taxonomy":"product_cat","embeddable":true,"href":"https:\/\/nordicmart.andreevmaster.com\/fi\/wp-json\/wp\/v2\/product_cat?post=30731"},{"taxonomy":"product_tag","embeddable":true,"href":"https:\/\/nordicmart.andreevmaster.com\/fi\/wp-json\/wp\/v2\/product_tag?post=30731"}],"curies":[{"name":"wp","href":"https:\/\/api.w.org\/{rel}","templated":true}]}}