{"id":30730,"date":"2026-02-27T00:11:04","date_gmt":"2026-02-27T00:11:04","guid":{"rendered":"https:\/\/nordicmart.andreevmaster.com\/product\/songmics-sopo-kirjahylly-lapsille\/"},"modified":"2026-02-27T09:34:25","modified_gmt":"2026-02-27T09:34:25","slug":"songmics-sopo-kirjahylly-lapsille","status":"publish","type":"product","link":"https:\/\/nordicmart.andreevmaster.com\/fi\/tuote\/songmics-sopo-kirjahylly-lapsille\/","title":{"rendered":"SONGMICS S\u00f6p\u00f6 kirjahylly lapsille"},"content":{"rendered":"<p>Tuotekuvaus: Lent\u00e4v\u00e4tk\u00f6 lelut villin leikkip\u00e4iv\u00e4n j\u00e4lkeen yst\u00e4vien kanssa peiton alle ja rakennuspalikat nukenvaatteiden sekaan? Haluatko opettaa pienokaisillesi, ett\u00e4 &#8221;j\u00e4rjestys on t\u00e4rke\u00e4\u00e4&#8221;? Kest\u00e4v\u00e4 ja kulutusta kest\u00e4v\u00e4 SONGMICS-lasten hylly, joka on valmistettu ymp\u00e4rist\u00f6yst\u00e4v\u00e4llisest\u00e4 materiaalista, t\u00e4ytt\u00e4\u00e4 hyvin lasten tarpeet. V\u00e4rikk\u00e4iden v\u00e4rien, t\u00e4ydellisen koon ja turvallisuusominaisuuksien, kuten kaatumissuojan ja py\u00f6ristettyjen kulmien ja reunojen ansiosta lapsesi voivat leikki\u00e4 hyllyn kanssa lastenhuoneessa ilman valvontaa. Se auttaa lapsia pit\u00e4m\u00e4\u00e4n j\u00e4rjestyst\u00e4 ja luo hyv\u00e4n yleiskuvan kirjoista, pehmoleluista ja leluista. Lasten hylly on oikea valinta sinulle. Tuotetiedot: &#8211; Materiaali runko: ymp\u00e4rist\u00f6yst\u00e4v\u00e4llinen MDF-levy, rautaputket &#8211; V\u00e4ri runko: valkoinen &#8211; Mitat: 67 x 74 x 26,5 cm (L x K x S) &#8211; Materiaali laatikot: kartonki, jossa on kuitukankaap\u00e4\u00e4llyste &#8211; Laatikoiden v\u00e4ri: vaaleanpunainen, keltainen, vaaleansininen &#8211; Laatikoiden mitat: kukin 27 x 12 x 20 cm (L x K x S) Toimitus sis\u00e4lt\u00e4\u00e4: &#8211; 1 x lasten hylly &#8211; 1 x ohjeet (DE, EN, IT, FR, ES)<\/p>\n","protected":false},"excerpt":{"rendered":"<p>SONGMICS 4-kerroksinen kirjahylly lapsille, s\u00e4ilytyshylly kirjoille, koulutarvikkeille, lastenhuoneeseen tai p\u00e4iv\u00e4kotiin, v\u00e4rik\u00e4s, vaahteranv\u00e4rinen, GKR71YL<\/p>\n","protected":false},"featured_media":39953,"comment_status":"open","ping_status":"closed","template":"","meta":[],"product_brand":[],"product_cat":[32],"product_tag":[],"class_list":{"0":"post-30730","1":"product","2":"type-product","3":"status-publish","4":"has-post-thumbnail","6":"product_cat-uncategorized-fi","8":"first","9":"instock","10":"shipping-taxable","11":"purchasable","12":"product-type-simple"},"_links":{"self":[{"href":"https:\/\/nordicmart.andreevmaster.com\/fi\/wp-json\/wp\/v2\/product\/30730","targetHints":{"allow":["GET"]}}],"collection":[{"href":"https:\/\/nordicmart.andreevmaster.com\/fi\/wp-json\/wp\/v2\/product"}],"about":[{"href":"https:\/\/nordicmart.andreevmaster.com\/fi\/wp-json\/wp\/v2\/types\/product"}],"replies":[{"embeddable":true,"href":"https:\/\/nordicmart.andreevmaster.com\/fi\/wp-json\/wp\/v2\/comments?post=30730"}],"wp:featuredmedia":[{"embeddable":true,"href":"https:\/\/nordicmart.andreevmaster.com\/fi\/wp-json\/wp\/v2\/media\/39953"}],"wp:attachment":[{"href":"https:\/\/nordicmart.andreevmaster.com\/fi\/wp-json\/wp\/v2\/media?parent=30730"}],"wp:term":[{"taxonomy":"product_brand","embeddable":true,"href":"https:\/\/nordicmart.andreevmaster.com\/fi\/wp-json\/wp\/v2\/product_brand?post=30730"},{"taxonomy":"product_cat","embeddable":true,"href":"https:\/\/nordicmart.andreevmaster.com\/fi\/wp-json\/wp\/v2\/product_cat?post=30730"},{"taxonomy":"product_tag","embeddable":true,"href":"https:\/\/nordicmart.andreevmaster.com\/fi\/wp-json\/wp\/v2\/product_tag?post=30730"}],"curies":[{"name":"wp","href":"https:\/\/api.w.org\/{rel}","templated":true}]}}