{"id":30729,"date":"2026-02-27T00:11:03","date_gmt":"2026-02-27T00:11:03","guid":{"rendered":"https:\/\/nordicmart.andreevmaster.com\/product\/songmics-suloinen-lasten-hylly-oranssi-vihrea\/"},"modified":"2026-02-27T09:34:25","modified_gmt":"2026-02-27T09:34:25","slug":"songmics-suloinen-lasten-hylly-oranssi-vihrea","status":"publish","type":"product","link":"https:\/\/nordicmart.andreevmaster.com\/fi\/tuote\/songmics-suloinen-lasten-hylly-oranssi-vihrea\/","title":{"rendered":"SONGMICS Suloinen lasten hylly, oranssi-vihre\u00e4"},"content":{"rendered":"<p>Vihdoin s\u00e4ilytys ja oppiminen yhdistyv\u00e4t! Oletko koskaan n\u00e4hnyt lasten s\u00e4ilytysratkaisua, joka kannustaa sek\u00e4 s\u00e4ilytysk\u00e4yt\u00e4nt\u00f6ihin ett\u00e4 lukemiseen? T\u00e4m\u00e4n kirja- ja leluhyllyn ansiosta sinun ei en\u00e4\u00e4 tarvitse toistuvasti kehottaa lasta siivoamaan huoneensa. Lapset nauttivat huoneensa siivoamisesta, koska kirjat, lelut, koulutarvikkeet ja muut tavarat on paljon helpompi sijoittaa t\u00e4h\u00e4n telineeseen.Valmistettu MDF-levyist\u00e4 ja PP-muovilaatikoista, helppo puhdistaa ja eritt\u00e4in tukeva. Mitat: 85,2 x 29,5 x 83 cm (L x S x K) erilaisiin tiloihin. Sile\u00e4t, py\u00f6ristetyt reunat est\u00e4v\u00e4t lapsia naarmuttamasta vaatteitaan. Kaatumisenestolaitteet kiinnitt\u00e4v\u00e4t hyllyn sein\u00e4\u00e4n lis\u00e4turvallisuuden takaamiseksi. T\u00e4m\u00e4 kaunis kirjahylly sopii t\u00e4ydellisesti lastenhuoneeseen ja edist\u00e4\u00e4 j\u00e4rjestyst\u00e4 ja lukemista. \u00c4l\u00e4 odota en\u00e4\u00e4, vaan anna t\u00e4m\u00e4 hylly lapsillesi! Kehit\u00e4 heid\u00e4n taitojaan k\u00e4yt\u00e4nn\u00f6n harjoitusten avulla ja her\u00e4t\u00e4 heid\u00e4n kiinnostuksensa oppimiseen! Tuotetiedot: V\u00e4ri: valkoinen , moniv\u00e4rinen Materiaalit: MDF-levyt, melamiiniviilu, PP-muovi Tuotteen koko: 85,2 x 29,5 x 83 cm (L x S x K) Paino: 10 kg Kunkin tason kantavuus: 5 kg Toimitus sis\u00e4lt\u00e4\u00e4: 1 x s\u00e4ilytyskaappi 1 x lis\u00e4varustepussi 1 x ohjeet (DE, EN, FR, ES, IT) SONGMICS-ohjeet:Ennen asennusta on suositeltavaa levitt\u00e4\u00e4 pakkauksessa olevat paisutettavat polyeteenivaahdot lattialle naarmujen v\u00e4ltt\u00e4miseksi. V\u00e4lt\u00e4 tuotteen suoraa kosketusta kovaan lattiaan asennuksen aikana.<\/p>\n","protected":false},"excerpt":{"rendered":"<p>SONGMICS s\u00e4ilytyskaappi lapsille, 3-tasoinen kirjahylly ja 6 irrotettavaa s\u00e4ilytysastiaa lastenhuoneeseen, p\u00e4iv\u00e4kotiin, moniv\u00e4rinen valkoinen GKR44WTV1<\/p>\n","protected":false},"featured_media":39952,"comment_status":"open","ping_status":"closed","template":"","meta":[],"product_brand":[],"product_cat":[32],"product_tag":[],"class_list":{"0":"post-30729","1":"product","2":"type-product","3":"status-publish","4":"has-post-thumbnail","6":"product_cat-uncategorized-fi","8":"first","9":"instock","10":"shipping-taxable","11":"purchasable","12":"product-type-simple"},"_links":{"self":[{"href":"https:\/\/nordicmart.andreevmaster.com\/fi\/wp-json\/wp\/v2\/product\/30729","targetHints":{"allow":["GET"]}}],"collection":[{"href":"https:\/\/nordicmart.andreevmaster.com\/fi\/wp-json\/wp\/v2\/product"}],"about":[{"href":"https:\/\/nordicmart.andreevmaster.com\/fi\/wp-json\/wp\/v2\/types\/product"}],"replies":[{"embeddable":true,"href":"https:\/\/nordicmart.andreevmaster.com\/fi\/wp-json\/wp\/v2\/comments?post=30729"}],"wp:featuredmedia":[{"embeddable":true,"href":"https:\/\/nordicmart.andreevmaster.com\/fi\/wp-json\/wp\/v2\/media\/39952"}],"wp:attachment":[{"href":"https:\/\/nordicmart.andreevmaster.com\/fi\/wp-json\/wp\/v2\/media?parent=30729"}],"wp:term":[{"taxonomy":"product_brand","embeddable":true,"href":"https:\/\/nordicmart.andreevmaster.com\/fi\/wp-json\/wp\/v2\/product_brand?post=30729"},{"taxonomy":"product_cat","embeddable":true,"href":"https:\/\/nordicmart.andreevmaster.com\/fi\/wp-json\/wp\/v2\/product_cat?post=30729"},{"taxonomy":"product_tag","embeddable":true,"href":"https:\/\/nordicmart.andreevmaster.com\/fi\/wp-json\/wp\/v2\/product_tag?post=30729"}],"curies":[{"name":"wp","href":"https:\/\/api.w.org\/{rel}","templated":true}]}}