{"id":30728,"date":"2026-02-27T00:11:03","date_gmt":"2026-02-27T00:11:03","guid":{"rendered":"https:\/\/nordicmart.andreevmaster.com\/product\/sod-bornehylde-orange-gron-2\/"},"modified":"2026-02-27T09:34:25","modified_gmt":"2026-02-27T09:34:25","slug":"sod-bornehylde-orange-gron-2","status":"publish","type":"product","link":"https:\/\/nordicmart.andreevmaster.com\/fi\/tuote\/sod-bornehylde-orange-gron-2\/","title":{"rendered":"S\u00f8d b\u00f8rnehylde orange-gr\u00f8n"},"content":{"rendered":"<p>Vihdoin yhdistelm\u00e4 s\u00e4ilytyst\u00e4 ja oppimista! Oletko koskaan n\u00e4hnyt lasten s\u00e4ilytystelinett\u00e4, joka kannustaa sek\u00e4 s\u00e4ilytys- ett\u00e4 lukemiseen? T\u00e4m\u00e4n kirjojen ja lelujen s\u00e4ilytystelineen ansiosta sinun ei tarvitse jatkuvasti kehottaa lasta siivoamaan huoneensa. Lapset nauttivat huoneensa siivoamisesta, koska heid\u00e4n on paljon helpompi s\u00e4ilytt\u00e4\u00e4 kirjojaan, lelujaan, koulutarvikkeitaan ja muita tavaroitaan t\u00e4ss\u00e4 telineess\u00e4. Valmistettu MDF-levyist\u00e4 ja PP-muovilaatikoista, helppo puhdistaa ja eritt\u00e4in kest\u00e4v\u00e4. Mitat: 85,2 x 29,5 x 83 cm (L x S x K) erilaisiin tilantarpeisiin. Sile\u00e4t, py\u00f6ristetyt reunat est\u00e4v\u00e4t lapsia naarmuttamasta vaatteitaan. Kaatumisenestolaitteet kiinnitt\u00e4v\u00e4t hyllyn sein\u00e4\u00e4n ylim\u00e4\u00e4r\u00e4isen turvallisuuden takaamiseksi. T\u00e4m\u00e4 kaunis kirjahylly sopii t\u00e4ydellisesti lastenhuoneeseen ja kannustaa j\u00e4rjestelem\u00e4\u00e4n ja lukemaan, joten \u00e4l\u00e4 odota en\u00e4\u00e4, vaan anna se lapsillesi! Kehit\u00e4 heid\u00e4n taitojaan k\u00e4yt\u00e4nn\u00f6n harjoitusten avulla ja her\u00e4t\u00e4 heid\u00e4n kiinnostuksensa oppimiseen! Tuotetiedot: V\u00e4ri: valkoinen, moniv\u00e4rinen Materiaalit: MDF-levyt, melamiiniviilu, PP-muovi Tuotteen koko: 85,2 x 29,5 x 83 cm (L x S x K)Paino: 10 kg Kunkin tason kantavuus: 5 kg Toimitus sis\u00e4lt\u00e4\u00e4: 1 x s\u00e4ilytyskaappi 1 x lis\u00e4varustepussi 1 x ohjeet (DE, EN, FR, ES, IT) SONGMICS Huomautukset: Ennen asennusta on suositeltavaa levitt\u00e4\u00e4 pakkauksessa olevaa laajenevaa polyeteenivaahtoa lattialle naarmujen v\u00e4ltt\u00e4miseksi. V\u00e4lt\u00e4 tuotteen suoraa kosketusta kovan lattian kanssa asennuksen aikana.<\/p>\n","protected":false},"excerpt":{"rendered":"<p>Vihdoin yhdistelm\u00e4 s\u00e4ilytyst\u00e4 ja oppimista! Oletko koskaan n\u00e4hnyt lasten s\u00e4ilytystelinett\u00e4, joka kannustaa sek\u00e4 s\u00e4ilytys- ett\u00e4 lukemiseen? T\u00e4m\u00e4n kirjojen ja lelujen s\u00e4ilytystelineen ansiosta sinun ei tarvitse jatkuvasti kehottaa lasta siivoamaan huoneensa. Lapset nauttivat huoneensa siivoamisesta, koska heid\u00e4n on paljon helpompi s\u00e4ilytt\u00e4\u00e4 kirjojaan, lelujaan, koulutarvikkeitaan ja muita tavaroitaan t\u00e4ss\u00e4 telineess\u00e4. Valmistettu MDF-levyist\u00e4 ja PP-muovilaatikoista, helppo puhdistaa ja [&hellip;]<\/p>\n","protected":false},"featured_media":0,"comment_status":"open","ping_status":"closed","template":"","meta":[],"product_brand":[],"product_cat":[32],"product_tag":[],"class_list":{"0":"post-30728","1":"product","2":"type-product","3":"status-publish","5":"product_cat-uncategorized-fi","7":"first","8":"instock","9":"shipping-taxable","10":"product-type-simple"},"_links":{"self":[{"href":"https:\/\/nordicmart.andreevmaster.com\/fi\/wp-json\/wp\/v2\/product\/30728","targetHints":{"allow":["GET"]}}],"collection":[{"href":"https:\/\/nordicmart.andreevmaster.com\/fi\/wp-json\/wp\/v2\/product"}],"about":[{"href":"https:\/\/nordicmart.andreevmaster.com\/fi\/wp-json\/wp\/v2\/types\/product"}],"replies":[{"embeddable":true,"href":"https:\/\/nordicmart.andreevmaster.com\/fi\/wp-json\/wp\/v2\/comments?post=30728"}],"wp:attachment":[{"href":"https:\/\/nordicmart.andreevmaster.com\/fi\/wp-json\/wp\/v2\/media?parent=30728"}],"wp:term":[{"taxonomy":"product_brand","embeddable":true,"href":"https:\/\/nordicmart.andreevmaster.com\/fi\/wp-json\/wp\/v2\/product_brand?post=30728"},{"taxonomy":"product_cat","embeddable":true,"href":"https:\/\/nordicmart.andreevmaster.com\/fi\/wp-json\/wp\/v2\/product_cat?post=30728"},{"taxonomy":"product_tag","embeddable":true,"href":"https:\/\/nordicmart.andreevmaster.com\/fi\/wp-json\/wp\/v2\/product_tag?post=30728"}],"curies":[{"name":"wp","href":"https:\/\/api.w.org\/{rel}","templated":true}]}}